{"id":12876,"date":"2017-02-03T15:24:28","date_gmt":"2017-02-03T14:24:28","guid":{"rendered":"http:\/\/www.hoteltrecolonne.it\/hotel\/"},"modified":"2018-05-21T17:29:41","modified_gmt":"2018-05-21T15:29:41","slug":"hotel","status":"publish","type":"page","link":"https:\/\/www.hoteltrecolonne.it\/de\/hotel\/","title":{"rendered":"Hotel"},"content":{"rendered":"<section class=\"wpb-content-wrapper\"><p>[vc_row full_screen_section_height=&#8220;no&#8220;][vc_column offset=&#8220;vc_col-lg-offset-1 vc_col-lg-10&#8243;][vc_column_text]Das Hotel Tre Colonne liegt im Zentrum von Marina di Campo, in der N\u00e4he eines der sch\u00f6nsten und weitl\u00e4ufigsten Sandstr\u00e4nden der Insel nur einen Steinwurf von der Strandpromenade, dem historischen Zentrum und dem Yachthafen entfernt.<\/p>\n<p>Das das Hotel famili\u00e4r gef\u00fchrt wird, ist ein weiterer Vorteil. So k\u00f6nnen die Besitzer mit Ihrer Gastfreundschaft in erster Linie die Bed\u00fcrfnisse der Kunden decken und ihnen eine unvergesslichen Urlaub bieten.<\/p>\n<p>All dies, kombiniert mit dem hohen Niveau der angebotenen Dienstleistungen, tr\u00e4gt dazu bei das Sie Ihren Urlaub auf Elba f\u00fcr immer in bester Erinnerung behalten k\u00f6nnen.[\/vc_column_text][vc_empty_space height=&#8220;50px&#8220;]<div class=\"qodef-image-gallery\">\n\t<div class=\"qodef-image-gallery-grid clearfix qodef-gallery-columns-5 \" >\n\t\t\t\t\t<div class=\"qodef-gallery-image\">\n\t\t\t\t\t\t\t\t\t<a itemprop=\"image\" href=\"https:\/\/www.hoteltrecolonne.it\/wp-content\/uploads\/gallery_esterni_new_02.jpg\" data-rel=\"prettyPhoto[single_pretty_photo]\" title=\"Hotel Tre Colonne\">\n\t\t\t\t\n\t\t\t\t\t\t\t\t\t\t\t<img loading=\"lazy\" decoding=\"async\" width=\"300\" height=\"196\" src=\"https:\/\/www.hoteltrecolonne.it\/wp-content\/uploads\/gallery_esterni_new_02-300x196.jpg\" class=\"attachment-medium size-medium\" alt=\"Hotel Tre Colonne\" srcset=\"https:\/\/www.hoteltrecolonne.it\/wp-content\/uploads\/gallery_esterni_new_02-300x196.jpg 300w, https:\/\/www.hoteltrecolonne.it\/wp-content\/uploads\/gallery_esterni_new_02-768x501.jpg 768w, https:\/\/www.hoteltrecolonne.it\/wp-content\/uploads\/gallery_esterni_new_02-1024x668.jpg 1024w, https:\/\/www.hoteltrecolonne.it\/wp-content\/uploads\/gallery_esterni_new_02.jpg 1200w\" sizes=\"auto, (max-width: 300px) 100vw, 300px\" \/>\t\t\t\t\t\n\t\t\t\t<\/a>\n\n\t\t\t<\/div>\n\t\t\t\t\t<div class=\"qodef-gallery-image\">\n\t\t\t\t\t\t\t\t\t<a itemprop=\"image\" href=\"https:\/\/www.hoteltrecolonne.it\/wp-content\/uploads\/gallery_esterni_new_03.jpg\" data-rel=\"prettyPhoto[single_pretty_photo]\" title=\"Hotel Tre Colonne\">\n\t\t\t\t\n\t\t\t\t\t\t\t\t\t\t\t<img loading=\"lazy\" decoding=\"async\" width=\"300\" height=\"196\" src=\"https:\/\/www.hoteltrecolonne.it\/wp-content\/uploads\/gallery_esterni_new_03-300x196.jpg\" class=\"attachment-medium size-medium\" alt=\"Hotel Tre Colonne\" srcset=\"https:\/\/www.hoteltrecolonne.it\/wp-content\/uploads\/gallery_esterni_new_03-300x196.jpg 300w, https:\/\/www.hoteltrecolonne.it\/wp-content\/uploads\/gallery_esterni_new_03-768x501.jpg 768w, https:\/\/www.hoteltrecolonne.it\/wp-content\/uploads\/gallery_esterni_new_03-1024x668.jpg 1024w, https:\/\/www.hoteltrecolonne.it\/wp-content\/uploads\/gallery_esterni_new_03.jpg 1200w\" sizes=\"auto, (max-width: 300px) 100vw, 300px\" \/>\t\t\t\t\t\n\t\t\t\t<\/a>\n\n\t\t\t<\/div>\n\t\t\t\t\t<div class=\"qodef-gallery-image\">\n\t\t\t\t\t\t\t\t\t<a itemprop=\"image\" href=\"https:\/\/www.hoteltrecolonne.it\/wp-content\/uploads\/gallery_esterni_new_04.jpg\" data-rel=\"prettyPhoto[single_pretty_photo]\" title=\"Hotel Tre Colonne\">\n\t\t\t\t\n\t\t\t\t\t\t\t\t\t\t\t<img loading=\"lazy\" decoding=\"async\" width=\"300\" height=\"196\" src=\"https:\/\/www.hoteltrecolonne.it\/wp-content\/uploads\/gallery_esterni_new_04-300x196.jpg\" class=\"attachment-medium size-medium\" alt=\"Hotel Tre Colonne\" srcset=\"https:\/\/www.hoteltrecolonne.it\/wp-content\/uploads\/gallery_esterni_new_04-300x196.jpg 300w, https:\/\/www.hoteltrecolonne.it\/wp-content\/uploads\/gallery_esterni_new_04-768x501.jpg 768w, https:\/\/www.hoteltrecolonne.it\/wp-content\/uploads\/gallery_esterni_new_04-1024x668.jpg 1024w, https:\/\/www.hoteltrecolonne.it\/wp-content\/uploads\/gallery_esterni_new_04.jpg 1200w\" sizes=\"auto, (max-width: 300px) 100vw, 300px\" \/>\t\t\t\t\t\n\t\t\t\t<\/a>\n\n\t\t\t<\/div>\n\t\t\t\t\t<div class=\"qodef-gallery-image\">\n\t\t\t\t\t\t\t\t\t<a itemprop=\"image\" href=\"https:\/\/www.hoteltrecolonne.it\/wp-content\/uploads\/gallery_esterni_new_07.jpg\" data-rel=\"prettyPhoto[single_pretty_photo]\" title=\"Hotel Tre Colonne\">\n\t\t\t\t\n\t\t\t\t\t\t\t\t\t\t\t<img loading=\"lazy\" decoding=\"async\" width=\"300\" height=\"196\" src=\"https:\/\/www.hoteltrecolonne.it\/wp-content\/uploads\/gallery_esterni_new_07-300x196.jpg\" class=\"attachment-medium size-medium\" alt=\"Hotel Tre Colonne\" srcset=\"https:\/\/www.hoteltrecolonne.it\/wp-content\/uploads\/gallery_esterni_new_07-300x196.jpg 300w, https:\/\/www.hoteltrecolonne.it\/wp-content\/uploads\/gallery_esterni_new_07-768x501.jpg 768w, https:\/\/www.hoteltrecolonne.it\/wp-content\/uploads\/gallery_esterni_new_07-1024x668.jpg 1024w, https:\/\/www.hoteltrecolonne.it\/wp-content\/uploads\/gallery_esterni_new_07.jpg 1200w\" sizes=\"auto, (max-width: 300px) 100vw, 300px\" \/>\t\t\t\t\t\n\t\t\t\t<\/a>\n\n\t\t\t<\/div>\n\t\t\t\t\t<div class=\"qodef-gallery-image\">\n\t\t\t\t\t\t\t\t\t<a itemprop=\"image\" href=\"https:\/\/www.hoteltrecolonne.it\/wp-content\/uploads\/gallery_esterni_new_01.jpg\" data-rel=\"prettyPhoto[single_pretty_photo]\" title=\"Hotel Tre Colonne\">\n\t\t\t\t\n\t\t\t\t\t\t\t\t\t\t\t<img loading=\"lazy\" decoding=\"async\" width=\"300\" height=\"196\" src=\"https:\/\/www.hoteltrecolonne.it\/wp-content\/uploads\/gallery_esterni_new_01-300x196.jpg\" class=\"attachment-medium size-medium\" alt=\"Hotel Tre Colonne\" srcset=\"https:\/\/www.hoteltrecolonne.it\/wp-content\/uploads\/gallery_esterni_new_01-300x196.jpg 300w, https:\/\/www.hoteltrecolonne.it\/wp-content\/uploads\/gallery_esterni_new_01-768x501.jpg 768w, https:\/\/www.hoteltrecolonne.it\/wp-content\/uploads\/gallery_esterni_new_01-1024x668.jpg 1024w, https:\/\/www.hoteltrecolonne.it\/wp-content\/uploads\/gallery_esterni_new_01.jpg 1200w\" sizes=\"auto, (max-width: 300px) 100vw, 300px\" \/>\t\t\t\t\t\n\t\t\t\t<\/a>\n\n\t\t\t<\/div>\n\t\t\t\t\t<div class=\"qodef-gallery-image\">\n\t\t\t\t\t\t\t\t\t<a itemprop=\"image\" href=\"https:\/\/www.hoteltrecolonne.it\/wp-content\/uploads\/gallery_esterni_10.jpg\" data-rel=\"prettyPhoto[single_pretty_photo]\" title=\"Hotel Tre Colonne\">\n\t\t\t\t\n\t\t\t\t\t\t\t\t\t\t\t<img loading=\"lazy\" decoding=\"async\" width=\"300\" height=\"196\" src=\"https:\/\/www.hoteltrecolonne.it\/wp-content\/uploads\/gallery_esterni_10-300x196.jpg\" class=\"attachment-medium size-medium\" alt=\"Hotel Tre Colonne\" srcset=\"https:\/\/www.hoteltrecolonne.it\/wp-content\/uploads\/gallery_esterni_10-300x196.jpg 300w, https:\/\/www.hoteltrecolonne.it\/wp-content\/uploads\/gallery_esterni_10-768x501.jpg 768w, https:\/\/www.hoteltrecolonne.it\/wp-content\/uploads\/gallery_esterni_10-1024x668.jpg 1024w, https:\/\/www.hoteltrecolonne.it\/wp-content\/uploads\/gallery_esterni_10.jpg 1200w\" sizes=\"auto, (max-width: 300px) 100vw, 300px\" \/>\t\t\t\t\t\n\t\t\t\t<\/a>\n\n\t\t\t<\/div>\n\t\t\t\t\t<div class=\"qodef-gallery-image\">\n\t\t\t\t\t\t\t\t\t<a itemprop=\"image\" href=\"https:\/\/www.hoteltrecolonne.it\/wp-content\/uploads\/gallery_esterni_04.jpg\" data-rel=\"prettyPhoto[single_pretty_photo]\" title=\"Hotel Tre Colonne\">\n\t\t\t\t\n\t\t\t\t\t\t\t\t\t\t\t<img loading=\"lazy\" decoding=\"async\" width=\"300\" height=\"196\" src=\"https:\/\/www.hoteltrecolonne.it\/wp-content\/uploads\/gallery_esterni_04-300x196.jpg\" class=\"attachment-medium size-medium\" alt=\"Hotel Tre Colonne\" srcset=\"https:\/\/www.hoteltrecolonne.it\/wp-content\/uploads\/gallery_esterni_04-300x196.jpg 300w, https:\/\/www.hoteltrecolonne.it\/wp-content\/uploads\/gallery_esterni_04-768x501.jpg 768w, https:\/\/www.hoteltrecolonne.it\/wp-content\/uploads\/gallery_esterni_04-1024x668.jpg 1024w, https:\/\/www.hoteltrecolonne.it\/wp-content\/uploads\/gallery_esterni_04.jpg 1200w\" sizes=\"auto, (max-width: 300px) 100vw, 300px\" \/>\t\t\t\t\t\n\t\t\t\t<\/a>\n\n\t\t\t<\/div>\n\t\t\t\t\t<div class=\"qodef-gallery-image\">\n\t\t\t\t\t\t\t\t\t<a itemprop=\"image\" href=\"https:\/\/www.hoteltrecolonne.it\/wp-content\/uploads\/gallery_esterni_new_06.jpg\" data-rel=\"prettyPhoto[single_pretty_photo]\" title=\"Hotel Tre Colonne\">\n\t\t\t\t\n\t\t\t\t\t\t\t\t\t\t\t<img loading=\"lazy\" decoding=\"async\" width=\"300\" height=\"196\" src=\"https:\/\/www.hoteltrecolonne.it\/wp-content\/uploads\/gallery_esterni_new_06-300x196.jpg\" class=\"attachment-medium size-medium\" alt=\"Hotel Tre Colonne\" srcset=\"https:\/\/www.hoteltrecolonne.it\/wp-content\/uploads\/gallery_esterni_new_06-300x196.jpg 300w, https:\/\/www.hoteltrecolonne.it\/wp-content\/uploads\/gallery_esterni_new_06-768x501.jpg 768w, https:\/\/www.hoteltrecolonne.it\/wp-content\/uploads\/gallery_esterni_new_06-1024x668.jpg 1024w, https:\/\/www.hoteltrecolonne.it\/wp-content\/uploads\/gallery_esterni_new_06.jpg 1200w\" sizes=\"auto, (max-width: 300px) 100vw, 300px\" \/>\t\t\t\t\t\n\t\t\t\t<\/a>\n\n\t\t\t<\/div>\n\t\t\t\t\t<div class=\"qodef-gallery-image\">\n\t\t\t\t\t\t\t\t\t<a itemprop=\"image\" href=\"https:\/\/www.hoteltrecolonne.it\/wp-content\/uploads\/gallery_esterni_08.jpg\" data-rel=\"prettyPhoto[single_pretty_photo]\" title=\"Hotel Tre Colonne\">\n\t\t\t\t\n\t\t\t\t\t\t\t\t\t\t\t<img loading=\"lazy\" decoding=\"async\" width=\"300\" height=\"196\" src=\"https:\/\/www.hoteltrecolonne.it\/wp-content\/uploads\/gallery_esterni_08-300x196.jpg\" class=\"attachment-medium size-medium\" alt=\"Hotel Tre Colonne\" srcset=\"https:\/\/www.hoteltrecolonne.it\/wp-content\/uploads\/gallery_esterni_08-300x196.jpg 300w, https:\/\/www.hoteltrecolonne.it\/wp-content\/uploads\/gallery_esterni_08-768x501.jpg 768w, https:\/\/www.hoteltrecolonne.it\/wp-content\/uploads\/gallery_esterni_08-1024x668.jpg 1024w, https:\/\/www.hoteltrecolonne.it\/wp-content\/uploads\/gallery_esterni_08.jpg 1200w\" sizes=\"auto, (max-width: 300px) 100vw, 300px\" \/>\t\t\t\t\t\n\t\t\t\t<\/a>\n\n\t\t\t<\/div>\n\t\t\t\t\t<div class=\"qodef-gallery-image\">\n\t\t\t\t\t\t\t\t\t<a itemprop=\"image\" href=\"https:\/\/www.hoteltrecolonne.it\/wp-content\/uploads\/gallery_esterni_03.jpg\" data-rel=\"prettyPhoto[single_pretty_photo]\" title=\"Hotel Tre Colonne\">\n\t\t\t\t\n\t\t\t\t\t\t\t\t\t\t\t<img loading=\"lazy\" decoding=\"async\" width=\"300\" height=\"196\" src=\"https:\/\/www.hoteltrecolonne.it\/wp-content\/uploads\/gallery_esterni_03-300x196.jpg\" class=\"attachment-medium size-medium\" alt=\"Hotel Tre Colonne\" srcset=\"https:\/\/www.hoteltrecolonne.it\/wp-content\/uploads\/gallery_esterni_03-300x196.jpg 300w, https:\/\/www.hoteltrecolonne.it\/wp-content\/uploads\/gallery_esterni_03-768x501.jpg 768w, https:\/\/www.hoteltrecolonne.it\/wp-content\/uploads\/gallery_esterni_03-1024x668.jpg 1024w, https:\/\/www.hoteltrecolonne.it\/wp-content\/uploads\/gallery_esterni_03.jpg 1200w\" sizes=\"auto, (max-width: 300px) 100vw, 300px\" \/>\t\t\t\t\t\n\t\t\t\t<\/a>\n\n\t\t\t<\/div>\n\t\t\t<\/div>\n<\/div>[\/vc_column][\/vc_row]<\/p>\n<\/section>","protected":false},"excerpt":{"rendered":"<p>[vc_row full_screen_section_height=&#8220;no&#8220;][vc_column offset=&#8220;vc_col-lg-offset-1 vc_col-lg-10&#8243;][vc_column_text]Das Hotel Tre Colonne liegt im Zentrum von Marina di Campo, in der N\u00e4he eines der sch\u00f6nsten und weitl\u00e4ufigsten Sandstr\u00e4nden der Insel nur einen Steinwurf von der Strandpromenade, dem historischen Zentrum und dem Yachthafen entfernt. Das das Hotel famili\u00e4r gef\u00fchrt wird, ist&#8230;<\/p>\n","protected":false},"author":1,"featured_media":0,"parent":0,"menu_order":1,"comment_status":"closed","ping_status":"closed","template":"","meta":{"footnotes":""},"class_list":["post-12876","page","type-page","status-publish","hentry"],"yoast_head":"<!-- This site is optimized with the Yoast SEO plugin v24.4 - https:\/\/yoast.com\/wordpress\/plugins\/seo\/ -->\n<title>Das Hotel Tre Colonne, Marina di Campo, Insel Elba<\/title>\n<meta name=\"description\" content=\"Das Hotel liegt im Zentrum von Marina di Campo, in der N\u00e4he eines der sch\u00f6nsten Sandstr\u00e4nden der Insel nur einen Steinwurf von der Strandpromenade.\" \/>\n<meta name=\"robots\" content=\"index, follow, max-snippet:-1, max-image-preview:large, max-video-preview:-1\" \/>\n<link rel=\"canonical\" href=\"https:\/\/www.hoteltrecolonne.it\/de\/hotel\/\" \/>\n<meta property=\"og:locale\" content=\"de_DE\" \/>\n<meta property=\"og:type\" content=\"article\" \/>\n<meta property=\"og:title\" content=\"Das Hotel Tre Colonne, Marina di Campo, Insel Elba\" \/>\n<meta property=\"og:description\" content=\"Das Hotel liegt im Zentrum von Marina di Campo, in der N\u00e4he eines der sch\u00f6nsten Sandstr\u00e4nden der Insel nur einen Steinwurf von der Strandpromenade.\" \/>\n<meta property=\"og:url\" content=\"https:\/\/www.hoteltrecolonne.it\/de\/hotel\/\" \/>\n<meta property=\"og:site_name\" content=\"Hotel Tre Colonne\" \/>\n<meta property=\"article:modified_time\" content=\"2018-05-21T15:29:41+00:00\" \/>\n<meta name=\"twitter:card\" content=\"summary_large_image\" \/>\n<meta name=\"twitter:label1\" content=\"Gesch\u00e4tzte Lesezeit\" \/>\n\t<meta name=\"twitter:data1\" content=\"1\u00a0Minute\" \/>\n<script type=\"application\/ld+json\" class=\"yoast-schema-graph\">{\"@context\":\"https:\/\/schema.org\",\"@graph\":[{\"@type\":\"WebPage\",\"@id\":\"https:\/\/www.hoteltrecolonne.it\/de\/hotel\/\",\"url\":\"https:\/\/www.hoteltrecolonne.it\/de\/hotel\/\",\"name\":\"Das Hotel Tre Colonne, Marina di Campo, Insel Elba\",\"isPartOf\":{\"@id\":\"https:\/\/www.hoteltrecolonne.it\/#website\"},\"datePublished\":\"2017-02-03T14:24:28+00:00\",\"dateModified\":\"2018-05-21T15:29:41+00:00\",\"description\":\"Das Hotel liegt im Zentrum von Marina di Campo, in der N\u00e4he eines der sch\u00f6nsten Sandstr\u00e4nden der Insel nur einen Steinwurf von der Strandpromenade.\",\"breadcrumb\":{\"@id\":\"https:\/\/www.hoteltrecolonne.it\/de\/hotel\/#breadcrumb\"},\"inLanguage\":\"de\",\"potentialAction\":[{\"@type\":\"ReadAction\",\"target\":[\"https:\/\/www.hoteltrecolonne.it\/de\/hotel\/\"]}]},{\"@type\":\"BreadcrumbList\",\"@id\":\"https:\/\/www.hoteltrecolonne.it\/de\/hotel\/#breadcrumb\",\"itemListElement\":[{\"@type\":\"ListItem\",\"position\":1,\"name\":\"Home\",\"item\":\"https:\/\/www.hoteltrecolonne.it\/de\/\"},{\"@type\":\"ListItem\",\"position\":2,\"name\":\"Hotel\"}]},{\"@type\":\"WebSite\",\"@id\":\"https:\/\/www.hoteltrecolonne.it\/#website\",\"url\":\"https:\/\/www.hoteltrecolonne.it\/\",\"name\":\"Hotel Tre Colonne\",\"description\":\"Hotel 3 stelle a Marina di Campo\",\"potentialAction\":[{\"@type\":\"SearchAction\",\"target\":{\"@type\":\"EntryPoint\",\"urlTemplate\":\"https:\/\/www.hoteltrecolonne.it\/?s={search_term_string}\"},\"query-input\":{\"@type\":\"PropertyValueSpecification\",\"valueRequired\":true,\"valueName\":\"search_term_string\"}}],\"inLanguage\":\"de\"}]}<\/script>\n<!-- \/ Yoast SEO plugin. -->","yoast_head_json":{"title":"Das Hotel Tre Colonne, Marina di Campo, Insel Elba","description":"Das Hotel liegt im Zentrum von Marina di Campo, in der N\u00e4he eines der sch\u00f6nsten Sandstr\u00e4nden der Insel nur einen Steinwurf von der Strandpromenade.","robots":{"index":"index","follow":"follow","max-snippet":"max-snippet:-1","max-image-preview":"max-image-preview:large","max-video-preview":"max-video-preview:-1"},"canonical":"https:\/\/www.hoteltrecolonne.it\/de\/hotel\/","og_locale":"de_DE","og_type":"article","og_title":"Das Hotel Tre Colonne, Marina di Campo, Insel Elba","og_description":"Das Hotel liegt im Zentrum von Marina di Campo, in der N\u00e4he eines der sch\u00f6nsten Sandstr\u00e4nden der Insel nur einen Steinwurf von der Strandpromenade.","og_url":"https:\/\/www.hoteltrecolonne.it\/de\/hotel\/","og_site_name":"Hotel Tre Colonne","article_modified_time":"2018-05-21T15:29:41+00:00","twitter_card":"summary_large_image","twitter_misc":{"Gesch\u00e4tzte Lesezeit":"1\u00a0Minute"},"schema":{"@context":"https:\/\/schema.org","@graph":[{"@type":"WebPage","@id":"https:\/\/www.hoteltrecolonne.it\/de\/hotel\/","url":"https:\/\/www.hoteltrecolonne.it\/de\/hotel\/","name":"Das Hotel Tre Colonne, Marina di Campo, Insel Elba","isPartOf":{"@id":"https:\/\/www.hoteltrecolonne.it\/#website"},"datePublished":"2017-02-03T14:24:28+00:00","dateModified":"2018-05-21T15:29:41+00:00","description":"Das Hotel liegt im Zentrum von Marina di Campo, in der N\u00e4he eines der sch\u00f6nsten Sandstr\u00e4nden der Insel nur einen Steinwurf von der Strandpromenade.","breadcrumb":{"@id":"https:\/\/www.hoteltrecolonne.it\/de\/hotel\/#breadcrumb"},"inLanguage":"de","potentialAction":[{"@type":"ReadAction","target":["https:\/\/www.hoteltrecolonne.it\/de\/hotel\/"]}]},{"@type":"BreadcrumbList","@id":"https:\/\/www.hoteltrecolonne.it\/de\/hotel\/#breadcrumb","itemListElement":[{"@type":"ListItem","position":1,"name":"Home","item":"https:\/\/www.hoteltrecolonne.it\/de\/"},{"@type":"ListItem","position":2,"name":"Hotel"}]},{"@type":"WebSite","@id":"https:\/\/www.hoteltrecolonne.it\/#website","url":"https:\/\/www.hoteltrecolonne.it\/","name":"Hotel Tre Colonne","description":"Hotel 3 stelle a Marina di Campo","potentialAction":[{"@type":"SearchAction","target":{"@type":"EntryPoint","urlTemplate":"https:\/\/www.hoteltrecolonne.it\/?s={search_term_string}"},"query-input":{"@type":"PropertyValueSpecification","valueRequired":true,"valueName":"search_term_string"}}],"inLanguage":"de"}]}},"_links":{"self":[{"href":"https:\/\/www.hoteltrecolonne.it\/de\/wp-json\/wp\/v2\/pages\/12876","targetHints":{"allow":["GET"]}}],"collection":[{"href":"https:\/\/www.hoteltrecolonne.it\/de\/wp-json\/wp\/v2\/pages"}],"about":[{"href":"https:\/\/www.hoteltrecolonne.it\/de\/wp-json\/wp\/v2\/types\/page"}],"author":[{"embeddable":true,"href":"https:\/\/www.hoteltrecolonne.it\/de\/wp-json\/wp\/v2\/users\/1"}],"replies":[{"embeddable":true,"href":"https:\/\/www.hoteltrecolonne.it\/de\/wp-json\/wp\/v2\/comments?post=12876"}],"version-history":[{"count":3,"href":"https:\/\/www.hoteltrecolonne.it\/de\/wp-json\/wp\/v2\/pages\/12876\/revisions"}],"predecessor-version":[{"id":13111,"href":"https:\/\/www.hoteltrecolonne.it\/de\/wp-json\/wp\/v2\/pages\/12876\/revisions\/13111"}],"wp:attachment":[{"href":"https:\/\/www.hoteltrecolonne.it\/de\/wp-json\/wp\/v2\/media?parent=12876"}],"curies":[{"name":"wp","href":"https:\/\/api.w.org\/{rel}","templated":true}]}}