{"id":12883,"date":"2017-02-03T15:24:50","date_gmt":"2017-02-03T14:24:50","guid":{"rendered":"http:\/\/www.hoteltrecolonne.it\/hotel\/camere\/"},"modified":"2017-04-04T17:40:59","modified_gmt":"2017-04-04T15:40:59","slug":"zimmer","status":"publish","type":"page","link":"https:\/\/www.hoteltrecolonne.it\/de\/hotel\/zimmer\/","title":{"rendered":"Zimmer"},"content":{"rendered":"<section class=\"wpb-content-wrapper\"><p>[vc_row full_screen_section_height=&#8220;no&#8220;][vc_column offset=&#8220;vc_col-lg-offset-1 vc_col-lg-10&#8243;][vc_column_text]Die Hotelzimmer empfangen Sie mit einem ruhigen Ambiente, welches Sie am Ende eines sch\u00f6nen Tages am Strand oder von einer der zahlreichen Ausfl\u00fcge, welche Elba zu bieten hat, erholen l\u00e4sst.<\/p>\n<p>Die Zimmer sind komfortabel und ger\u00e4umig, als Einzel- oder Doppelzimmer erh\u00e4ltlich, mit der M\u00f6glichkeit ein drittes Bett hinzuzuf\u00fcgen.<\/p>\n<p>Im Erdgeschoss befinden sich vier Zimmer, welche \u00fcber einen Platz im Freien verf\u00fcgen, w\u00e4hrend die restlichen mit einem Balkon ausgestattet sind.<\/p>\n<p>Das Hotel Tre Colonne verf\u00fcgt au\u00dferdem \u00fcber zwei Suiten, ideal f\u00fcr Familien mit 4 Personen, bestehend aus zwei Zimmern, Flur mit Bad. Alle sind mit eigenem Eingang.<br \/>\nJedes Zimmer verf\u00fcgt \u00fcber ein eigenes Bad mit Haartrockner, Telefon, individuell regulierbare Klimaanlage, Minibar, Sat-TV, Safe und Heizung.[\/vc_column_text][vc_empty_space height=&#8220;50px&#8220;]<div class=\"qodef-image-gallery\">\n\t<div class=\"qodef-image-gallery-grid clearfix qodef-gallery-columns-5 \" >\n\t\t\t\t\t<div class=\"qodef-gallery-image\">\n\t\t\t\t\t\t\t\t\t<a itemprop=\"image\" href=\"https:\/\/www.hoteltrecolonne.it\/wp-content\/uploads\/gallery_camere_01.jpg\" data-rel=\"prettyPhoto[single_pretty_photo]\" title=\"Camere Hotel Tre Colonne\">\n\t\t\t\t\n\t\t\t\t\t\t\t\t\t\t\t<img loading=\"lazy\" decoding=\"async\" width=\"300\" height=\"196\" src=\"https:\/\/www.hoteltrecolonne.it\/wp-content\/uploads\/gallery_camere_01-300x196.jpg\" class=\"attachment-medium size-medium\" alt=\"Camere Hotel Tre Colonne\" srcset=\"https:\/\/www.hoteltrecolonne.it\/wp-content\/uploads\/gallery_camere_01-300x196.jpg 300w, https:\/\/www.hoteltrecolonne.it\/wp-content\/uploads\/gallery_camere_01-768x501.jpg 768w, https:\/\/www.hoteltrecolonne.it\/wp-content\/uploads\/gallery_camere_01-1024x668.jpg 1024w, https:\/\/www.hoteltrecolonne.it\/wp-content\/uploads\/gallery_camere_01.jpg 1200w\" sizes=\"auto, (max-width: 300px) 100vw, 300px\" \/>\t\t\t\t\t\n\t\t\t\t<\/a>\n\n\t\t\t<\/div>\n\t\t\t\t\t<div class=\"qodef-gallery-image\">\n\t\t\t\t\t\t\t\t\t<a itemprop=\"image\" href=\"https:\/\/www.hoteltrecolonne.it\/wp-content\/uploads\/gallery_camere_03.jpg\" data-rel=\"prettyPhoto[single_pretty_photo]\" title=\"Camere Hotel Tre Colonne\">\n\t\t\t\t\n\t\t\t\t\t\t\t\t\t\t\t<img loading=\"lazy\" decoding=\"async\" width=\"300\" height=\"196\" src=\"https:\/\/www.hoteltrecolonne.it\/wp-content\/uploads\/gallery_camere_03-300x196.jpg\" class=\"attachment-medium size-medium\" alt=\"Camere Hotel Tre Colonne\" srcset=\"https:\/\/www.hoteltrecolonne.it\/wp-content\/uploads\/gallery_camere_03-300x196.jpg 300w, https:\/\/www.hoteltrecolonne.it\/wp-content\/uploads\/gallery_camere_03-768x501.jpg 768w, https:\/\/www.hoteltrecolonne.it\/wp-content\/uploads\/gallery_camere_03-1024x668.jpg 1024w, https:\/\/www.hoteltrecolonne.it\/wp-content\/uploads\/gallery_camere_03.jpg 1200w\" sizes=\"auto, (max-width: 300px) 100vw, 300px\" \/>\t\t\t\t\t\n\t\t\t\t<\/a>\n\n\t\t\t<\/div>\n\t\t\t\t\t<div class=\"qodef-gallery-image\">\n\t\t\t\t\t\t\t\t\t<a itemprop=\"image\" href=\"https:\/\/www.hoteltrecolonne.it\/wp-content\/uploads\/gallery_camere_02.jpg\" data-rel=\"prettyPhoto[single_pretty_photo]\" title=\"Camere Hotel Tre Colonne\">\n\t\t\t\t\n\t\t\t\t\t\t\t\t\t\t\t<img loading=\"lazy\" decoding=\"async\" width=\"300\" height=\"196\" src=\"https:\/\/www.hoteltrecolonne.it\/wp-content\/uploads\/gallery_camere_02-300x196.jpg\" class=\"attachment-medium size-medium\" alt=\"Camere Hotel Tre Colonne\" srcset=\"https:\/\/www.hoteltrecolonne.it\/wp-content\/uploads\/gallery_camere_02-300x196.jpg 300w, https:\/\/www.hoteltrecolonne.it\/wp-content\/uploads\/gallery_camere_02-768x501.jpg 768w, https:\/\/www.hoteltrecolonne.it\/wp-content\/uploads\/gallery_camere_02-1024x668.jpg 1024w, https:\/\/www.hoteltrecolonne.it\/wp-content\/uploads\/gallery_camere_02.jpg 1200w\" sizes=\"auto, (max-width: 300px) 100vw, 300px\" \/>\t\t\t\t\t\n\t\t\t\t<\/a>\n\n\t\t\t<\/div>\n\t\t\t\t\t<div class=\"qodef-gallery-image\">\n\t\t\t\t\t\t\t\t\t<a itemprop=\"image\" href=\"https:\/\/www.hoteltrecolonne.it\/wp-content\/uploads\/gallery_camere_04.jpg\" data-rel=\"prettyPhoto[single_pretty_photo]\" title=\"Camere Hotel Tre Colonne\">\n\t\t\t\t\n\t\t\t\t\t\t\t\t\t\t\t<img loading=\"lazy\" decoding=\"async\" width=\"300\" height=\"200\" src=\"https:\/\/www.hoteltrecolonne.it\/wp-content\/uploads\/gallery_camere_04-300x200.jpg\" class=\"attachment-medium size-medium\" alt=\"Camere Hotel Tre Colonne\" srcset=\"https:\/\/www.hoteltrecolonne.it\/wp-content\/uploads\/gallery_camere_04-300x200.jpg 300w, https:\/\/www.hoteltrecolonne.it\/wp-content\/uploads\/gallery_camere_04-768x512.jpg 768w, https:\/\/www.hoteltrecolonne.it\/wp-content\/uploads\/gallery_camere_04-1024x683.jpg 1024w, https:\/\/www.hoteltrecolonne.it\/wp-content\/uploads\/gallery_camere_04.jpg 1200w\" sizes=\"auto, (max-width: 300px) 100vw, 300px\" \/>\t\t\t\t\t\n\t\t\t\t<\/a>\n\n\t\t\t<\/div>\n\t\t\t\t\t<div class=\"qodef-gallery-image\">\n\t\t\t\t\t\t\t\t\t<a itemprop=\"image\" href=\"https:\/\/www.hoteltrecolonne.it\/wp-content\/uploads\/gallery_camere_05.jpg\" data-rel=\"prettyPhoto[single_pretty_photo]\" title=\"Camere Hotel Tre Colonne\">\n\t\t\t\t\n\t\t\t\t\t\t\t\t\t\t\t<img loading=\"lazy\" decoding=\"async\" width=\"300\" height=\"200\" src=\"https:\/\/www.hoteltrecolonne.it\/wp-content\/uploads\/gallery_camere_05-300x200.jpg\" class=\"attachment-medium size-medium\" alt=\"Camere Hotel Tre Colonne\" srcset=\"https:\/\/www.hoteltrecolonne.it\/wp-content\/uploads\/gallery_camere_05-300x200.jpg 300w, https:\/\/www.hoteltrecolonne.it\/wp-content\/uploads\/gallery_camere_05-768x512.jpg 768w, https:\/\/www.hoteltrecolonne.it\/wp-content\/uploads\/gallery_camere_05-1024x683.jpg 1024w, https:\/\/www.hoteltrecolonne.it\/wp-content\/uploads\/gallery_camere_05.jpg 1200w\" sizes=\"auto, (max-width: 300px) 100vw, 300px\" \/>\t\t\t\t\t\n\t\t\t\t<\/a>\n\n\t\t\t<\/div>\n\t\t\t<\/div>\n<\/div>[\/vc_column][\/vc_row]<\/p>\n<\/section>","protected":false},"excerpt":{"rendered":"<p>[vc_row full_screen_section_height=&#8220;no&#8220;][vc_column offset=&#8220;vc_col-lg-offset-1 vc_col-lg-10&#8243;][vc_column_text]Die Hotelzimmer empfangen Sie mit einem ruhigen Ambiente, welches Sie am Ende eines sch\u00f6nen Tages am Strand oder von einer der zahlreichen Ausfl\u00fcge, welche Elba zu bieten hat, erholen l\u00e4sst. Die Zimmer sind komfortabel und ger\u00e4umig, als Einzel- oder Doppelzimmer erh\u00e4ltlich, mit&#8230;<\/p>\n","protected":false},"author":1,"featured_media":0,"parent":12876,"menu_order":1,"comment_status":"closed","ping_status":"closed","template":"","meta":{"footnotes":""},"class_list":["post-12883","page","type-page","status-publish","hentry"],"yoast_head":"<!-- This site is optimized with the Yoast SEO plugin v24.4 - https:\/\/yoast.com\/wordpress\/plugins\/seo\/ -->\n<title>Zimmer von Hotel Tre Colonne, Marina di Campo, Insel Elba<\/title>\n<meta name=\"description\" content=\"Die Zimmer sind komfortabel und ger\u00e4umig, als Einzel- oder Doppelzimmer erh\u00e4ltlich, mit der M\u00f6glichkeit ein drittes Bett hinzuzuf\u00fcgen.\" \/>\n<meta name=\"robots\" content=\"index, follow, max-snippet:-1, max-image-preview:large, max-video-preview:-1\" \/>\n<link rel=\"canonical\" href=\"https:\/\/www.hoteltrecolonne.it\/de\/hotel\/zimmer\/\" \/>\n<meta property=\"og:locale\" content=\"de_DE\" \/>\n<meta property=\"og:type\" content=\"article\" \/>\n<meta property=\"og:title\" content=\"Zimmer von Hotel Tre Colonne, Marina di Campo, Insel Elba\" \/>\n<meta property=\"og:description\" content=\"Die Zimmer sind komfortabel und ger\u00e4umig, als Einzel- oder Doppelzimmer erh\u00e4ltlich, mit der M\u00f6glichkeit ein drittes Bett hinzuzuf\u00fcgen.\" \/>\n<meta property=\"og:url\" content=\"https:\/\/www.hoteltrecolonne.it\/de\/hotel\/zimmer\/\" \/>\n<meta property=\"og:site_name\" content=\"Hotel Tre Colonne\" \/>\n<meta property=\"article:modified_time\" content=\"2017-04-04T15:40:59+00:00\" \/>\n<meta name=\"twitter:card\" content=\"summary_large_image\" \/>\n<meta name=\"twitter:label1\" content=\"Gesch\u00e4tzte Lesezeit\" \/>\n\t<meta name=\"twitter:data1\" content=\"1\u00a0Minute\" \/>\n<script type=\"application\/ld+json\" class=\"yoast-schema-graph\">{\"@context\":\"https:\/\/schema.org\",\"@graph\":[{\"@type\":\"WebPage\",\"@id\":\"https:\/\/www.hoteltrecolonne.it\/de\/hotel\/zimmer\/\",\"url\":\"https:\/\/www.hoteltrecolonne.it\/de\/hotel\/zimmer\/\",\"name\":\"Zimmer von Hotel Tre Colonne, Marina di Campo, Insel Elba\",\"isPartOf\":{\"@id\":\"https:\/\/www.hoteltrecolonne.it\/#website\"},\"datePublished\":\"2017-02-03T14:24:50+00:00\",\"dateModified\":\"2017-04-04T15:40:59+00:00\",\"description\":\"Die Zimmer sind komfortabel und ger\u00e4umig, als Einzel- oder Doppelzimmer erh\u00e4ltlich, mit der M\u00f6glichkeit ein drittes Bett hinzuzuf\u00fcgen.\",\"breadcrumb\":{\"@id\":\"https:\/\/www.hoteltrecolonne.it\/de\/hotel\/zimmer\/#breadcrumb\"},\"inLanguage\":\"de\",\"potentialAction\":[{\"@type\":\"ReadAction\",\"target\":[\"https:\/\/www.hoteltrecolonne.it\/de\/hotel\/zimmer\/\"]}]},{\"@type\":\"BreadcrumbList\",\"@id\":\"https:\/\/www.hoteltrecolonne.it\/de\/hotel\/zimmer\/#breadcrumb\",\"itemListElement\":[{\"@type\":\"ListItem\",\"position\":1,\"name\":\"Home\",\"item\":\"https:\/\/www.hoteltrecolonne.it\/de\/\"},{\"@type\":\"ListItem\",\"position\":2,\"name\":\"Hotel\",\"item\":\"https:\/\/www.hoteltrecolonne.it\/de\/hotel\/\"},{\"@type\":\"ListItem\",\"position\":3,\"name\":\"Zimmer\"}]},{\"@type\":\"WebSite\",\"@id\":\"https:\/\/www.hoteltrecolonne.it\/#website\",\"url\":\"https:\/\/www.hoteltrecolonne.it\/\",\"name\":\"Hotel Tre Colonne\",\"description\":\"Hotel 3 stelle a Marina di Campo\",\"potentialAction\":[{\"@type\":\"SearchAction\",\"target\":{\"@type\":\"EntryPoint\",\"urlTemplate\":\"https:\/\/www.hoteltrecolonne.it\/?s={search_term_string}\"},\"query-input\":{\"@type\":\"PropertyValueSpecification\",\"valueRequired\":true,\"valueName\":\"search_term_string\"}}],\"inLanguage\":\"de\"}]}<\/script>\n<!-- \/ Yoast SEO plugin. -->","yoast_head_json":{"title":"Zimmer von Hotel Tre Colonne, Marina di Campo, Insel Elba","description":"Die Zimmer sind komfortabel und ger\u00e4umig, als Einzel- oder Doppelzimmer erh\u00e4ltlich, mit der M\u00f6glichkeit ein drittes Bett hinzuzuf\u00fcgen.","robots":{"index":"index","follow":"follow","max-snippet":"max-snippet:-1","max-image-preview":"max-image-preview:large","max-video-preview":"max-video-preview:-1"},"canonical":"https:\/\/www.hoteltrecolonne.it\/de\/hotel\/zimmer\/","og_locale":"de_DE","og_type":"article","og_title":"Zimmer von Hotel Tre Colonne, Marina di Campo, Insel Elba","og_description":"Die Zimmer sind komfortabel und ger\u00e4umig, als Einzel- oder Doppelzimmer erh\u00e4ltlich, mit der M\u00f6glichkeit ein drittes Bett hinzuzuf\u00fcgen.","og_url":"https:\/\/www.hoteltrecolonne.it\/de\/hotel\/zimmer\/","og_site_name":"Hotel Tre Colonne","article_modified_time":"2017-04-04T15:40:59+00:00","twitter_card":"summary_large_image","twitter_misc":{"Gesch\u00e4tzte Lesezeit":"1\u00a0Minute"},"schema":{"@context":"https:\/\/schema.org","@graph":[{"@type":"WebPage","@id":"https:\/\/www.hoteltrecolonne.it\/de\/hotel\/zimmer\/","url":"https:\/\/www.hoteltrecolonne.it\/de\/hotel\/zimmer\/","name":"Zimmer von Hotel Tre Colonne, Marina di Campo, Insel Elba","isPartOf":{"@id":"https:\/\/www.hoteltrecolonne.it\/#website"},"datePublished":"2017-02-03T14:24:50+00:00","dateModified":"2017-04-04T15:40:59+00:00","description":"Die Zimmer sind komfortabel und ger\u00e4umig, als Einzel- oder Doppelzimmer erh\u00e4ltlich, mit der M\u00f6glichkeit ein drittes Bett hinzuzuf\u00fcgen.","breadcrumb":{"@id":"https:\/\/www.hoteltrecolonne.it\/de\/hotel\/zimmer\/#breadcrumb"},"inLanguage":"de","potentialAction":[{"@type":"ReadAction","target":["https:\/\/www.hoteltrecolonne.it\/de\/hotel\/zimmer\/"]}]},{"@type":"BreadcrumbList","@id":"https:\/\/www.hoteltrecolonne.it\/de\/hotel\/zimmer\/#breadcrumb","itemListElement":[{"@type":"ListItem","position":1,"name":"Home","item":"https:\/\/www.hoteltrecolonne.it\/de\/"},{"@type":"ListItem","position":2,"name":"Hotel","item":"https:\/\/www.hoteltrecolonne.it\/de\/hotel\/"},{"@type":"ListItem","position":3,"name":"Zimmer"}]},{"@type":"WebSite","@id":"https:\/\/www.hoteltrecolonne.it\/#website","url":"https:\/\/www.hoteltrecolonne.it\/","name":"Hotel Tre Colonne","description":"Hotel 3 stelle a Marina di Campo","potentialAction":[{"@type":"SearchAction","target":{"@type":"EntryPoint","urlTemplate":"https:\/\/www.hoteltrecolonne.it\/?s={search_term_string}"},"query-input":{"@type":"PropertyValueSpecification","valueRequired":true,"valueName":"search_term_string"}}],"inLanguage":"de"}]}},"_links":{"self":[{"href":"https:\/\/www.hoteltrecolonne.it\/de\/wp-json\/wp\/v2\/pages\/12883","targetHints":{"allow":["GET"]}}],"collection":[{"href":"https:\/\/www.hoteltrecolonne.it\/de\/wp-json\/wp\/v2\/pages"}],"about":[{"href":"https:\/\/www.hoteltrecolonne.it\/de\/wp-json\/wp\/v2\/types\/page"}],"author":[{"embeddable":true,"href":"https:\/\/www.hoteltrecolonne.it\/de\/wp-json\/wp\/v2\/users\/1"}],"replies":[{"embeddable":true,"href":"https:\/\/www.hoteltrecolonne.it\/de\/wp-json\/wp\/v2\/comments?post=12883"}],"version-history":[{"count":2,"href":"https:\/\/www.hoteltrecolonne.it\/de\/wp-json\/wp\/v2\/pages\/12883\/revisions"}],"predecessor-version":[{"id":12885,"href":"https:\/\/www.hoteltrecolonne.it\/de\/wp-json\/wp\/v2\/pages\/12883\/revisions\/12885"}],"up":[{"embeddable":true,"href":"https:\/\/www.hoteltrecolonne.it\/de\/wp-json\/wp\/v2\/pages\/12876"}],"wp:attachment":[{"href":"https:\/\/www.hoteltrecolonne.it\/de\/wp-json\/wp\/v2\/media?parent=12883"}],"curies":[{"name":"wp","href":"https:\/\/api.w.org\/{rel}","templated":true}]}}