{"id":12891,"date":"2017-02-03T15:25:19","date_gmt":"2017-02-03T14:25:19","guid":{"rendered":"http:\/\/www.hoteltrecolonne.it\/hotel\/ristorante\/"},"modified":"2025-02-10T12:28:32","modified_gmt":"2025-02-10T11:28:32","slug":"ristorante","status":"publish","type":"page","link":"https:\/\/www.hoteltrecolonne.it\/de\/hotel\/ristorante\/","title":{"rendered":"Restaurant"},"content":{"rendered":"<section class=\"wpb-content-wrapper\"><p>[vc_row full_screen_section_height=&#8220;no&#8220;][vc_column offset=&#8220;vc_col-lg-offset-1 vc_col-lg-10&#8243;][vc_column_text]Der Restaurant-Service wird vor allem durch die Besitzer und das Personal (inzwischen Teil der &#8222;Familie&#8220; des Hotels), bietet im Men\u00fc auch Fisch und Meeresfr\u00fcchte-Spezialit\u00e4ten nach typisch Elbanischen Rezepten zubereitet, sowohl Mittags als auch Abendessen.<\/p>\n<p>Ob Hotelg\u00e4ste oder Laufkundschaft, k\u00f6nnen nicht anders und werden zur\u00fcckkommen um unsere K\u00f6stlichkeiten zu genie\u00dfen, unter welche Sie folgendes im Men\u00fc finden werden:<\/p>\n<ul>\n<li>Penne mit Meeresfr\u00fcchten<\/li>\n<li>Scialatielli zubereitet nach Inselart<\/li>\n<li>Nudeln an schwarzer Tintenfisch-Sauce mit Muscheln<\/li>\n<li>Risotto mit k\u00f6stlichen Meeresfr\u00fcchten<\/li>\n<li>Nudeln mit Seeigel<\/li>\n<li>Cavatelli scaccia pensieri<\/li>\n<li>Fusilli alternative<\/li>\n<li>Gro\u00dfer Teller mit Frittiertem nach Elbanischer Art<\/li>\n<li>Gegrillte Schwertfischsteaks, \u201cDentice\u201e oder Thunfisch<\/li>\n<li>Tintenfisch vom Riff nach J\u00e4ger Art<\/li>\n<li>Filet San Pietro nach Sommer Art<\/li>\n<\/ul>\n<p>Eines der wichtigsten Gerichte, welches die K\u00fcche empfiehlt, sind die ber\u00fchmten gr\u00fcnen Gnocchi, von Hand gemacht und nach einem alten Familienrezept zubereitet.<\/p>\n<p>Die <strong>Express-K\u00fcche<\/strong>, fachm\u00e4nnisch organisiert, sind wir in der Lage, auch den anspruchsvollsten Gaumen zu befriedigen, wo Qualit\u00e4t und H\u00f6flichkeit t\u00e4glich auf der Speisekarte steht.[\/vc_column_text][vc_empty_space height=&#8220;50px&#8220;]<div class=\"qodef-image-gallery\">\n\t<div class=\"qodef-image-gallery-grid clearfix qodef-gallery-columns-5 \" >\n\t\t\t\t\t<div class=\"qodef-gallery-image\">\n\t\t\t\t\t\t\t\t\t<a itemprop=\"image\" href=\"https:\/\/www.hoteltrecolonne.it\/wp-content\/uploads\/gallery_sala_04.jpg\" data-rel=\"prettyPhoto[single_pretty_photo]\" title=\"Sala Hotel Tre Colonne\">\n\t\t\t\t\n\t\t\t\t\t\t\t\t\t\t\t<img loading=\"lazy\" decoding=\"async\" width=\"300\" height=\"196\" src=\"https:\/\/www.hoteltrecolonne.it\/wp-content\/uploads\/gallery_sala_04-300x196.jpg\" class=\"attachment-medium size-medium\" alt=\"Sala Hotel Tre Colonne\" srcset=\"https:\/\/www.hoteltrecolonne.it\/wp-content\/uploads\/gallery_sala_04-300x196.jpg 300w, https:\/\/www.hoteltrecolonne.it\/wp-content\/uploads\/gallery_sala_04-768x501.jpg 768w, https:\/\/www.hoteltrecolonne.it\/wp-content\/uploads\/gallery_sala_04-1024x668.jpg 1024w, https:\/\/www.hoteltrecolonne.it\/wp-content\/uploads\/gallery_sala_04.jpg 1200w\" sizes=\"auto, (max-width: 300px) 100vw, 300px\" \/>\t\t\t\t\t\n\t\t\t\t<\/a>\n\n\t\t\t<\/div>\n\t\t\t\t\t<div class=\"qodef-gallery-image\">\n\t\t\t\t\t\t\t\t\t<a itemprop=\"image\" href=\"https:\/\/www.hoteltrecolonne.it\/wp-content\/uploads\/gallery_sala_03.jpg\" data-rel=\"prettyPhoto[single_pretty_photo]\" title=\"Sala Hotel Tre Colonne\">\n\t\t\t\t\n\t\t\t\t\t\t\t\t\t\t\t<img loading=\"lazy\" decoding=\"async\" width=\"300\" height=\"196\" src=\"https:\/\/www.hoteltrecolonne.it\/wp-content\/uploads\/gallery_sala_03-300x196.jpg\" class=\"attachment-medium size-medium\" alt=\"Sala Hotel Tre Colonne\" srcset=\"https:\/\/www.hoteltrecolonne.it\/wp-content\/uploads\/gallery_sala_03-300x196.jpg 300w, https:\/\/www.hoteltrecolonne.it\/wp-content\/uploads\/gallery_sala_03-768x501.jpg 768w, https:\/\/www.hoteltrecolonne.it\/wp-content\/uploads\/gallery_sala_03-1024x668.jpg 1024w, https:\/\/www.hoteltrecolonne.it\/wp-content\/uploads\/gallery_sala_03.jpg 1200w\" sizes=\"auto, (max-width: 300px) 100vw, 300px\" \/>\t\t\t\t\t\n\t\t\t\t<\/a>\n\n\t\t\t<\/div>\n\t\t\t\t\t<div class=\"qodef-gallery-image\">\n\t\t\t\t\t\t\t\t\t<a itemprop=\"image\" href=\"https:\/\/www.hoteltrecolonne.it\/wp-content\/uploads\/gallery_sala_02.jpg\" data-rel=\"prettyPhoto[single_pretty_photo]\" title=\"Sala Hotel Tre Colonne\">\n\t\t\t\t\n\t\t\t\t\t\t\t\t\t\t\t<img loading=\"lazy\" decoding=\"async\" width=\"300\" height=\"196\" src=\"https:\/\/www.hoteltrecolonne.it\/wp-content\/uploads\/gallery_sala_02-300x196.jpg\" class=\"attachment-medium size-medium\" alt=\"Sala Hotel Tre Colonne\" srcset=\"https:\/\/www.hoteltrecolonne.it\/wp-content\/uploads\/gallery_sala_02-300x196.jpg 300w, https:\/\/www.hoteltrecolonne.it\/wp-content\/uploads\/gallery_sala_02-768x501.jpg 768w, https:\/\/www.hoteltrecolonne.it\/wp-content\/uploads\/gallery_sala_02-1024x668.jpg 1024w, https:\/\/www.hoteltrecolonne.it\/wp-content\/uploads\/gallery_sala_02.jpg 1200w\" sizes=\"auto, (max-width: 300px) 100vw, 300px\" \/>\t\t\t\t\t\n\t\t\t\t<\/a>\n\n\t\t\t<\/div>\n\t\t\t\t\t<div class=\"qodef-gallery-image\">\n\t\t\t\t\t\t\t\t\t<a itemprop=\"image\" href=\"https:\/\/www.hoteltrecolonne.it\/wp-content\/uploads\/gallery_sala_01.jpg\" data-rel=\"prettyPhoto[single_pretty_photo]\" title=\"Sala Hotel Tre Colonne\">\n\t\t\t\t\n\t\t\t\t\t\t\t\t\t\t\t<img loading=\"lazy\" decoding=\"async\" width=\"300\" height=\"196\" src=\"https:\/\/www.hoteltrecolonne.it\/wp-content\/uploads\/gallery_sala_01-300x196.jpg\" class=\"attachment-medium size-medium\" alt=\"Sala Hotel Tre Colonne\" srcset=\"https:\/\/www.hoteltrecolonne.it\/wp-content\/uploads\/gallery_sala_01-300x196.jpg 300w, https:\/\/www.hoteltrecolonne.it\/wp-content\/uploads\/gallery_sala_01-768x501.jpg 768w, https:\/\/www.hoteltrecolonne.it\/wp-content\/uploads\/gallery_sala_01-1024x668.jpg 1024w, https:\/\/www.hoteltrecolonne.it\/wp-content\/uploads\/gallery_sala_01.jpg 1200w\" sizes=\"auto, (max-width: 300px) 100vw, 300px\" \/>\t\t\t\t\t\n\t\t\t\t<\/a>\n\n\t\t\t<\/div>\n\t\t\t\t\t<div class=\"qodef-gallery-image\">\n\t\t\t\t\t\t\t\t\t<a itemprop=\"image\" href=\"https:\/\/www.hoteltrecolonne.it\/wp-content\/uploads\/gallery_ristorante_04.jpg\" data-rel=\"prettyPhoto[single_pretty_photo]\" title=\"Ristorante Hotel Tre Colonne\">\n\t\t\t\t\n\t\t\t\t\t\t\t\t\t\t\t<img loading=\"lazy\" decoding=\"async\" width=\"300\" height=\"200\" src=\"https:\/\/www.hoteltrecolonne.it\/wp-content\/uploads\/gallery_ristorante_04-300x200.jpg\" class=\"attachment-medium size-medium\" alt=\"Ristorante Hotel Tre Colonne\" srcset=\"https:\/\/www.hoteltrecolonne.it\/wp-content\/uploads\/gallery_ristorante_04-300x200.jpg 300w, https:\/\/www.hoteltrecolonne.it\/wp-content\/uploads\/gallery_ristorante_04-768x512.jpg 768w, https:\/\/www.hoteltrecolonne.it\/wp-content\/uploads\/gallery_ristorante_04-1024x683.jpg 1024w, https:\/\/www.hoteltrecolonne.it\/wp-content\/uploads\/gallery_ristorante_04.jpg 1200w\" sizes=\"auto, (max-width: 300px) 100vw, 300px\" \/>\t\t\t\t\t\n\t\t\t\t<\/a>\n\n\t\t\t<\/div>\n\t\t\t\t\t<div class=\"qodef-gallery-image\">\n\t\t\t\t\t\t\t\t\t<a itemprop=\"image\" href=\"https:\/\/www.hoteltrecolonne.it\/wp-content\/uploads\/gallery_ristorante_08.jpg\" data-rel=\"prettyPhoto[single_pretty_photo]\" title=\"Ristorante Hotel Tre Colonne\">\n\t\t\t\t\n\t\t\t\t\t\t\t\t\t\t\t<img loading=\"lazy\" decoding=\"async\" width=\"300\" height=\"200\" src=\"https:\/\/www.hoteltrecolonne.it\/wp-content\/uploads\/gallery_ristorante_08-300x200.jpg\" class=\"attachment-medium size-medium\" alt=\"Ristorante Hotel Tre Colonne\" srcset=\"https:\/\/www.hoteltrecolonne.it\/wp-content\/uploads\/gallery_ristorante_08-300x200.jpg 300w, https:\/\/www.hoteltrecolonne.it\/wp-content\/uploads\/gallery_ristorante_08-768x512.jpg 768w, https:\/\/www.hoteltrecolonne.it\/wp-content\/uploads\/gallery_ristorante_08-1024x683.jpg 1024w, https:\/\/www.hoteltrecolonne.it\/wp-content\/uploads\/gallery_ristorante_08.jpg 1200w\" sizes=\"auto, (max-width: 300px) 100vw, 300px\" \/>\t\t\t\t\t\n\t\t\t\t<\/a>\n\n\t\t\t<\/div>\n\t\t\t\t\t<div class=\"qodef-gallery-image\">\n\t\t\t\t\t\t\t\t\t<a itemprop=\"image\" href=\"https:\/\/www.hoteltrecolonne.it\/wp-content\/uploads\/gallery_ristorante_09.jpg\" data-rel=\"prettyPhoto[single_pretty_photo]\" title=\"Ristorante Hotel Tre Colonne\">\n\t\t\t\t\n\t\t\t\t\t\t\t\t\t\t\t<img loading=\"lazy\" decoding=\"async\" width=\"300\" height=\"200\" src=\"https:\/\/www.hoteltrecolonne.it\/wp-content\/uploads\/gallery_ristorante_09-300x200.jpg\" class=\"attachment-medium size-medium\" alt=\"Ristorante Hotel Tre Colonne\" srcset=\"https:\/\/www.hoteltrecolonne.it\/wp-content\/uploads\/gallery_ristorante_09-300x200.jpg 300w, https:\/\/www.hoteltrecolonne.it\/wp-content\/uploads\/gallery_ristorante_09-768x512.jpg 768w, https:\/\/www.hoteltrecolonne.it\/wp-content\/uploads\/gallery_ristorante_09-1024x683.jpg 1024w, https:\/\/www.hoteltrecolonne.it\/wp-content\/uploads\/gallery_ristorante_09.jpg 1200w\" sizes=\"auto, (max-width: 300px) 100vw, 300px\" \/>\t\t\t\t\t\n\t\t\t\t<\/a>\n\n\t\t\t<\/div>\n\t\t\t\t\t<div class=\"qodef-gallery-image\">\n\t\t\t\t\t\t\t\t\t<a itemprop=\"image\" href=\"https:\/\/www.hoteltrecolonne.it\/wp-content\/uploads\/gallery_ristorante_2024_03.jpg\" data-rel=\"prettyPhoto[single_pretty_photo]\" title=\"gallery_ristorante_2024_03\">\n\t\t\t\t\n\t\t\t\t\t\t\t\t\t\t\t<img loading=\"lazy\" decoding=\"async\" width=\"300\" height=\"196\" src=\"https:\/\/www.hoteltrecolonne.it\/wp-content\/uploads\/gallery_ristorante_2024_03-300x196.jpg\" class=\"attachment-medium size-medium\" alt=\"Ristorante Hotel Tre Colonne\" srcset=\"https:\/\/www.hoteltrecolonne.it\/wp-content\/uploads\/gallery_ristorante_2024_03-300x196.jpg 300w, https:\/\/www.hoteltrecolonne.it\/wp-content\/uploads\/gallery_ristorante_2024_03-1024x668.jpg 1024w, https:\/\/www.hoteltrecolonne.it\/wp-content\/uploads\/gallery_ristorante_2024_03-768x501.jpg 768w, https:\/\/www.hoteltrecolonne.it\/wp-content\/uploads\/gallery_ristorante_2024_03.jpg 1200w\" sizes=\"auto, (max-width: 300px) 100vw, 300px\" \/>\t\t\t\t\t\n\t\t\t\t<\/a>\n\n\t\t\t<\/div>\n\t\t\t\t\t<div class=\"qodef-gallery-image\">\n\t\t\t\t\t\t\t\t\t<a itemprop=\"image\" href=\"https:\/\/www.hoteltrecolonne.it\/wp-content\/uploads\/gallery_ristorante_2024_02.jpg\" data-rel=\"prettyPhoto[single_pretty_photo]\" title=\"gallery_ristorante_2024_02\">\n\t\t\t\t\n\t\t\t\t\t\t\t\t\t\t\t<img loading=\"lazy\" decoding=\"async\" width=\"300\" height=\"196\" src=\"https:\/\/www.hoteltrecolonne.it\/wp-content\/uploads\/gallery_ristorante_2024_02-300x196.jpg\" class=\"attachment-medium size-medium\" alt=\"Ristorante Hotel Tre Colonne\" srcset=\"https:\/\/www.hoteltrecolonne.it\/wp-content\/uploads\/gallery_ristorante_2024_02-300x196.jpg 300w, https:\/\/www.hoteltrecolonne.it\/wp-content\/uploads\/gallery_ristorante_2024_02-1024x668.jpg 1024w, https:\/\/www.hoteltrecolonne.it\/wp-content\/uploads\/gallery_ristorante_2024_02-768x501.jpg 768w, https:\/\/www.hoteltrecolonne.it\/wp-content\/uploads\/gallery_ristorante_2024_02.jpg 1200w\" sizes=\"auto, (max-width: 300px) 100vw, 300px\" \/>\t\t\t\t\t\n\t\t\t\t<\/a>\n\n\t\t\t<\/div>\n\t\t\t\t\t<div class=\"qodef-gallery-image\">\n\t\t\t\t\t\t\t\t\t<a itemprop=\"image\" href=\"https:\/\/www.hoteltrecolonne.it\/wp-content\/uploads\/gallery_ristorante_2024_01.jpg\" data-rel=\"prettyPhoto[single_pretty_photo]\" title=\"gallery_ristorante_2024_01\">\n\t\t\t\t\n\t\t\t\t\t\t\t\t\t\t\t<img loading=\"lazy\" decoding=\"async\" width=\"300\" height=\"196\" src=\"https:\/\/www.hoteltrecolonne.it\/wp-content\/uploads\/gallery_ristorante_2024_01-300x196.jpg\" class=\"attachment-medium size-medium\" alt=\"Ristorante Hotel Tre Colonne\" srcset=\"https:\/\/www.hoteltrecolonne.it\/wp-content\/uploads\/gallery_ristorante_2024_01-300x196.jpg 300w, https:\/\/www.hoteltrecolonne.it\/wp-content\/uploads\/gallery_ristorante_2024_01-1024x668.jpg 1024w, https:\/\/www.hoteltrecolonne.it\/wp-content\/uploads\/gallery_ristorante_2024_01-768x501.jpg 768w, https:\/\/www.hoteltrecolonne.it\/wp-content\/uploads\/gallery_ristorante_2024_01.jpg 1200w\" sizes=\"auto, (max-width: 300px) 100vw, 300px\" \/>\t\t\t\t\t\n\t\t\t\t<\/a>\n\n\t\t\t<\/div>\n\t\t\t<\/div>\n<\/div>[\/vc_column][\/vc_row]<\/p>\n<\/section>","protected":false},"excerpt":{"rendered":"<p>[vc_row full_screen_section_height=&#8220;no&#8220;][vc_column offset=&#8220;vc_col-lg-offset-1 vc_col-lg-10&#8243;][vc_column_text]Der Restaurant-Service wird vor allem durch die Besitzer und das Personal (inzwischen Teil der &#8222;Familie&#8220; des Hotels), bietet im Men\u00fc auch Fisch und Meeresfr\u00fcchte-Spezialit\u00e4ten nach typisch Elbanischen Rezepten zubereitet, sowohl Mittags als auch Abendessen. Ob Hotelg\u00e4ste oder Laufkundschaft, k\u00f6nnen nicht anders und&#8230;<\/p>\n","protected":false},"author":1,"featured_media":0,"parent":12876,"menu_order":2,"comment_status":"closed","ping_status":"closed","template":"","meta":{"footnotes":""},"class_list":["post-12891","page","type-page","status-publish","hentry"],"yoast_head":"<!-- This site is optimized with the Yoast SEO plugin v24.4 - https:\/\/yoast.com\/wordpress\/plugins\/seo\/ -->\n<title>Restaurant von Hotel Tre Colonne, Marina di Campo, Insel Elba<\/title>\n<meta name=\"description\" content=\"Der Restaurant-Service bietet im &quot;\u00e0 la carte&quot; Men\u00fc auch Fisch und Meeresfr\u00fcchte-Spezialit\u00e4ten nach typisch Elbanischen Rezepten zubereitet.\" \/>\n<meta name=\"robots\" content=\"index, follow, max-snippet:-1, max-image-preview:large, max-video-preview:-1\" \/>\n<link rel=\"canonical\" href=\"https:\/\/www.hoteltrecolonne.it\/de\/hotel\/ristorante\/\" \/>\n<meta property=\"og:locale\" content=\"de_DE\" \/>\n<meta property=\"og:type\" content=\"article\" \/>\n<meta property=\"og:title\" content=\"Restaurant von Hotel Tre Colonne, Marina di Campo, Insel Elba\" \/>\n<meta property=\"og:description\" content=\"Der Restaurant-Service bietet im &quot;\u00e0 la carte&quot; Men\u00fc auch Fisch und Meeresfr\u00fcchte-Spezialit\u00e4ten nach typisch Elbanischen Rezepten zubereitet.\" \/>\n<meta property=\"og:url\" content=\"https:\/\/www.hoteltrecolonne.it\/de\/hotel\/ristorante\/\" \/>\n<meta property=\"og:site_name\" content=\"Hotel Tre Colonne\" \/>\n<meta property=\"article:modified_time\" content=\"2025-02-10T11:28:32+00:00\" \/>\n<meta name=\"twitter:card\" content=\"summary_large_image\" \/>\n<meta name=\"twitter:label1\" content=\"Gesch\u00e4tzte Lesezeit\" \/>\n\t<meta name=\"twitter:data1\" content=\"3\u00a0Minuten\" \/>\n<script type=\"application\/ld+json\" class=\"yoast-schema-graph\">{\"@context\":\"https:\/\/schema.org\",\"@graph\":[{\"@type\":\"WebPage\",\"@id\":\"https:\/\/www.hoteltrecolonne.it\/de\/hotel\/ristorante\/\",\"url\":\"https:\/\/www.hoteltrecolonne.it\/de\/hotel\/ristorante\/\",\"name\":\"Restaurant von Hotel Tre Colonne, Marina di Campo, Insel Elba\",\"isPartOf\":{\"@id\":\"https:\/\/www.hoteltrecolonne.it\/#website\"},\"datePublished\":\"2017-02-03T14:25:19+00:00\",\"dateModified\":\"2025-02-10T11:28:32+00:00\",\"description\":\"Der Restaurant-Service bietet im \\\"\u00e0 la carte\\\" Men\u00fc auch Fisch und Meeresfr\u00fcchte-Spezialit\u00e4ten nach typisch Elbanischen Rezepten zubereitet.\",\"breadcrumb\":{\"@id\":\"https:\/\/www.hoteltrecolonne.it\/de\/hotel\/ristorante\/#breadcrumb\"},\"inLanguage\":\"de\",\"potentialAction\":[{\"@type\":\"ReadAction\",\"target\":[\"https:\/\/www.hoteltrecolonne.it\/de\/hotel\/ristorante\/\"]}]},{\"@type\":\"BreadcrumbList\",\"@id\":\"https:\/\/www.hoteltrecolonne.it\/de\/hotel\/ristorante\/#breadcrumb\",\"itemListElement\":[{\"@type\":\"ListItem\",\"position\":1,\"name\":\"Home\",\"item\":\"https:\/\/www.hoteltrecolonne.it\/de\/\"},{\"@type\":\"ListItem\",\"position\":2,\"name\":\"Hotel\",\"item\":\"https:\/\/www.hoteltrecolonne.it\/de\/hotel\/\"},{\"@type\":\"ListItem\",\"position\":3,\"name\":\"Restaurant\"}]},{\"@type\":\"WebSite\",\"@id\":\"https:\/\/www.hoteltrecolonne.it\/#website\",\"url\":\"https:\/\/www.hoteltrecolonne.it\/\",\"name\":\"Hotel Tre Colonne\",\"description\":\"Hotel 3 stelle a Marina di Campo\",\"potentialAction\":[{\"@type\":\"SearchAction\",\"target\":{\"@type\":\"EntryPoint\",\"urlTemplate\":\"https:\/\/www.hoteltrecolonne.it\/?s={search_term_string}\"},\"query-input\":{\"@type\":\"PropertyValueSpecification\",\"valueRequired\":true,\"valueName\":\"search_term_string\"}}],\"inLanguage\":\"de\"}]}<\/script>\n<!-- \/ Yoast SEO plugin. -->","yoast_head_json":{"title":"Restaurant von Hotel Tre Colonne, Marina di Campo, Insel Elba","description":"Der Restaurant-Service bietet im \"\u00e0 la carte\" Men\u00fc auch Fisch und Meeresfr\u00fcchte-Spezialit\u00e4ten nach typisch Elbanischen Rezepten zubereitet.","robots":{"index":"index","follow":"follow","max-snippet":"max-snippet:-1","max-image-preview":"max-image-preview:large","max-video-preview":"max-video-preview:-1"},"canonical":"https:\/\/www.hoteltrecolonne.it\/de\/hotel\/ristorante\/","og_locale":"de_DE","og_type":"article","og_title":"Restaurant von Hotel Tre Colonne, Marina di Campo, Insel Elba","og_description":"Der Restaurant-Service bietet im \"\u00e0 la carte\" Men\u00fc auch Fisch und Meeresfr\u00fcchte-Spezialit\u00e4ten nach typisch Elbanischen Rezepten zubereitet.","og_url":"https:\/\/www.hoteltrecolonne.it\/de\/hotel\/ristorante\/","og_site_name":"Hotel Tre Colonne","article_modified_time":"2025-02-10T11:28:32+00:00","twitter_card":"summary_large_image","twitter_misc":{"Gesch\u00e4tzte Lesezeit":"3\u00a0Minuten"},"schema":{"@context":"https:\/\/schema.org","@graph":[{"@type":"WebPage","@id":"https:\/\/www.hoteltrecolonne.it\/de\/hotel\/ristorante\/","url":"https:\/\/www.hoteltrecolonne.it\/de\/hotel\/ristorante\/","name":"Restaurant von Hotel Tre Colonne, Marina di Campo, Insel Elba","isPartOf":{"@id":"https:\/\/www.hoteltrecolonne.it\/#website"},"datePublished":"2017-02-03T14:25:19+00:00","dateModified":"2025-02-10T11:28:32+00:00","description":"Der Restaurant-Service bietet im \"\u00e0 la carte\" Men\u00fc auch Fisch und Meeresfr\u00fcchte-Spezialit\u00e4ten nach typisch Elbanischen Rezepten zubereitet.","breadcrumb":{"@id":"https:\/\/www.hoteltrecolonne.it\/de\/hotel\/ristorante\/#breadcrumb"},"inLanguage":"de","potentialAction":[{"@type":"ReadAction","target":["https:\/\/www.hoteltrecolonne.it\/de\/hotel\/ristorante\/"]}]},{"@type":"BreadcrumbList","@id":"https:\/\/www.hoteltrecolonne.it\/de\/hotel\/ristorante\/#breadcrumb","itemListElement":[{"@type":"ListItem","position":1,"name":"Home","item":"https:\/\/www.hoteltrecolonne.it\/de\/"},{"@type":"ListItem","position":2,"name":"Hotel","item":"https:\/\/www.hoteltrecolonne.it\/de\/hotel\/"},{"@type":"ListItem","position":3,"name":"Restaurant"}]},{"@type":"WebSite","@id":"https:\/\/www.hoteltrecolonne.it\/#website","url":"https:\/\/www.hoteltrecolonne.it\/","name":"Hotel Tre Colonne","description":"Hotel 3 stelle a Marina di Campo","potentialAction":[{"@type":"SearchAction","target":{"@type":"EntryPoint","urlTemplate":"https:\/\/www.hoteltrecolonne.it\/?s={search_term_string}"},"query-input":{"@type":"PropertyValueSpecification","valueRequired":true,"valueName":"search_term_string"}}],"inLanguage":"de"}]}},"_links":{"self":[{"href":"https:\/\/www.hoteltrecolonne.it\/de\/wp-json\/wp\/v2\/pages\/12891","targetHints":{"allow":["GET"]}}],"collection":[{"href":"https:\/\/www.hoteltrecolonne.it\/de\/wp-json\/wp\/v2\/pages"}],"about":[{"href":"https:\/\/www.hoteltrecolonne.it\/de\/wp-json\/wp\/v2\/types\/page"}],"author":[{"embeddable":true,"href":"https:\/\/www.hoteltrecolonne.it\/de\/wp-json\/wp\/v2\/users\/1"}],"replies":[{"embeddable":true,"href":"https:\/\/www.hoteltrecolonne.it\/de\/wp-json\/wp\/v2\/comments?post=12891"}],"version-history":[{"count":4,"href":"https:\/\/www.hoteltrecolonne.it\/de\/wp-json\/wp\/v2\/pages\/12891\/revisions"}],"predecessor-version":[{"id":13694,"href":"https:\/\/www.hoteltrecolonne.it\/de\/wp-json\/wp\/v2\/pages\/12891\/revisions\/13694"}],"up":[{"embeddable":true,"href":"https:\/\/www.hoteltrecolonne.it\/de\/wp-json\/wp\/v2\/pages\/12876"}],"wp:attachment":[{"href":"https:\/\/www.hoteltrecolonne.it\/de\/wp-json\/wp\/v2\/media?parent=12891"}],"curies":[{"name":"wp","href":"https:\/\/api.w.org\/{rel}","templated":true}]}}