{"id":12899,"date":"2017-02-03T15:25:55","date_gmt":"2017-02-03T14:25:55","guid":{"rendered":"http:\/\/www.hoteltrecolonne.it\/hotel\/servizi\/"},"modified":"2024-06-19T15:00:57","modified_gmt":"2024-06-19T13:00:57","slug":"dienstleistungen","status":"publish","type":"page","link":"https:\/\/www.hoteltrecolonne.it\/de\/hotel\/dienstleistungen\/","title":{"rendered":"Dienstleistungen"},"content":{"rendered":"<section class=\"wpb-content-wrapper\"><p>[vc_row full_screen_section_height=&#8220;no&#8220;][vc_column width=&#8220;1\/2&#8243; offset=&#8220;vc_col-lg-offset-1 vc_col-lg-10&#8243;][vc_column_text]Das Hotel ist mit jeglichem Komfort ausgestattet, ideal um sich w\u00e4hrend des Aufenthalts zu entspannen, einschlie\u00dflich der Dienstleistungen:[\/vc_column_text][vc_empty_space height=&#8220;50px&#8220;][\/vc_column][\/vc_row][vc_row full_screen_section_height=&#8220;no&#8220;][vc_column width=&#8220;1\/2&#8243; offset=&#8220;vc_col-lg-offset-2 vc_col-lg-4&#8243;][vc_column_text]<\/p>\n<h5>Dienstleistungen im Hotel<\/h5>\n<ul>\n<li>Pool f\u00fcr Erwachsene<\/li>\n<li>Planschbecken f\u00fcr Kinder<\/li>\n<li>Whirlpool<\/li>\n<li>Farbtherapie und Hydrotherapie<\/li>\n<li>ein gro\u00dfer Aufenthaltsraum mit American Bar<\/li>\n<li>kostenloses WLAN<\/li>\n<li>Video-TV-Raum<\/li>\n<li>privater Parkplatz<\/li>\n<li>Fahrr\u00e4der<\/li>\n<li>Innengarten<\/li>\n<li>Ladestation f\u00fcr Elektrofahrzeuge <span style=\"color: #f48a31;\"><strong>NEW<\/strong><\/span><\/li>\n<\/ul>\n<p>[\/vc_column_text][vc_empty_space height=&#8220;50px&#8220;][\/vc_column][vc_column width=&#8220;1\/2&#8243; offset=&#8220;vc_col-lg-offset-0 vc_col-lg-4&#8243;][vc_column_text]<\/p>\n<h5>Dienstleistungen im Zimmer<\/h5>\n<ul>\n<li>Bad mit Dusche<\/li>\n<li>Haartrockner<\/li>\n<li>Telefon<\/li>\n<li>unabh\u00e4ngige Klimaanlage<\/li>\n<li>Minibar<\/li>\n<li>Satelliten-TV<\/li>\n<li>Safe<\/li>\n<li>Heizung<\/li>\n<\/ul>\n<p>[\/vc_column_text][vc_empty_space height=&#8220;50px&#8220;][\/vc_column][\/vc_row][vc_row full_screen_section_height=&#8220;no&#8220;][vc_column width=&#8220;1\/2&#8243; offset=&#8220;vc_col-lg-offset-1 vc_col-lg-10&#8243;][vc_column_text]Im Hotel Tre Colonne verbringen nicht nur einen Urlaub, sondern einen echten Urlaub &#8222;rilassATTIVA&#8220;!<\/p>\n<p>Wir erinnern unsere Kunden gerne das wir eine kostenlose Internetverbindung \u00fcber Wi-Fi auf dem gesamten Platz vor dem Pool bieten.<\/p>\n<p>&nbsp;<\/p>\n<h5>Strand-Set<\/h5>\n<p>Der Beutel mit personalisierten Handt\u00fccher, erhalten unseren Kunden gegen Zahlung einer kleinen Kaution, welche bei der Abreise zur\u00fcckerstattet wird.[\/vc_column_text][vc_empty_space height=&#8220;50px&#8220;]<div class=\"qodef-image-gallery\">\n\t<div class=\"qodef-image-gallery-grid clearfix qodef-gallery-columns-5 \" >\n\t\t\t\t\t<div class=\"qodef-gallery-image\">\n\t\t\t\t\t\t\t\t\t<a itemprop=\"image\" href=\"https:\/\/www.hoteltrecolonne.it\/wp-content\/uploads\/gallery_esterni_10.jpg\" data-rel=\"prettyPhoto[single_pretty_photo]\" title=\"Hotel Tre Colonne\">\n\t\t\t\t\n\t\t\t\t\t\t\t\t\t\t\t<img loading=\"lazy\" decoding=\"async\" width=\"300\" height=\"196\" src=\"https:\/\/www.hoteltrecolonne.it\/wp-content\/uploads\/gallery_esterni_10-300x196.jpg\" class=\"attachment-medium size-medium\" alt=\"Hotel Tre Colonne\" srcset=\"https:\/\/www.hoteltrecolonne.it\/wp-content\/uploads\/gallery_esterni_10-300x196.jpg 300w, https:\/\/www.hoteltrecolonne.it\/wp-content\/uploads\/gallery_esterni_10-768x501.jpg 768w, https:\/\/www.hoteltrecolonne.it\/wp-content\/uploads\/gallery_esterni_10-1024x668.jpg 1024w, https:\/\/www.hoteltrecolonne.it\/wp-content\/uploads\/gallery_esterni_10.jpg 1200w\" sizes=\"auto, (max-width: 300px) 100vw, 300px\" \/>\t\t\t\t\t\n\t\t\t\t<\/a>\n\n\t\t\t<\/div>\n\t\t\t\t\t<div class=\"qodef-gallery-image\">\n\t\t\t\t\t\t\t\t\t<a itemprop=\"image\" href=\"https:\/\/www.hoteltrecolonne.it\/wp-content\/uploads\/gallery_esterni_04.jpg\" data-rel=\"prettyPhoto[single_pretty_photo]\" title=\"Hotel Tre Colonne\">\n\t\t\t\t\n\t\t\t\t\t\t\t\t\t\t\t<img loading=\"lazy\" decoding=\"async\" width=\"300\" height=\"196\" src=\"https:\/\/www.hoteltrecolonne.it\/wp-content\/uploads\/gallery_esterni_04-300x196.jpg\" class=\"attachment-medium size-medium\" alt=\"Hotel Tre Colonne\" srcset=\"https:\/\/www.hoteltrecolonne.it\/wp-content\/uploads\/gallery_esterni_04-300x196.jpg 300w, https:\/\/www.hoteltrecolonne.it\/wp-content\/uploads\/gallery_esterni_04-768x501.jpg 768w, https:\/\/www.hoteltrecolonne.it\/wp-content\/uploads\/gallery_esterni_04-1024x668.jpg 1024w, https:\/\/www.hoteltrecolonne.it\/wp-content\/uploads\/gallery_esterni_04.jpg 1200w\" sizes=\"auto, (max-width: 300px) 100vw, 300px\" \/>\t\t\t\t\t\n\t\t\t\t<\/a>\n\n\t\t\t<\/div>\n\t\t\t\t\t<div class=\"qodef-gallery-image\">\n\t\t\t\t\t\t\t\t\t<a itemprop=\"image\" href=\"https:\/\/www.hoteltrecolonne.it\/wp-content\/uploads\/gallery_esterni_2024_01.jpg\" data-rel=\"prettyPhoto[single_pretty_photo]\" title=\"gallery_esterni_2024_01\">\n\t\t\t\t\n\t\t\t\t\t\t\t\t\t\t\t<img loading=\"lazy\" decoding=\"async\" width=\"300\" height=\"196\" src=\"https:\/\/www.hoteltrecolonne.it\/wp-content\/uploads\/gallery_esterni_2024_01-300x196.jpg\" class=\"attachment-medium size-medium\" alt=\"Aperitivo in piscina\" srcset=\"https:\/\/www.hoteltrecolonne.it\/wp-content\/uploads\/gallery_esterni_2024_01-300x196.jpg 300w, https:\/\/www.hoteltrecolonne.it\/wp-content\/uploads\/gallery_esterni_2024_01-1024x668.jpg 1024w, https:\/\/www.hoteltrecolonne.it\/wp-content\/uploads\/gallery_esterni_2024_01-768x501.jpg 768w, https:\/\/www.hoteltrecolonne.it\/wp-content\/uploads\/gallery_esterni_2024_01.jpg 1200w\" sizes=\"auto, (max-width: 300px) 100vw, 300px\" \/>\t\t\t\t\t\n\t\t\t\t<\/a>\n\n\t\t\t<\/div>\n\t\t\t\t\t<div class=\"qodef-gallery-image\">\n\t\t\t\t\t\t\t\t\t<a itemprop=\"image\" href=\"https:\/\/www.hoteltrecolonne.it\/wp-content\/uploads\/gallery_esterni_new_07.jpg\" data-rel=\"prettyPhoto[single_pretty_photo]\" title=\"Hotel Tre Colonne\">\n\t\t\t\t\n\t\t\t\t\t\t\t\t\t\t\t<img loading=\"lazy\" decoding=\"async\" width=\"300\" height=\"196\" src=\"https:\/\/www.hoteltrecolonne.it\/wp-content\/uploads\/gallery_esterni_new_07-300x196.jpg\" class=\"attachment-medium size-medium\" alt=\"Hotel Tre Colonne\" srcset=\"https:\/\/www.hoteltrecolonne.it\/wp-content\/uploads\/gallery_esterni_new_07-300x196.jpg 300w, https:\/\/www.hoteltrecolonne.it\/wp-content\/uploads\/gallery_esterni_new_07-768x501.jpg 768w, https:\/\/www.hoteltrecolonne.it\/wp-content\/uploads\/gallery_esterni_new_07-1024x668.jpg 1024w, https:\/\/www.hoteltrecolonne.it\/wp-content\/uploads\/gallery_esterni_new_07.jpg 1200w\" sizes=\"auto, (max-width: 300px) 100vw, 300px\" \/>\t\t\t\t\t\n\t\t\t\t<\/a>\n\n\t\t\t<\/div>\n\t\t\t\t\t<div class=\"qodef-gallery-image\">\n\t\t\t\t\t\t\t\t\t<a itemprop=\"image\" href=\"https:\/\/www.hoteltrecolonne.it\/wp-content\/uploads\/gallery_esterni_new_06.jpg\" data-rel=\"prettyPhoto[single_pretty_photo]\" title=\"Hotel Tre Colonne\">\n\t\t\t\t\n\t\t\t\t\t\t\t\t\t\t\t<img loading=\"lazy\" decoding=\"async\" width=\"300\" height=\"196\" src=\"https:\/\/www.hoteltrecolonne.it\/wp-content\/uploads\/gallery_esterni_new_06-300x196.jpg\" class=\"attachment-medium size-medium\" alt=\"Hotel Tre Colonne\" srcset=\"https:\/\/www.hoteltrecolonne.it\/wp-content\/uploads\/gallery_esterni_new_06-300x196.jpg 300w, https:\/\/www.hoteltrecolonne.it\/wp-content\/uploads\/gallery_esterni_new_06-768x501.jpg 768w, https:\/\/www.hoteltrecolonne.it\/wp-content\/uploads\/gallery_esterni_new_06-1024x668.jpg 1024w, https:\/\/www.hoteltrecolonne.it\/wp-content\/uploads\/gallery_esterni_new_06.jpg 1200w\" sizes=\"auto, (max-width: 300px) 100vw, 300px\" \/>\t\t\t\t\t\n\t\t\t\t<\/a>\n\n\t\t\t<\/div>\n\t\t\t\t\t<div class=\"qodef-gallery-image\">\n\t\t\t\t\t\t\t\t\t<a itemprop=\"image\" href=\"https:\/\/www.hoteltrecolonne.it\/wp-content\/uploads\/gallery_esterni_2019_06.jpg\" data-rel=\"prettyPhoto[single_pretty_photo]\" title=\"\">\n\t\t\t\t\n\t\t\t\t\t\t\t\t\t\t\t<img loading=\"lazy\" decoding=\"async\" width=\"300\" height=\"196\" src=\"https:\/\/www.hoteltrecolonne.it\/wp-content\/uploads\/gallery_esterni_2019_06-300x196.jpg\" class=\"attachment-medium size-medium\" alt=\"Piscina Hotel Tre Colonne\" srcset=\"https:\/\/www.hoteltrecolonne.it\/wp-content\/uploads\/gallery_esterni_2019_06-300x196.jpg 300w, https:\/\/www.hoteltrecolonne.it\/wp-content\/uploads\/gallery_esterni_2019_06-768x501.jpg 768w, https:\/\/www.hoteltrecolonne.it\/wp-content\/uploads\/gallery_esterni_2019_06-1024x668.jpg 1024w, https:\/\/www.hoteltrecolonne.it\/wp-content\/uploads\/gallery_esterni_2019_06.jpg 1200w\" sizes=\"auto, (max-width: 300px) 100vw, 300px\" \/>\t\t\t\t\t\n\t\t\t\t<\/a>\n\n\t\t\t<\/div>\n\t\t\t\t\t<div class=\"qodef-gallery-image\">\n\t\t\t\t\t\t\t\t\t<a itemprop=\"image\" href=\"https:\/\/www.hoteltrecolonne.it\/wp-content\/uploads\/gallery_esterni_2019_05.jpg\" data-rel=\"prettyPhoto[single_pretty_photo]\" title=\"\">\n\t\t\t\t\n\t\t\t\t\t\t\t\t\t\t\t<img loading=\"lazy\" decoding=\"async\" width=\"300\" height=\"196\" src=\"https:\/\/www.hoteltrecolonne.it\/wp-content\/uploads\/gallery_esterni_2019_05-300x196.jpg\" class=\"attachment-medium size-medium\" alt=\"Piscina Hotel Tre Colonne\" srcset=\"https:\/\/www.hoteltrecolonne.it\/wp-content\/uploads\/gallery_esterni_2019_05-300x196.jpg 300w, https:\/\/www.hoteltrecolonne.it\/wp-content\/uploads\/gallery_esterni_2019_05-768x501.jpg 768w, https:\/\/www.hoteltrecolonne.it\/wp-content\/uploads\/gallery_esterni_2019_05-1024x668.jpg 1024w, https:\/\/www.hoteltrecolonne.it\/wp-content\/uploads\/gallery_esterni_2019_05.jpg 1200w\" sizes=\"auto, (max-width: 300px) 100vw, 300px\" \/>\t\t\t\t\t\n\t\t\t\t<\/a>\n\n\t\t\t<\/div>\n\t\t\t\t\t<div class=\"qodef-gallery-image\">\n\t\t\t\t\t\t\t\t\t<a itemprop=\"image\" href=\"https:\/\/www.hoteltrecolonne.it\/wp-content\/uploads\/gallery_esterni_2019_02.jpg\" data-rel=\"prettyPhoto[single_pretty_photo]\" title=\"\">\n\t\t\t\t\n\t\t\t\t\t\t\t\t\t\t\t<img loading=\"lazy\" decoding=\"async\" width=\"300\" height=\"196\" src=\"https:\/\/www.hoteltrecolonne.it\/wp-content\/uploads\/gallery_esterni_2019_02-300x196.jpg\" class=\"attachment-medium size-medium\" alt=\"Piscina Hotel Tre Colonne\" srcset=\"https:\/\/www.hoteltrecolonne.it\/wp-content\/uploads\/gallery_esterni_2019_02-300x196.jpg 300w, https:\/\/www.hoteltrecolonne.it\/wp-content\/uploads\/gallery_esterni_2019_02-768x501.jpg 768w, https:\/\/www.hoteltrecolonne.it\/wp-content\/uploads\/gallery_esterni_2019_02-1024x668.jpg 1024w, https:\/\/www.hoteltrecolonne.it\/wp-content\/uploads\/gallery_esterni_2019_02.jpg 1200w\" sizes=\"auto, (max-width: 300px) 100vw, 300px\" \/>\t\t\t\t\t\n\t\t\t\t<\/a>\n\n\t\t\t<\/div>\n\t\t\t\t\t<div class=\"qodef-gallery-image\">\n\t\t\t\t\t\t\t\t\t<a itemprop=\"image\" href=\"https:\/\/www.hoteltrecolonne.it\/wp-content\/uploads\/gallery_esterni_2019_01.jpg\" data-rel=\"prettyPhoto[single_pretty_photo]\" title=\"\">\n\t\t\t\t\n\t\t\t\t\t\t\t\t\t\t\t<img loading=\"lazy\" decoding=\"async\" width=\"300\" height=\"196\" src=\"https:\/\/www.hoteltrecolonne.it\/wp-content\/uploads\/gallery_esterni_2019_01-300x196.jpg\" class=\"attachment-medium size-medium\" alt=\"Piscina Hotel Tre Colonne\" srcset=\"https:\/\/www.hoteltrecolonne.it\/wp-content\/uploads\/gallery_esterni_2019_01-300x196.jpg 300w, https:\/\/www.hoteltrecolonne.it\/wp-content\/uploads\/gallery_esterni_2019_01-768x501.jpg 768w, https:\/\/www.hoteltrecolonne.it\/wp-content\/uploads\/gallery_esterni_2019_01-1024x668.jpg 1024w, https:\/\/www.hoteltrecolonne.it\/wp-content\/uploads\/gallery_esterni_2019_01.jpg 1200w\" sizes=\"auto, (max-width: 300px) 100vw, 300px\" \/>\t\t\t\t\t\n\t\t\t\t<\/a>\n\n\t\t\t<\/div>\n\t\t\t<\/div>\n<\/div>[\/vc_column][\/vc_row]<\/p>\n<\/section>","protected":false},"excerpt":{"rendered":"<p>[vc_row full_screen_section_height=&#8220;no&#8220;][vc_column width=&#8220;1\/2&#8243; offset=&#8220;vc_col-lg-offset-1 vc_col-lg-10&#8243;][vc_column_text]Das Hotel ist mit jeglichem Komfort ausgestattet, ideal um sich w\u00e4hrend des Aufenthalts zu entspannen, einschlie\u00dflich der Dienstleistungen:[\/vc_column_text][vc_empty_space height=&#8220;50px&#8220;][\/vc_column][\/vc_row][vc_row full_screen_section_height=&#8220;no&#8220;][vc_column width=&#8220;1\/2&#8243; offset=&#8220;vc_col-lg-offset-2 vc_col-lg-4&#8243;][vc_column_text] Dienstleistungen im Hotel Pool f\u00fcr Erwachsene Planschbecken f\u00fcr Kinder Whirlpool Farbtherapie und Hydrotherapie ein gro\u00dfer Aufenthaltsraum mit American&#8230;<\/p>\n","protected":false},"author":1,"featured_media":0,"parent":12876,"menu_order":3,"comment_status":"closed","ping_status":"closed","template":"","meta":{"footnotes":""},"class_list":["post-12899","page","type-page","status-publish","hentry"],"yoast_head":"<!-- This site is optimized with the Yoast SEO plugin v24.4 - https:\/\/yoast.com\/wordpress\/plugins\/seo\/ -->\n<title>Dienstleistungen Hotel Tre Colonne, Marina di Campo, Insel Elba<\/title>\n<meta name=\"description\" content=\"Das Hotel ist mit jeglichem Komfort ausgestattet, ideal um sich w\u00e4hrend des Aufenthalts zu entspannen.\" \/>\n<meta name=\"robots\" content=\"index, follow, max-snippet:-1, max-image-preview:large, max-video-preview:-1\" \/>\n<link rel=\"canonical\" href=\"https:\/\/www.hoteltrecolonne.it\/de\/hotel\/dienstleistungen\/\" \/>\n<meta property=\"og:locale\" content=\"de_DE\" \/>\n<meta property=\"og:type\" content=\"article\" \/>\n<meta property=\"og:title\" content=\"Dienstleistungen Hotel Tre Colonne, Marina di Campo, Insel Elba\" \/>\n<meta property=\"og:description\" content=\"Das Hotel ist mit jeglichem Komfort ausgestattet, ideal um sich w\u00e4hrend des Aufenthalts zu entspannen.\" \/>\n<meta property=\"og:url\" content=\"https:\/\/www.hoteltrecolonne.it\/de\/hotel\/dienstleistungen\/\" \/>\n<meta property=\"og:site_name\" content=\"Hotel Tre Colonne\" \/>\n<meta property=\"article:modified_time\" content=\"2024-06-19T13:00:57+00:00\" \/>\n<meta name=\"twitter:card\" content=\"summary_large_image\" \/>\n<meta name=\"twitter:label1\" content=\"Gesch\u00e4tzte Lesezeit\" \/>\n\t<meta name=\"twitter:data1\" content=\"1\u00a0Minute\" \/>\n<script type=\"application\/ld+json\" class=\"yoast-schema-graph\">{\"@context\":\"https:\/\/schema.org\",\"@graph\":[{\"@type\":\"WebPage\",\"@id\":\"https:\/\/www.hoteltrecolonne.it\/de\/hotel\/dienstleistungen\/\",\"url\":\"https:\/\/www.hoteltrecolonne.it\/de\/hotel\/dienstleistungen\/\",\"name\":\"Dienstleistungen Hotel Tre Colonne, Marina di Campo, Insel Elba\",\"isPartOf\":{\"@id\":\"https:\/\/www.hoteltrecolonne.it\/#website\"},\"datePublished\":\"2017-02-03T14:25:55+00:00\",\"dateModified\":\"2024-06-19T13:00:57+00:00\",\"description\":\"Das Hotel ist mit jeglichem Komfort ausgestattet, ideal um sich w\u00e4hrend des Aufenthalts zu entspannen.\",\"breadcrumb\":{\"@id\":\"https:\/\/www.hoteltrecolonne.it\/de\/hotel\/dienstleistungen\/#breadcrumb\"},\"inLanguage\":\"de\",\"potentialAction\":[{\"@type\":\"ReadAction\",\"target\":[\"https:\/\/www.hoteltrecolonne.it\/de\/hotel\/dienstleistungen\/\"]}]},{\"@type\":\"BreadcrumbList\",\"@id\":\"https:\/\/www.hoteltrecolonne.it\/de\/hotel\/dienstleistungen\/#breadcrumb\",\"itemListElement\":[{\"@type\":\"ListItem\",\"position\":1,\"name\":\"Home\",\"item\":\"https:\/\/www.hoteltrecolonne.it\/de\/\"},{\"@type\":\"ListItem\",\"position\":2,\"name\":\"Hotel\",\"item\":\"https:\/\/www.hoteltrecolonne.it\/de\/hotel\/\"},{\"@type\":\"ListItem\",\"position\":3,\"name\":\"Dienstleistungen\"}]},{\"@type\":\"WebSite\",\"@id\":\"https:\/\/www.hoteltrecolonne.it\/#website\",\"url\":\"https:\/\/www.hoteltrecolonne.it\/\",\"name\":\"Hotel Tre Colonne\",\"description\":\"Hotel 3 stelle a Marina di Campo\",\"potentialAction\":[{\"@type\":\"SearchAction\",\"target\":{\"@type\":\"EntryPoint\",\"urlTemplate\":\"https:\/\/www.hoteltrecolonne.it\/?s={search_term_string}\"},\"query-input\":{\"@type\":\"PropertyValueSpecification\",\"valueRequired\":true,\"valueName\":\"search_term_string\"}}],\"inLanguage\":\"de\"}]}<\/script>\n<!-- \/ Yoast SEO plugin. -->","yoast_head_json":{"title":"Dienstleistungen Hotel Tre Colonne, Marina di Campo, Insel Elba","description":"Das Hotel ist mit jeglichem Komfort ausgestattet, ideal um sich w\u00e4hrend des Aufenthalts zu entspannen.","robots":{"index":"index","follow":"follow","max-snippet":"max-snippet:-1","max-image-preview":"max-image-preview:large","max-video-preview":"max-video-preview:-1"},"canonical":"https:\/\/www.hoteltrecolonne.it\/de\/hotel\/dienstleistungen\/","og_locale":"de_DE","og_type":"article","og_title":"Dienstleistungen Hotel Tre Colonne, Marina di Campo, Insel Elba","og_description":"Das Hotel ist mit jeglichem Komfort ausgestattet, ideal um sich w\u00e4hrend des Aufenthalts zu entspannen.","og_url":"https:\/\/www.hoteltrecolonne.it\/de\/hotel\/dienstleistungen\/","og_site_name":"Hotel Tre Colonne","article_modified_time":"2024-06-19T13:00:57+00:00","twitter_card":"summary_large_image","twitter_misc":{"Gesch\u00e4tzte Lesezeit":"1\u00a0Minute"},"schema":{"@context":"https:\/\/schema.org","@graph":[{"@type":"WebPage","@id":"https:\/\/www.hoteltrecolonne.it\/de\/hotel\/dienstleistungen\/","url":"https:\/\/www.hoteltrecolonne.it\/de\/hotel\/dienstleistungen\/","name":"Dienstleistungen Hotel Tre Colonne, Marina di Campo, Insel Elba","isPartOf":{"@id":"https:\/\/www.hoteltrecolonne.it\/#website"},"datePublished":"2017-02-03T14:25:55+00:00","dateModified":"2024-06-19T13:00:57+00:00","description":"Das Hotel ist mit jeglichem Komfort ausgestattet, ideal um sich w\u00e4hrend des Aufenthalts zu entspannen.","breadcrumb":{"@id":"https:\/\/www.hoteltrecolonne.it\/de\/hotel\/dienstleistungen\/#breadcrumb"},"inLanguage":"de","potentialAction":[{"@type":"ReadAction","target":["https:\/\/www.hoteltrecolonne.it\/de\/hotel\/dienstleistungen\/"]}]},{"@type":"BreadcrumbList","@id":"https:\/\/www.hoteltrecolonne.it\/de\/hotel\/dienstleistungen\/#breadcrumb","itemListElement":[{"@type":"ListItem","position":1,"name":"Home","item":"https:\/\/www.hoteltrecolonne.it\/de\/"},{"@type":"ListItem","position":2,"name":"Hotel","item":"https:\/\/www.hoteltrecolonne.it\/de\/hotel\/"},{"@type":"ListItem","position":3,"name":"Dienstleistungen"}]},{"@type":"WebSite","@id":"https:\/\/www.hoteltrecolonne.it\/#website","url":"https:\/\/www.hoteltrecolonne.it\/","name":"Hotel Tre Colonne","description":"Hotel 3 stelle a Marina di Campo","potentialAction":[{"@type":"SearchAction","target":{"@type":"EntryPoint","urlTemplate":"https:\/\/www.hoteltrecolonne.it\/?s={search_term_string}"},"query-input":{"@type":"PropertyValueSpecification","valueRequired":true,"valueName":"search_term_string"}}],"inLanguage":"de"}]}},"_links":{"self":[{"href":"https:\/\/www.hoteltrecolonne.it\/de\/wp-json\/wp\/v2\/pages\/12899","targetHints":{"allow":["GET"]}}],"collection":[{"href":"https:\/\/www.hoteltrecolonne.it\/de\/wp-json\/wp\/v2\/pages"}],"about":[{"href":"https:\/\/www.hoteltrecolonne.it\/de\/wp-json\/wp\/v2\/types\/page"}],"author":[{"embeddable":true,"href":"https:\/\/www.hoteltrecolonne.it\/de\/wp-json\/wp\/v2\/users\/1"}],"replies":[{"embeddable":true,"href":"https:\/\/www.hoteltrecolonne.it\/de\/wp-json\/wp\/v2\/comments?post=12899"}],"version-history":[{"count":6,"href":"https:\/\/www.hoteltrecolonne.it\/de\/wp-json\/wp\/v2\/pages\/12899\/revisions"}],"predecessor-version":[{"id":13649,"href":"https:\/\/www.hoteltrecolonne.it\/de\/wp-json\/wp\/v2\/pages\/12899\/revisions\/13649"}],"up":[{"embeddable":true,"href":"https:\/\/www.hoteltrecolonne.it\/de\/wp-json\/wp\/v2\/pages\/12876"}],"wp:attachment":[{"href":"https:\/\/www.hoteltrecolonne.it\/de\/wp-json\/wp\/v2\/media?parent=12899"}],"curies":[{"name":"wp","href":"https:\/\/api.w.org\/{rel}","templated":true}]}}