{"id":12913,"date":"2017-02-03T15:27:59","date_gmt":"2017-02-03T14:27:59","guid":{"rendered":"http:\/\/www.hoteltrecolonne.it\/wo-wir-sind\/location\/"},"modified":"2017-04-07T11:11:42","modified_gmt":"2017-04-07T09:11:42","slug":"lage","status":"publish","type":"page","link":"https:\/\/www.hoteltrecolonne.it\/de\/wo-wir-sind\/lage\/","title":{"rendered":"Lage"},"content":{"rendered":"<section class=\"wpb-content-wrapper\"><p>[vc_row full_screen_section_height=&#8220;no&#8220;][vc_column offset=&#8220;vc_col-lg-offset-1 vc_col-lg-10&#8243;][vc_column_text]Das Hotel Tre Colonne liegt im Zentrum des Dorfes Marina di Campo, in einer strategisch sehr guten Lage, an der Kreuzung der wichtigsten Stra\u00dfen (Fusswege) Via Marconi und Via Roma. Vom Hotel aus k\u00f6nnen Sie zu Fu\u00df zum Strand und zum Hafen gehen, welche sich nur wenige Meter entfernt befinden.[\/vc_column_text][vc_empty_space height=&#8220;50px&#8220;]<div class=\"qodef-google-map-holder\">\n\t<div class=\"qodef-google-map\" id=\"qodef-map-1685951\" data-addresses='[\"Via Fattori 122, Marina di Campo\"]' data-custom-map-style=false data-color-overlay=#393939 data-saturation=-100 data-lightness=-60 data-zoom=14 data-pin=https:\/\/www.hoteltrecolonne.it\/wp-content\/themes\/aton\/assets\/img\/pin.png data-unique-id=1685951 data-scroll-wheel=false data-height=400><\/div>\n\t\t\t<div class=\"qodef-google-map-overlay\"><\/div>\n\t<\/div>\n[vc_empty_space height=&#8220;50px&#8220;][vc_column_text]<\/p>\n<h5>Wie das Hotel Tre Colonne erreichen<\/h5>\n<p>Um das Hotel zu erreichen, folgen Sie von Portoferraio aus der Beschilderung Richtung Procchio, Marina di Campo. Nach etwa 9 km erreichen Sie die sch\u00f6ne Bucht von Biodola, danach kommen Sie zum Golf von Procchio. Einmal im Badeort Procchio angekommen, biegen Sie links in Richtung Marina di Campo ab und fahren weiter entlang der Stra\u00dfe f\u00fcr ca. 7 km, vorbei an der Ortschaft La Pila (Flughafen von Elba), und am grossen Kreisverkehr fahren Sie in Richtung Marina di Campo. Von hier aus folgen Sie der Strasse bis Sie einen gro\u00dfen Parkplatz und den Supermarkt Conad erreichen, am Conad m\u00fcssen Sie rechts vorbeifahren, dann zwischen der Carabinieri-Station und der Krankenwagen-Station durch, dort biegen Sie rechts ab in Richtung Cavoli und nach ca. 500 m auf der H\u00f6he einer Br\u00fccke biegen Sie links in die Via Fattori, diese Strasse f\u00fchrt Sie zu einem gro\u00dfen \u00f6ffentlichen Parkplatz, am Ende davon finden, finden Sie unser Hotel und unseren privaten Parkplatz f\u00fcr Hotelg\u00e4ste. Hier unsere GPS-Koordinaten:[\/vc_column_text][vc_empty_space height=&#8220;80px&#8220;][\/vc_column][\/vc_row][vc_row full_screen_section_height=&#8220;no&#8220;][vc_column width=&#8220;1\/2&#8243; offset=&#8220;vc_col-lg-offset-1 vc_col-lg-5&#8243;][vc_column_text]<\/p>\n<h5 style=\"text-align: center;\">GPS-Koordinaten DG<br \/>\n<span style=\"font-weight: normal;\">(Dezimalgraden)<\/span><\/h5>\n<p style=\"text-align: center;\">Breite: 42.742452<br \/>\nL\u00e4nge: 10.233235<\/p>\n<p>[\/vc_column_text][\/vc_column][vc_column width=&#8220;1\/2&#8243; offset=&#8220;vc_col-lg-offset-0 vc_col-lg-5&#8243;][vc_column_text]<\/p>\n<h5 style=\"text-align: center;\">GPS-Koordinaten GMS<br \/>\n<span style=\"font-weight: normal;\">(Grad, Minuten, Sekunden)<\/span><\/h5>\n<p style=\"text-align: center;\">Breite: 42\u00b0 44&#8242; 32.827&#8243; N<br \/>\nL\u00e4nge: 10\u00b0 13&#8242; 59.646&#8243; E<\/p>\n<p>[\/vc_column_text][\/vc_column][\/vc_row]<\/p>\n<\/section>","protected":false},"excerpt":{"rendered":"<p>[vc_row full_screen_section_height=&#8220;no&#8220;][vc_column offset=&#8220;vc_col-lg-offset-1 vc_col-lg-10&#8243;][vc_column_text]Das Hotel Tre Colonne liegt im Zentrum des Dorfes Marina di Campo, in einer strategisch sehr guten Lage, an der Kreuzung der wichtigsten Stra\u00dfen (Fusswege) Via Marconi und Via Roma. Vom Hotel aus k\u00f6nnen Sie zu Fu\u00df zum Strand und zum Hafen&#8230;<\/p>\n","protected":false},"author":1,"featured_media":0,"parent":12906,"menu_order":1,"comment_status":"closed","ping_status":"closed","template":"","meta":{"footnotes":""},"class_list":["post-12913","page","type-page","status-publish","hentry"],"yoast_head":"<!-- This site is optimized with the Yoast SEO plugin v24.4 - https:\/\/yoast.com\/wordpress\/plugins\/seo\/ -->\n<title>Lage Hotel Tre Colonne, Marina di Campo, Insel Elba<\/title>\n<meta name=\"description\" content=\"Das Hotel Tre Colonne liegt im Zentrum des Dorfes Marina di Campo, in einer strategisch sehr guten Lage, an der Kreuzung der wichtigsten Stra\u00dfen.\" \/>\n<meta name=\"robots\" content=\"index, follow, max-snippet:-1, max-image-preview:large, max-video-preview:-1\" \/>\n<link rel=\"canonical\" href=\"https:\/\/www.hoteltrecolonne.it\/de\/wo-wir-sind\/lage\/\" \/>\n<meta property=\"og:locale\" content=\"de_DE\" \/>\n<meta property=\"og:type\" content=\"article\" \/>\n<meta property=\"og:title\" content=\"Lage Hotel Tre Colonne, Marina di Campo, Insel Elba\" \/>\n<meta property=\"og:description\" content=\"Das Hotel Tre Colonne liegt im Zentrum des Dorfes Marina di Campo, in einer strategisch sehr guten Lage, an der Kreuzung der wichtigsten Stra\u00dfen.\" \/>\n<meta property=\"og:url\" content=\"https:\/\/www.hoteltrecolonne.it\/de\/wo-wir-sind\/lage\/\" \/>\n<meta property=\"og:site_name\" content=\"Hotel Tre Colonne\" \/>\n<meta property=\"article:modified_time\" content=\"2017-04-07T09:11:42+00:00\" \/>\n<meta name=\"twitter:card\" content=\"summary_large_image\" \/>\n<meta name=\"twitter:label1\" content=\"Gesch\u00e4tzte Lesezeit\" \/>\n\t<meta name=\"twitter:data1\" content=\"2\u00a0Minuten\" \/>\n<script type=\"application\/ld+json\" class=\"yoast-schema-graph\">{\"@context\":\"https:\/\/schema.org\",\"@graph\":[{\"@type\":\"WebPage\",\"@id\":\"https:\/\/www.hoteltrecolonne.it\/de\/wo-wir-sind\/lage\/\",\"url\":\"https:\/\/www.hoteltrecolonne.it\/de\/wo-wir-sind\/lage\/\",\"name\":\"Lage Hotel Tre Colonne, Marina di Campo, Insel Elba\",\"isPartOf\":{\"@id\":\"https:\/\/www.hoteltrecolonne.it\/#website\"},\"datePublished\":\"2017-02-03T14:27:59+00:00\",\"dateModified\":\"2017-04-07T09:11:42+00:00\",\"description\":\"Das Hotel Tre Colonne liegt im Zentrum des Dorfes Marina di Campo, in einer strategisch sehr guten Lage, an der Kreuzung der wichtigsten Stra\u00dfen.\",\"breadcrumb\":{\"@id\":\"https:\/\/www.hoteltrecolonne.it\/de\/wo-wir-sind\/lage\/#breadcrumb\"},\"inLanguage\":\"de\",\"potentialAction\":[{\"@type\":\"ReadAction\",\"target\":[\"https:\/\/www.hoteltrecolonne.it\/de\/wo-wir-sind\/lage\/\"]}]},{\"@type\":\"BreadcrumbList\",\"@id\":\"https:\/\/www.hoteltrecolonne.it\/de\/wo-wir-sind\/lage\/#breadcrumb\",\"itemListElement\":[{\"@type\":\"ListItem\",\"position\":1,\"name\":\"Home\",\"item\":\"https:\/\/www.hoteltrecolonne.it\/de\/\"},{\"@type\":\"ListItem\",\"position\":2,\"name\":\"Wo wir sind\",\"item\":\"https:\/\/www.hoteltrecolonne.it\/de\/wo-wir-sind\/\"},{\"@type\":\"ListItem\",\"position\":3,\"name\":\"Lage\"}]},{\"@type\":\"WebSite\",\"@id\":\"https:\/\/www.hoteltrecolonne.it\/#website\",\"url\":\"https:\/\/www.hoteltrecolonne.it\/\",\"name\":\"Hotel Tre Colonne\",\"description\":\"Hotel 3 stelle a Marina di Campo\",\"potentialAction\":[{\"@type\":\"SearchAction\",\"target\":{\"@type\":\"EntryPoint\",\"urlTemplate\":\"https:\/\/www.hoteltrecolonne.it\/?s={search_term_string}\"},\"query-input\":{\"@type\":\"PropertyValueSpecification\",\"valueRequired\":true,\"valueName\":\"search_term_string\"}}],\"inLanguage\":\"de\"}]}<\/script>\n<!-- \/ Yoast SEO plugin. -->","yoast_head_json":{"title":"Lage Hotel Tre Colonne, Marina di Campo, Insel Elba","description":"Das Hotel Tre Colonne liegt im Zentrum des Dorfes Marina di Campo, in einer strategisch sehr guten Lage, an der Kreuzung der wichtigsten Stra\u00dfen.","robots":{"index":"index","follow":"follow","max-snippet":"max-snippet:-1","max-image-preview":"max-image-preview:large","max-video-preview":"max-video-preview:-1"},"canonical":"https:\/\/www.hoteltrecolonne.it\/de\/wo-wir-sind\/lage\/","og_locale":"de_DE","og_type":"article","og_title":"Lage Hotel Tre Colonne, Marina di Campo, Insel Elba","og_description":"Das Hotel Tre Colonne liegt im Zentrum des Dorfes Marina di Campo, in einer strategisch sehr guten Lage, an der Kreuzung der wichtigsten Stra\u00dfen.","og_url":"https:\/\/www.hoteltrecolonne.it\/de\/wo-wir-sind\/lage\/","og_site_name":"Hotel Tre Colonne","article_modified_time":"2017-04-07T09:11:42+00:00","twitter_card":"summary_large_image","twitter_misc":{"Gesch\u00e4tzte Lesezeit":"2\u00a0Minuten"},"schema":{"@context":"https:\/\/schema.org","@graph":[{"@type":"WebPage","@id":"https:\/\/www.hoteltrecolonne.it\/de\/wo-wir-sind\/lage\/","url":"https:\/\/www.hoteltrecolonne.it\/de\/wo-wir-sind\/lage\/","name":"Lage Hotel Tre Colonne, Marina di Campo, Insel Elba","isPartOf":{"@id":"https:\/\/www.hoteltrecolonne.it\/#website"},"datePublished":"2017-02-03T14:27:59+00:00","dateModified":"2017-04-07T09:11:42+00:00","description":"Das Hotel Tre Colonne liegt im Zentrum des Dorfes Marina di Campo, in einer strategisch sehr guten Lage, an der Kreuzung der wichtigsten Stra\u00dfen.","breadcrumb":{"@id":"https:\/\/www.hoteltrecolonne.it\/de\/wo-wir-sind\/lage\/#breadcrumb"},"inLanguage":"de","potentialAction":[{"@type":"ReadAction","target":["https:\/\/www.hoteltrecolonne.it\/de\/wo-wir-sind\/lage\/"]}]},{"@type":"BreadcrumbList","@id":"https:\/\/www.hoteltrecolonne.it\/de\/wo-wir-sind\/lage\/#breadcrumb","itemListElement":[{"@type":"ListItem","position":1,"name":"Home","item":"https:\/\/www.hoteltrecolonne.it\/de\/"},{"@type":"ListItem","position":2,"name":"Wo wir sind","item":"https:\/\/www.hoteltrecolonne.it\/de\/wo-wir-sind\/"},{"@type":"ListItem","position":3,"name":"Lage"}]},{"@type":"WebSite","@id":"https:\/\/www.hoteltrecolonne.it\/#website","url":"https:\/\/www.hoteltrecolonne.it\/","name":"Hotel Tre Colonne","description":"Hotel 3 stelle a Marina di Campo","potentialAction":[{"@type":"SearchAction","target":{"@type":"EntryPoint","urlTemplate":"https:\/\/www.hoteltrecolonne.it\/?s={search_term_string}"},"query-input":{"@type":"PropertyValueSpecification","valueRequired":true,"valueName":"search_term_string"}}],"inLanguage":"de"}]}},"_links":{"self":[{"href":"https:\/\/www.hoteltrecolonne.it\/de\/wp-json\/wp\/v2\/pages\/12913","targetHints":{"allow":["GET"]}}],"collection":[{"href":"https:\/\/www.hoteltrecolonne.it\/de\/wp-json\/wp\/v2\/pages"}],"about":[{"href":"https:\/\/www.hoteltrecolonne.it\/de\/wp-json\/wp\/v2\/types\/page"}],"author":[{"embeddable":true,"href":"https:\/\/www.hoteltrecolonne.it\/de\/wp-json\/wp\/v2\/users\/1"}],"replies":[{"embeddable":true,"href":"https:\/\/www.hoteltrecolonne.it\/de\/wp-json\/wp\/v2\/comments?post=12913"}],"version-history":[{"count":2,"href":"https:\/\/www.hoteltrecolonne.it\/de\/wp-json\/wp\/v2\/pages\/12913\/revisions"}],"predecessor-version":[{"id":12915,"href":"https:\/\/www.hoteltrecolonne.it\/de\/wp-json\/wp\/v2\/pages\/12913\/revisions\/12915"}],"up":[{"embeddable":true,"href":"https:\/\/www.hoteltrecolonne.it\/de\/wp-json\/wp\/v2\/pages\/12906"}],"wp:attachment":[{"href":"https:\/\/www.hoteltrecolonne.it\/de\/wp-json\/wp\/v2\/media?parent=12913"}],"curies":[{"name":"wp","href":"https:\/\/api.w.org\/{rel}","templated":true}]}}