{"id":12921,"date":"2017-02-03T15:28:22","date_gmt":"2017-02-03T14:28:22","guid":{"rendered":"http:\/\/www.hoteltrecolonne.it\/wo-wir-sind\/marina-di-campo\/"},"modified":"2017-04-07T11:18:49","modified_gmt":"2017-04-07T09:18:49","slug":"marina-di-campo","status":"publish","type":"page","link":"https:\/\/www.hoteltrecolonne.it\/de\/wo-wir-sind\/marina-di-campo\/","title":{"rendered":"Marina di Campo"},"content":{"rendered":"<section class=\"wpb-content-wrapper\"><p>[vc_row full_screen_section_height=&#8220;no&#8220;][vc_column offset=&#8220;vc_col-lg-offset-1 vc_col-lg-10&#8243;][vc_column_text]Einer der wichtigsten touristischen und meist Besuchten Orte Elbas ist sicherlich Marina di Campo. Administrativ geh\u00f6rt das Dorf zu der Gemeinde Campo nell&#8217;Elba, dessen Rathaus sich in Marina di Campo befindet und noch ander sehenswerte Orte aufweist wie auf der westlichen Seite Elbas Cavoli, Seccheto und Fetovaia.<\/p>\n<p>Marina di Campo ist der Hauptort der Gemeinde und nennt auch den gr\u00f6\u00dften Strand der Elba sein eigen. Ein breiter Strand von einem goldenen Granitsand gepr\u00e4gt, eignet sich auch f\u00fcr Kinder und erstreckt sich \u00fcber 1,5 km von Marina di Campo bis nach La Foce.<\/p>\n<p>Am Strand, welcher zum Teil mit Badeanstalten und allen Arten von Dienstleistungen, einschlie\u00dflich Bars und Restaurants ausgestattet ist, werden Sie unvergessliche Momente verbringen.<\/p>\n<p>Marina di Campo ist ein Ferienort ideal f\u00fcr Familien und Gruppen von Jugendlichen, dank der verschiedenen Dienste und Discotheken in der N\u00e4he des Dorfes.[\/vc_column_text][vc_empty_space height=&#8220;50px&#8220;]<div class=\"qodef-image-gallery\">\n\t<div class=\"qodef-image-gallery-grid clearfix qodef-gallery-columns-5 \" >\n\t\t\t\t\t<div class=\"qodef-gallery-image\">\n\t\t\t\t\t\t\t\t\t<a itemprop=\"image\" href=\"https:\/\/www.hoteltrecolonne.it\/wp-content\/uploads\/gallery_marinadicampo_01.jpg\" data-rel=\"prettyPhoto[single_pretty_photo]\" title=\"Marina di Campo\">\n\t\t\t\t\n\t\t\t\t\t\t\t\t\t\t\t<img loading=\"lazy\" decoding=\"async\" width=\"300\" height=\"200\" src=\"https:\/\/www.hoteltrecolonne.it\/wp-content\/uploads\/gallery_marinadicampo_01-300x200.jpg\" class=\"attachment-medium size-medium\" alt=\"Marina di Campo\" srcset=\"https:\/\/www.hoteltrecolonne.it\/wp-content\/uploads\/gallery_marinadicampo_01-300x200.jpg 300w, https:\/\/www.hoteltrecolonne.it\/wp-content\/uploads\/gallery_marinadicampo_01-768x512.jpg 768w, https:\/\/www.hoteltrecolonne.it\/wp-content\/uploads\/gallery_marinadicampo_01-1024x683.jpg 1024w, https:\/\/www.hoteltrecolonne.it\/wp-content\/uploads\/gallery_marinadicampo_01.jpg 1200w\" sizes=\"auto, (max-width: 300px) 100vw, 300px\" \/>\t\t\t\t\t\n\t\t\t\t<\/a>\n\n\t\t\t<\/div>\n\t\t\t\t\t<div class=\"qodef-gallery-image\">\n\t\t\t\t\t\t\t\t\t<a itemprop=\"image\" href=\"https:\/\/www.hoteltrecolonne.it\/wp-content\/uploads\/gallery_marinadicampo_02.jpg\" data-rel=\"prettyPhoto[single_pretty_photo]\" title=\"Marina di Campo\">\n\t\t\t\t\n\t\t\t\t\t\t\t\t\t\t\t<img loading=\"lazy\" decoding=\"async\" width=\"300\" height=\"200\" src=\"https:\/\/www.hoteltrecolonne.it\/wp-content\/uploads\/gallery_marinadicampo_02-300x200.jpg\" class=\"attachment-medium size-medium\" alt=\"Marina di Campo\" srcset=\"https:\/\/www.hoteltrecolonne.it\/wp-content\/uploads\/gallery_marinadicampo_02-300x200.jpg 300w, https:\/\/www.hoteltrecolonne.it\/wp-content\/uploads\/gallery_marinadicampo_02-768x512.jpg 768w, https:\/\/www.hoteltrecolonne.it\/wp-content\/uploads\/gallery_marinadicampo_02-1024x683.jpg 1024w, https:\/\/www.hoteltrecolonne.it\/wp-content\/uploads\/gallery_marinadicampo_02.jpg 1200w\" sizes=\"auto, (max-width: 300px) 100vw, 300px\" \/>\t\t\t\t\t\n\t\t\t\t<\/a>\n\n\t\t\t<\/div>\n\t\t\t\t\t<div class=\"qodef-gallery-image\">\n\t\t\t\t\t\t\t\t\t<a itemprop=\"image\" href=\"https:\/\/www.hoteltrecolonne.it\/wp-content\/uploads\/gallery_marinadicampo_03.jpg\" data-rel=\"prettyPhoto[single_pretty_photo]\" title=\"Marina di Campo\">\n\t\t\t\t\n\t\t\t\t\t\t\t\t\t\t\t<img loading=\"lazy\" decoding=\"async\" width=\"300\" height=\"200\" src=\"https:\/\/www.hoteltrecolonne.it\/wp-content\/uploads\/gallery_marinadicampo_03-300x200.jpg\" class=\"attachment-medium size-medium\" alt=\"Marina di Campo\" srcset=\"https:\/\/www.hoteltrecolonne.it\/wp-content\/uploads\/gallery_marinadicampo_03-300x200.jpg 300w, https:\/\/www.hoteltrecolonne.it\/wp-content\/uploads\/gallery_marinadicampo_03-768x512.jpg 768w, https:\/\/www.hoteltrecolonne.it\/wp-content\/uploads\/gallery_marinadicampo_03-1024x683.jpg 1024w, https:\/\/www.hoteltrecolonne.it\/wp-content\/uploads\/gallery_marinadicampo_03.jpg 1200w\" sizes=\"auto, (max-width: 300px) 100vw, 300px\" \/>\t\t\t\t\t\n\t\t\t\t<\/a>\n\n\t\t\t<\/div>\n\t\t\t\t\t<div class=\"qodef-gallery-image\">\n\t\t\t\t\t\t\t\t\t<a itemprop=\"image\" href=\"https:\/\/www.hoteltrecolonne.it\/wp-content\/uploads\/gallery_marinadicampo_08.jpg\" data-rel=\"prettyPhoto[single_pretty_photo]\" title=\"Marina di Campo\">\n\t\t\t\t\n\t\t\t\t\t\t\t\t\t\t\t<img loading=\"lazy\" decoding=\"async\" width=\"300\" height=\"200\" src=\"https:\/\/www.hoteltrecolonne.it\/wp-content\/uploads\/gallery_marinadicampo_08-300x200.jpg\" class=\"attachment-medium size-medium\" alt=\"Marina di Campo\" srcset=\"https:\/\/www.hoteltrecolonne.it\/wp-content\/uploads\/gallery_marinadicampo_08-300x200.jpg 300w, https:\/\/www.hoteltrecolonne.it\/wp-content\/uploads\/gallery_marinadicampo_08-768x512.jpg 768w, https:\/\/www.hoteltrecolonne.it\/wp-content\/uploads\/gallery_marinadicampo_08-1024x683.jpg 1024w, https:\/\/www.hoteltrecolonne.it\/wp-content\/uploads\/gallery_marinadicampo_08.jpg 1200w\" sizes=\"auto, (max-width: 300px) 100vw, 300px\" \/>\t\t\t\t\t\n\t\t\t\t<\/a>\n\n\t\t\t<\/div>\n\t\t\t\t\t<div class=\"qodef-gallery-image\">\n\t\t\t\t\t\t\t\t\t<a itemprop=\"image\" href=\"https:\/\/www.hoteltrecolonne.it\/wp-content\/uploads\/gallery_marinadicampo_10.jpg\" data-rel=\"prettyPhoto[single_pretty_photo]\" title=\"Marina di Campo\">\n\t\t\t\t\n\t\t\t\t\t\t\t\t\t\t\t<img loading=\"lazy\" decoding=\"async\" width=\"300\" height=\"200\" src=\"https:\/\/www.hoteltrecolonne.it\/wp-content\/uploads\/gallery_marinadicampo_10-300x200.jpg\" class=\"attachment-medium size-medium\" alt=\"Marina di Campo\" srcset=\"https:\/\/www.hoteltrecolonne.it\/wp-content\/uploads\/gallery_marinadicampo_10-300x200.jpg 300w, https:\/\/www.hoteltrecolonne.it\/wp-content\/uploads\/gallery_marinadicampo_10-768x512.jpg 768w, https:\/\/www.hoteltrecolonne.it\/wp-content\/uploads\/gallery_marinadicampo_10-1024x683.jpg 1024w, https:\/\/www.hoteltrecolonne.it\/wp-content\/uploads\/gallery_marinadicampo_10.jpg 1200w\" sizes=\"auto, (max-width: 300px) 100vw, 300px\" \/>\t\t\t\t\t\n\t\t\t\t<\/a>\n\n\t\t\t<\/div>\n\t\t\t\t\t<div class=\"qodef-gallery-image\">\n\t\t\t\t\t\t\t\t\t<a itemprop=\"image\" href=\"https:\/\/www.hoteltrecolonne.it\/wp-content\/uploads\/gallery_marinadicampo_04.jpg\" data-rel=\"prettyPhoto[single_pretty_photo]\" title=\"Marina di Campo\">\n\t\t\t\t\n\t\t\t\t\t\t\t\t\t\t\t<img loading=\"lazy\" decoding=\"async\" width=\"300\" height=\"200\" src=\"https:\/\/www.hoteltrecolonne.it\/wp-content\/uploads\/gallery_marinadicampo_04-300x200.jpg\" class=\"attachment-medium size-medium\" alt=\"Marina di Campo\" srcset=\"https:\/\/www.hoteltrecolonne.it\/wp-content\/uploads\/gallery_marinadicampo_04-300x200.jpg 300w, https:\/\/www.hoteltrecolonne.it\/wp-content\/uploads\/gallery_marinadicampo_04-768x512.jpg 768w, https:\/\/www.hoteltrecolonne.it\/wp-content\/uploads\/gallery_marinadicampo_04-1024x683.jpg 1024w, https:\/\/www.hoteltrecolonne.it\/wp-content\/uploads\/gallery_marinadicampo_04.jpg 1200w\" sizes=\"auto, (max-width: 300px) 100vw, 300px\" \/>\t\t\t\t\t\n\t\t\t\t<\/a>\n\n\t\t\t<\/div>\n\t\t\t\t\t<div class=\"qodef-gallery-image\">\n\t\t\t\t\t\t\t\t\t<a itemprop=\"image\" href=\"https:\/\/www.hoteltrecolonne.it\/wp-content\/uploads\/gallery_marinadicampo_05.jpg\" data-rel=\"prettyPhoto[single_pretty_photo]\" title=\"Marina di Campo\">\n\t\t\t\t\n\t\t\t\t\t\t\t\t\t\t\t<img loading=\"lazy\" decoding=\"async\" width=\"300\" height=\"200\" src=\"https:\/\/www.hoteltrecolonne.it\/wp-content\/uploads\/gallery_marinadicampo_05-300x200.jpg\" class=\"attachment-medium size-medium\" alt=\"Marina di Campo\" srcset=\"https:\/\/www.hoteltrecolonne.it\/wp-content\/uploads\/gallery_marinadicampo_05-300x200.jpg 300w, https:\/\/www.hoteltrecolonne.it\/wp-content\/uploads\/gallery_marinadicampo_05-768x512.jpg 768w, https:\/\/www.hoteltrecolonne.it\/wp-content\/uploads\/gallery_marinadicampo_05-1024x683.jpg 1024w, https:\/\/www.hoteltrecolonne.it\/wp-content\/uploads\/gallery_marinadicampo_05.jpg 1200w\" sizes=\"auto, (max-width: 300px) 100vw, 300px\" \/>\t\t\t\t\t\n\t\t\t\t<\/a>\n\n\t\t\t<\/div>\n\t\t\t\t\t<div class=\"qodef-gallery-image\">\n\t\t\t\t\t\t\t\t\t<a itemprop=\"image\" href=\"https:\/\/www.hoteltrecolonne.it\/wp-content\/uploads\/gallery_marinadicampo_06.jpg\" data-rel=\"prettyPhoto[single_pretty_photo]\" title=\"Marina di Campo\">\n\t\t\t\t\n\t\t\t\t\t\t\t\t\t\t\t<img loading=\"lazy\" decoding=\"async\" width=\"300\" height=\"200\" src=\"https:\/\/www.hoteltrecolonne.it\/wp-content\/uploads\/gallery_marinadicampo_06-300x200.jpg\" class=\"attachment-medium size-medium\" alt=\"Marina di Campo\" srcset=\"https:\/\/www.hoteltrecolonne.it\/wp-content\/uploads\/gallery_marinadicampo_06-300x200.jpg 300w, https:\/\/www.hoteltrecolonne.it\/wp-content\/uploads\/gallery_marinadicampo_06-768x512.jpg 768w, https:\/\/www.hoteltrecolonne.it\/wp-content\/uploads\/gallery_marinadicampo_06-1024x683.jpg 1024w, https:\/\/www.hoteltrecolonne.it\/wp-content\/uploads\/gallery_marinadicampo_06.jpg 1200w\" sizes=\"auto, (max-width: 300px) 100vw, 300px\" \/>\t\t\t\t\t\n\t\t\t\t<\/a>\n\n\t\t\t<\/div>\n\t\t\t\t\t<div class=\"qodef-gallery-image\">\n\t\t\t\t\t\t\t\t\t<a itemprop=\"image\" href=\"https:\/\/www.hoteltrecolonne.it\/wp-content\/uploads\/gallery_marinadicampo_07.jpg\" data-rel=\"prettyPhoto[single_pretty_photo]\" title=\"Marina di Campo\">\n\t\t\t\t\n\t\t\t\t\t\t\t\t\t\t\t<img loading=\"lazy\" decoding=\"async\" width=\"300\" height=\"200\" src=\"https:\/\/www.hoteltrecolonne.it\/wp-content\/uploads\/gallery_marinadicampo_07-300x200.jpg\" class=\"attachment-medium size-medium\" alt=\"Marina di Campo\" srcset=\"https:\/\/www.hoteltrecolonne.it\/wp-content\/uploads\/gallery_marinadicampo_07-300x200.jpg 300w, https:\/\/www.hoteltrecolonne.it\/wp-content\/uploads\/gallery_marinadicampo_07-768x512.jpg 768w, https:\/\/www.hoteltrecolonne.it\/wp-content\/uploads\/gallery_marinadicampo_07-1024x683.jpg 1024w, https:\/\/www.hoteltrecolonne.it\/wp-content\/uploads\/gallery_marinadicampo_07.jpg 1200w\" sizes=\"auto, (max-width: 300px) 100vw, 300px\" \/>\t\t\t\t\t\n\t\t\t\t<\/a>\n\n\t\t\t<\/div>\n\t\t\t\t\t<div class=\"qodef-gallery-image\">\n\t\t\t\t\t\t\t\t\t<a itemprop=\"image\" href=\"https:\/\/www.hoteltrecolonne.it\/wp-content\/uploads\/gallery_marinadicampo_09.jpg\" data-rel=\"prettyPhoto[single_pretty_photo]\" title=\"Marina di Campo\">\n\t\t\t\t\n\t\t\t\t\t\t\t\t\t\t\t<img loading=\"lazy\" decoding=\"async\" width=\"300\" height=\"200\" src=\"https:\/\/www.hoteltrecolonne.it\/wp-content\/uploads\/gallery_marinadicampo_09-300x200.jpg\" class=\"attachment-medium size-medium\" alt=\"Marina di Campo\" srcset=\"https:\/\/www.hoteltrecolonne.it\/wp-content\/uploads\/gallery_marinadicampo_09-300x200.jpg 300w, https:\/\/www.hoteltrecolonne.it\/wp-content\/uploads\/gallery_marinadicampo_09-768x512.jpg 768w, https:\/\/www.hoteltrecolonne.it\/wp-content\/uploads\/gallery_marinadicampo_09-1024x683.jpg 1024w, https:\/\/www.hoteltrecolonne.it\/wp-content\/uploads\/gallery_marinadicampo_09.jpg 1200w\" sizes=\"auto, (max-width: 300px) 100vw, 300px\" \/>\t\t\t\t\t\n\t\t\t\t<\/a>\n\n\t\t\t<\/div>\n\t\t\t<\/div>\n<\/div>[\/vc_column][\/vc_row]<\/p>\n<\/section>","protected":false},"excerpt":{"rendered":"<p>[vc_row full_screen_section_height=&#8220;no&#8220;][vc_column offset=&#8220;vc_col-lg-offset-1 vc_col-lg-10&#8243;][vc_column_text]Einer der wichtigsten touristischen und meist Besuchten Orte Elbas ist sicherlich Marina di Campo. Administrativ geh\u00f6rt das Dorf zu der Gemeinde Campo nell&#8217;Elba, dessen Rathaus sich in Marina di Campo befindet und noch ander sehenswerte Orte aufweist wie auf der westlichen Seite&#8230;<\/p>\n","protected":false},"author":1,"featured_media":0,"parent":12906,"menu_order":2,"comment_status":"closed","ping_status":"closed","template":"","meta":{"footnotes":""},"class_list":["post-12921","page","type-page","status-publish","hentry"],"yoast_head":"<!-- This site is optimized with the Yoast SEO plugin v24.4 - https:\/\/yoast.com\/wordpress\/plugins\/seo\/ -->\n<title>Marina di Campo, Insel Elba<\/title>\n<meta name=\"description\" content=\"Einer der wichtigsten touristischen und meist Besuchten Orte Elbas ist sicherlich Marina di Campo.\" \/>\n<meta name=\"robots\" content=\"index, follow, max-snippet:-1, max-image-preview:large, max-video-preview:-1\" \/>\n<link rel=\"canonical\" href=\"https:\/\/www.hoteltrecolonne.it\/de\/wo-wir-sind\/marina-di-campo\/\" \/>\n<meta property=\"og:locale\" content=\"de_DE\" \/>\n<meta property=\"og:type\" content=\"article\" \/>\n<meta property=\"og:title\" content=\"Marina di Campo, Insel Elba\" \/>\n<meta property=\"og:description\" content=\"Einer der wichtigsten touristischen und meist Besuchten Orte Elbas ist sicherlich Marina di Campo.\" \/>\n<meta property=\"og:url\" content=\"https:\/\/www.hoteltrecolonne.it\/de\/wo-wir-sind\/marina-di-campo\/\" \/>\n<meta property=\"og:site_name\" content=\"Hotel Tre Colonne\" \/>\n<meta property=\"article:modified_time\" content=\"2017-04-07T09:18:49+00:00\" \/>\n<meta name=\"twitter:card\" content=\"summary_large_image\" \/>\n<meta name=\"twitter:label1\" content=\"Gesch\u00e4tzte Lesezeit\" \/>\n\t<meta name=\"twitter:data1\" content=\"1\u00a0Minute\" \/>\n<script type=\"application\/ld+json\" class=\"yoast-schema-graph\">{\"@context\":\"https:\/\/schema.org\",\"@graph\":[{\"@type\":\"WebPage\",\"@id\":\"https:\/\/www.hoteltrecolonne.it\/de\/wo-wir-sind\/marina-di-campo\/\",\"url\":\"https:\/\/www.hoteltrecolonne.it\/de\/wo-wir-sind\/marina-di-campo\/\",\"name\":\"Marina di Campo, Insel Elba\",\"isPartOf\":{\"@id\":\"https:\/\/www.hoteltrecolonne.it\/#website\"},\"datePublished\":\"2017-02-03T14:28:22+00:00\",\"dateModified\":\"2017-04-07T09:18:49+00:00\",\"description\":\"Einer der wichtigsten touristischen und meist Besuchten Orte Elbas ist sicherlich Marina di Campo.\",\"breadcrumb\":{\"@id\":\"https:\/\/www.hoteltrecolonne.it\/de\/wo-wir-sind\/marina-di-campo\/#breadcrumb\"},\"inLanguage\":\"de\",\"potentialAction\":[{\"@type\":\"ReadAction\",\"target\":[\"https:\/\/www.hoteltrecolonne.it\/de\/wo-wir-sind\/marina-di-campo\/\"]}]},{\"@type\":\"BreadcrumbList\",\"@id\":\"https:\/\/www.hoteltrecolonne.it\/de\/wo-wir-sind\/marina-di-campo\/#breadcrumb\",\"itemListElement\":[{\"@type\":\"ListItem\",\"position\":1,\"name\":\"Home\",\"item\":\"https:\/\/www.hoteltrecolonne.it\/de\/\"},{\"@type\":\"ListItem\",\"position\":2,\"name\":\"Wo wir sind\",\"item\":\"https:\/\/www.hoteltrecolonne.it\/de\/wo-wir-sind\/\"},{\"@type\":\"ListItem\",\"position\":3,\"name\":\"Marina di Campo\"}]},{\"@type\":\"WebSite\",\"@id\":\"https:\/\/www.hoteltrecolonne.it\/#website\",\"url\":\"https:\/\/www.hoteltrecolonne.it\/\",\"name\":\"Hotel Tre Colonne\",\"description\":\"Hotel 3 stelle a Marina di Campo\",\"potentialAction\":[{\"@type\":\"SearchAction\",\"target\":{\"@type\":\"EntryPoint\",\"urlTemplate\":\"https:\/\/www.hoteltrecolonne.it\/?s={search_term_string}\"},\"query-input\":{\"@type\":\"PropertyValueSpecification\",\"valueRequired\":true,\"valueName\":\"search_term_string\"}}],\"inLanguage\":\"de\"}]}<\/script>\n<!-- \/ Yoast SEO plugin. -->","yoast_head_json":{"title":"Marina di Campo, Insel Elba","description":"Einer der wichtigsten touristischen und meist Besuchten Orte Elbas ist sicherlich Marina di Campo.","robots":{"index":"index","follow":"follow","max-snippet":"max-snippet:-1","max-image-preview":"max-image-preview:large","max-video-preview":"max-video-preview:-1"},"canonical":"https:\/\/www.hoteltrecolonne.it\/de\/wo-wir-sind\/marina-di-campo\/","og_locale":"de_DE","og_type":"article","og_title":"Marina di Campo, Insel Elba","og_description":"Einer der wichtigsten touristischen und meist Besuchten Orte Elbas ist sicherlich Marina di Campo.","og_url":"https:\/\/www.hoteltrecolonne.it\/de\/wo-wir-sind\/marina-di-campo\/","og_site_name":"Hotel Tre Colonne","article_modified_time":"2017-04-07T09:18:49+00:00","twitter_card":"summary_large_image","twitter_misc":{"Gesch\u00e4tzte Lesezeit":"1\u00a0Minute"},"schema":{"@context":"https:\/\/schema.org","@graph":[{"@type":"WebPage","@id":"https:\/\/www.hoteltrecolonne.it\/de\/wo-wir-sind\/marina-di-campo\/","url":"https:\/\/www.hoteltrecolonne.it\/de\/wo-wir-sind\/marina-di-campo\/","name":"Marina di Campo, Insel Elba","isPartOf":{"@id":"https:\/\/www.hoteltrecolonne.it\/#website"},"datePublished":"2017-02-03T14:28:22+00:00","dateModified":"2017-04-07T09:18:49+00:00","description":"Einer der wichtigsten touristischen und meist Besuchten Orte Elbas ist sicherlich Marina di Campo.","breadcrumb":{"@id":"https:\/\/www.hoteltrecolonne.it\/de\/wo-wir-sind\/marina-di-campo\/#breadcrumb"},"inLanguage":"de","potentialAction":[{"@type":"ReadAction","target":["https:\/\/www.hoteltrecolonne.it\/de\/wo-wir-sind\/marina-di-campo\/"]}]},{"@type":"BreadcrumbList","@id":"https:\/\/www.hoteltrecolonne.it\/de\/wo-wir-sind\/marina-di-campo\/#breadcrumb","itemListElement":[{"@type":"ListItem","position":1,"name":"Home","item":"https:\/\/www.hoteltrecolonne.it\/de\/"},{"@type":"ListItem","position":2,"name":"Wo wir sind","item":"https:\/\/www.hoteltrecolonne.it\/de\/wo-wir-sind\/"},{"@type":"ListItem","position":3,"name":"Marina di Campo"}]},{"@type":"WebSite","@id":"https:\/\/www.hoteltrecolonne.it\/#website","url":"https:\/\/www.hoteltrecolonne.it\/","name":"Hotel Tre Colonne","description":"Hotel 3 stelle a Marina di Campo","potentialAction":[{"@type":"SearchAction","target":{"@type":"EntryPoint","urlTemplate":"https:\/\/www.hoteltrecolonne.it\/?s={search_term_string}"},"query-input":{"@type":"PropertyValueSpecification","valueRequired":true,"valueName":"search_term_string"}}],"inLanguage":"de"}]}},"_links":{"self":[{"href":"https:\/\/www.hoteltrecolonne.it\/de\/wp-json\/wp\/v2\/pages\/12921","targetHints":{"allow":["GET"]}}],"collection":[{"href":"https:\/\/www.hoteltrecolonne.it\/de\/wp-json\/wp\/v2\/pages"}],"about":[{"href":"https:\/\/www.hoteltrecolonne.it\/de\/wp-json\/wp\/v2\/types\/page"}],"author":[{"embeddable":true,"href":"https:\/\/www.hoteltrecolonne.it\/de\/wp-json\/wp\/v2\/users\/1"}],"replies":[{"embeddable":true,"href":"https:\/\/www.hoteltrecolonne.it\/de\/wp-json\/wp\/v2\/comments?post=12921"}],"version-history":[{"count":1,"href":"https:\/\/www.hoteltrecolonne.it\/de\/wp-json\/wp\/v2\/pages\/12921\/revisions"}],"predecessor-version":[{"id":12922,"href":"https:\/\/www.hoteltrecolonne.it\/de\/wp-json\/wp\/v2\/pages\/12921\/revisions\/12922"}],"up":[{"embeddable":true,"href":"https:\/\/www.hoteltrecolonne.it\/de\/wp-json\/wp\/v2\/pages\/12906"}],"wp:attachment":[{"href":"https:\/\/www.hoteltrecolonne.it\/de\/wp-json\/wp\/v2\/media?parent=12921"}],"curies":[{"name":"wp","href":"https:\/\/api.w.org\/{rel}","templated":true}]}}