{"id":12927,"date":"2017-02-03T16:21:03","date_gmt":"2017-02-03T15:21:03","guid":{"rendered":"http:\/\/www.hoteltrecolonne.it\/wo-wir-sind\/isola-d-elba\/"},"modified":"2017-04-07T11:23:41","modified_gmt":"2017-04-07T09:23:41","slug":"insel-elba","status":"publish","type":"page","link":"https:\/\/www.hoteltrecolonne.it\/de\/wo-wir-sind\/insel-elba\/","title":{"rendered":"Insel Elba"},"content":{"rendered":"<section class=\"wpb-content-wrapper\"><p>[vc_row full_screen_section_height=&#8220;no&#8220;][vc_column offset=&#8220;vc_col-lg-offset-1 vc_col-lg-10&#8243;][vc_column_text]Die Legende besagt, dass das Toskanische Archipel durch die Perlen der verlorenen Halskette von der G\u00f6ttin Venus entstand. Die G\u00f6ttin der Sch\u00f6nheit und der Liebe ging baden im Thyrrenischen Meer und verlor sieben Perlen Ihrer Halskette. Das Hotel Tre Colonne heisst Sie willkommen im gr\u00f6ssten Perle-Juwel der Kette von der Insel Elba. Und von hier laden wir Sie ein diese italienscihe Ecke im Paradies zu besuchen.<\/p>\n<p>Die Insel bietet mehr als hundert Str\u00e4nde und Buchte in vielen Farbt\u00f6nen, ideal f\u00fcr jeden Typ von Badetourist, und Berge, welche sich mit immer perfekt gr\u00fcnen H\u00e4ngen zeigen und ideal sind f\u00fcr Outdoor-Sportarten in der Nebensaison, dank der wunderbaren malerischen Wege, welche t\u00e4glich von Wanderliebhaber und Mountainbiker benutzt werden.<\/p>\n<p>Wundersch\u00f6n sind die Bergd\u00f6rfer, welche von der Jahrtausend alten Geschichte erz\u00e4hlt, dank den zahlreichen Zeugnissen, welche man auf diesem Gebiet findet. Die alten Aussichtst\u00fcrme, Villen, Burge und Museen erz\u00e4hlen von den verschiedenen Herrschaften und der Bev\u00f6lkerung, die auf der Insel ge\u00f6ebt haben.<\/p>\n<p>Am Abend bieten die verschiedenen D\u00f6rfer auf den Strassen und Pl\u00e4tzen viele Einkaufsm\u00f6glichkeiten, Restaurants und Bars, welche seinen G\u00e4sten auch Live-Musik offerieren. So werden Ihre Abende bei einem Spaziergang zum Meer belebt.<\/p>\n<p>Elba ist ein Ferienort, welcher immer im Herzen derer bleibt, die ihn besuchen und deswegen immer wieder zur\u00fcckkehren.[\/vc_column_text][vc_empty_space height=&#8220;50px&#8220;]<div class=\"qodef-image-gallery\">\n\t<div class=\"qodef-image-gallery-grid clearfix qodef-gallery-columns-5 \" >\n\t\t\t\t\t<div class=\"qodef-gallery-image\">\n\t\t\t\t\t\t\t\t\t<a itemprop=\"image\" href=\"https:\/\/www.hoteltrecolonne.it\/wp-content\/uploads\/gallery_elba_01.jpg\" data-rel=\"prettyPhoto[single_pretty_photo]\" title=\"Isola d&#8217;Elba\">\n\t\t\t\t\n\t\t\t\t\t\t\t\t\t\t\t<img loading=\"lazy\" decoding=\"async\" width=\"300\" height=\"200\" src=\"https:\/\/www.hoteltrecolonne.it\/wp-content\/uploads\/gallery_elba_01-300x200.jpg\" class=\"attachment-medium size-medium\" alt=\"Isola d&#039;Elba\" srcset=\"https:\/\/www.hoteltrecolonne.it\/wp-content\/uploads\/gallery_elba_01-300x200.jpg 300w, https:\/\/www.hoteltrecolonne.it\/wp-content\/uploads\/gallery_elba_01-768x512.jpg 768w, https:\/\/www.hoteltrecolonne.it\/wp-content\/uploads\/gallery_elba_01-1024x683.jpg 1024w, https:\/\/www.hoteltrecolonne.it\/wp-content\/uploads\/gallery_elba_01.jpg 1200w\" sizes=\"auto, (max-width: 300px) 100vw, 300px\" \/>\t\t\t\t\t\n\t\t\t\t<\/a>\n\n\t\t\t<\/div>\n\t\t\t\t\t<div class=\"qodef-gallery-image\">\n\t\t\t\t\t\t\t\t\t<a itemprop=\"image\" href=\"https:\/\/www.hoteltrecolonne.it\/wp-content\/uploads\/gallery_elba_02.jpg\" data-rel=\"prettyPhoto[single_pretty_photo]\" title=\"Isola d&#8217;Elba\">\n\t\t\t\t\n\t\t\t\t\t\t\t\t\t\t\t<img loading=\"lazy\" decoding=\"async\" width=\"300\" height=\"200\" src=\"https:\/\/www.hoteltrecolonne.it\/wp-content\/uploads\/gallery_elba_02-300x200.jpg\" class=\"attachment-medium size-medium\" alt=\"Isola d&#039;Elba\" srcset=\"https:\/\/www.hoteltrecolonne.it\/wp-content\/uploads\/gallery_elba_02-300x200.jpg 300w, https:\/\/www.hoteltrecolonne.it\/wp-content\/uploads\/gallery_elba_02-768x512.jpg 768w, https:\/\/www.hoteltrecolonne.it\/wp-content\/uploads\/gallery_elba_02-1024x683.jpg 1024w, https:\/\/www.hoteltrecolonne.it\/wp-content\/uploads\/gallery_elba_02.jpg 1200w\" sizes=\"auto, (max-width: 300px) 100vw, 300px\" \/>\t\t\t\t\t\n\t\t\t\t<\/a>\n\n\t\t\t<\/div>\n\t\t\t\t\t<div class=\"qodef-gallery-image\">\n\t\t\t\t\t\t\t\t\t<a itemprop=\"image\" href=\"https:\/\/www.hoteltrecolonne.it\/wp-content\/uploads\/gallery_elba_06.jpg\" data-rel=\"prettyPhoto[single_pretty_photo]\" title=\"Isola d&#8217;Elba\">\n\t\t\t\t\n\t\t\t\t\t\t\t\t\t\t\t<img loading=\"lazy\" decoding=\"async\" width=\"300\" height=\"200\" src=\"https:\/\/www.hoteltrecolonne.it\/wp-content\/uploads\/gallery_elba_06-300x200.jpg\" class=\"attachment-medium size-medium\" alt=\"Isola d&#039;Elba\" srcset=\"https:\/\/www.hoteltrecolonne.it\/wp-content\/uploads\/gallery_elba_06-300x200.jpg 300w, https:\/\/www.hoteltrecolonne.it\/wp-content\/uploads\/gallery_elba_06-768x512.jpg 768w, https:\/\/www.hoteltrecolonne.it\/wp-content\/uploads\/gallery_elba_06-1024x683.jpg 1024w, https:\/\/www.hoteltrecolonne.it\/wp-content\/uploads\/gallery_elba_06.jpg 1200w\" sizes=\"auto, (max-width: 300px) 100vw, 300px\" \/>\t\t\t\t\t\n\t\t\t\t<\/a>\n\n\t\t\t<\/div>\n\t\t\t\t\t<div class=\"qodef-gallery-image\">\n\t\t\t\t\t\t\t\t\t<a itemprop=\"image\" href=\"https:\/\/www.hoteltrecolonne.it\/wp-content\/uploads\/gallery_elba_03.jpg\" data-rel=\"prettyPhoto[single_pretty_photo]\" title=\"Isola d&#8217;Elba\">\n\t\t\t\t\n\t\t\t\t\t\t\t\t\t\t\t<img loading=\"lazy\" decoding=\"async\" width=\"300\" height=\"200\" src=\"https:\/\/www.hoteltrecolonne.it\/wp-content\/uploads\/gallery_elba_03-300x200.jpg\" class=\"attachment-medium size-medium\" alt=\"Isola d&#039;Elba\" srcset=\"https:\/\/www.hoteltrecolonne.it\/wp-content\/uploads\/gallery_elba_03-300x200.jpg 300w, https:\/\/www.hoteltrecolonne.it\/wp-content\/uploads\/gallery_elba_03-768x512.jpg 768w, https:\/\/www.hoteltrecolonne.it\/wp-content\/uploads\/gallery_elba_03-1024x683.jpg 1024w, https:\/\/www.hoteltrecolonne.it\/wp-content\/uploads\/gallery_elba_03.jpg 1200w\" sizes=\"auto, (max-width: 300px) 100vw, 300px\" \/>\t\t\t\t\t\n\t\t\t\t<\/a>\n\n\t\t\t<\/div>\n\t\t\t\t\t<div class=\"qodef-gallery-image\">\n\t\t\t\t\t\t\t\t\t<a itemprop=\"image\" href=\"https:\/\/www.hoteltrecolonne.it\/wp-content\/uploads\/gallery_elba_10.jpg\" data-rel=\"prettyPhoto[single_pretty_photo]\" title=\"Isola d&#8217;Elba\">\n\t\t\t\t\n\t\t\t\t\t\t\t\t\t\t\t<img loading=\"lazy\" decoding=\"async\" width=\"300\" height=\"200\" src=\"https:\/\/www.hoteltrecolonne.it\/wp-content\/uploads\/gallery_elba_10-300x200.jpg\" class=\"attachment-medium size-medium\" alt=\"Isola d&#039;Elba\" srcset=\"https:\/\/www.hoteltrecolonne.it\/wp-content\/uploads\/gallery_elba_10-300x200.jpg 300w, https:\/\/www.hoteltrecolonne.it\/wp-content\/uploads\/gallery_elba_10-768x512.jpg 768w, https:\/\/www.hoteltrecolonne.it\/wp-content\/uploads\/gallery_elba_10-1024x683.jpg 1024w, https:\/\/www.hoteltrecolonne.it\/wp-content\/uploads\/gallery_elba_10.jpg 1200w\" sizes=\"auto, (max-width: 300px) 100vw, 300px\" \/>\t\t\t\t\t\n\t\t\t\t<\/a>\n\n\t\t\t<\/div>\n\t\t\t\t\t<div class=\"qodef-gallery-image\">\n\t\t\t\t\t\t\t\t\t<a itemprop=\"image\" href=\"https:\/\/www.hoteltrecolonne.it\/wp-content\/uploads\/gallery_elba_05.jpg\" data-rel=\"prettyPhoto[single_pretty_photo]\" title=\"Isola d&#8217;Elba\">\n\t\t\t\t\n\t\t\t\t\t\t\t\t\t\t\t<img loading=\"lazy\" decoding=\"async\" width=\"300\" height=\"200\" src=\"https:\/\/www.hoteltrecolonne.it\/wp-content\/uploads\/gallery_elba_05-300x200.jpg\" class=\"attachment-medium size-medium\" alt=\"Isola d&#039;Elba\" srcset=\"https:\/\/www.hoteltrecolonne.it\/wp-content\/uploads\/gallery_elba_05-300x200.jpg 300w, https:\/\/www.hoteltrecolonne.it\/wp-content\/uploads\/gallery_elba_05-768x512.jpg 768w, https:\/\/www.hoteltrecolonne.it\/wp-content\/uploads\/gallery_elba_05-1024x683.jpg 1024w, https:\/\/www.hoteltrecolonne.it\/wp-content\/uploads\/gallery_elba_05.jpg 1200w\" sizes=\"auto, (max-width: 300px) 100vw, 300px\" \/>\t\t\t\t\t\n\t\t\t\t<\/a>\n\n\t\t\t<\/div>\n\t\t\t\t\t<div class=\"qodef-gallery-image\">\n\t\t\t\t\t\t\t\t\t<a itemprop=\"image\" href=\"https:\/\/www.hoteltrecolonne.it\/wp-content\/uploads\/gallery_elba_04.jpg\" data-rel=\"prettyPhoto[single_pretty_photo]\" title=\"Isola d&#8217;Elba\">\n\t\t\t\t\n\t\t\t\t\t\t\t\t\t\t\t<img loading=\"lazy\" decoding=\"async\" width=\"300\" height=\"200\" src=\"https:\/\/www.hoteltrecolonne.it\/wp-content\/uploads\/gallery_elba_04-300x200.jpg\" class=\"attachment-medium size-medium\" alt=\"Isola d&#039;Elba\" srcset=\"https:\/\/www.hoteltrecolonne.it\/wp-content\/uploads\/gallery_elba_04-300x200.jpg 300w, https:\/\/www.hoteltrecolonne.it\/wp-content\/uploads\/gallery_elba_04-768x512.jpg 768w, https:\/\/www.hoteltrecolonne.it\/wp-content\/uploads\/gallery_elba_04-1024x683.jpg 1024w, https:\/\/www.hoteltrecolonne.it\/wp-content\/uploads\/gallery_elba_04.jpg 1200w\" sizes=\"auto, (max-width: 300px) 100vw, 300px\" \/>\t\t\t\t\t\n\t\t\t\t<\/a>\n\n\t\t\t<\/div>\n\t\t\t\t\t<div class=\"qodef-gallery-image\">\n\t\t\t\t\t\t\t\t\t<a itemprop=\"image\" href=\"https:\/\/www.hoteltrecolonne.it\/wp-content\/uploads\/gallery_elba_07.jpg\" data-rel=\"prettyPhoto[single_pretty_photo]\" title=\"Isola d&#8217;Elba\">\n\t\t\t\t\n\t\t\t\t\t\t\t\t\t\t\t<img loading=\"lazy\" decoding=\"async\" width=\"300\" height=\"200\" src=\"https:\/\/www.hoteltrecolonne.it\/wp-content\/uploads\/gallery_elba_07-300x200.jpg\" class=\"attachment-medium size-medium\" alt=\"Isola d&#039;Elba\" srcset=\"https:\/\/www.hoteltrecolonne.it\/wp-content\/uploads\/gallery_elba_07-300x200.jpg 300w, https:\/\/www.hoteltrecolonne.it\/wp-content\/uploads\/gallery_elba_07-768x512.jpg 768w, https:\/\/www.hoteltrecolonne.it\/wp-content\/uploads\/gallery_elba_07-1024x683.jpg 1024w, https:\/\/www.hoteltrecolonne.it\/wp-content\/uploads\/gallery_elba_07.jpg 1200w\" sizes=\"auto, (max-width: 300px) 100vw, 300px\" \/>\t\t\t\t\t\n\t\t\t\t<\/a>\n\n\t\t\t<\/div>\n\t\t\t\t\t<div class=\"qodef-gallery-image\">\n\t\t\t\t\t\t\t\t\t<a itemprop=\"image\" href=\"https:\/\/www.hoteltrecolonne.it\/wp-content\/uploads\/gallery_elba_08.jpg\" data-rel=\"prettyPhoto[single_pretty_photo]\" title=\"Isola d&#8217;Elba\">\n\t\t\t\t\n\t\t\t\t\t\t\t\t\t\t\t<img loading=\"lazy\" decoding=\"async\" width=\"300\" height=\"200\" src=\"https:\/\/www.hoteltrecolonne.it\/wp-content\/uploads\/gallery_elba_08-300x200.jpg\" class=\"attachment-medium size-medium\" alt=\"Isola d&#039;Elba\" srcset=\"https:\/\/www.hoteltrecolonne.it\/wp-content\/uploads\/gallery_elba_08-300x200.jpg 300w, https:\/\/www.hoteltrecolonne.it\/wp-content\/uploads\/gallery_elba_08-768x512.jpg 768w, https:\/\/www.hoteltrecolonne.it\/wp-content\/uploads\/gallery_elba_08-1024x683.jpg 1024w, https:\/\/www.hoteltrecolonne.it\/wp-content\/uploads\/gallery_elba_08.jpg 1200w\" sizes=\"auto, (max-width: 300px) 100vw, 300px\" \/>\t\t\t\t\t\n\t\t\t\t<\/a>\n\n\t\t\t<\/div>\n\t\t\t\t\t<div class=\"qodef-gallery-image\">\n\t\t\t\t\t\t\t\t\t<a itemprop=\"image\" href=\"https:\/\/www.hoteltrecolonne.it\/wp-content\/uploads\/gallery_elba_09.jpg\" data-rel=\"prettyPhoto[single_pretty_photo]\" title=\"Isola d&#8217;Elba\">\n\t\t\t\t\n\t\t\t\t\t\t\t\t\t\t\t<img loading=\"lazy\" decoding=\"async\" width=\"300\" height=\"200\" src=\"https:\/\/www.hoteltrecolonne.it\/wp-content\/uploads\/gallery_elba_09-300x200.jpg\" class=\"attachment-medium size-medium\" alt=\"Isola d&#039;Elba\" srcset=\"https:\/\/www.hoteltrecolonne.it\/wp-content\/uploads\/gallery_elba_09-300x200.jpg 300w, https:\/\/www.hoteltrecolonne.it\/wp-content\/uploads\/gallery_elba_09-768x512.jpg 768w, https:\/\/www.hoteltrecolonne.it\/wp-content\/uploads\/gallery_elba_09-1024x683.jpg 1024w, https:\/\/www.hoteltrecolonne.it\/wp-content\/uploads\/gallery_elba_09.jpg 1200w\" sizes=\"auto, (max-width: 300px) 100vw, 300px\" \/>\t\t\t\t\t\n\t\t\t\t<\/a>\n\n\t\t\t<\/div>\n\t\t\t<\/div>\n<\/div>[\/vc_column][\/vc_row]<\/p>\n<\/section>","protected":false},"excerpt":{"rendered":"<p>[vc_row full_screen_section_height=&#8220;no&#8220;][vc_column offset=&#8220;vc_col-lg-offset-1 vc_col-lg-10&#8243;][vc_column_text]Die Legende besagt, dass das Toskanische Archipel durch die Perlen der verlorenen Halskette von der G\u00f6ttin Venus entstand. Die G\u00f6ttin der Sch\u00f6nheit und der Liebe ging baden im Thyrrenischen Meer und verlor sieben Perlen Ihrer Halskette. Das Hotel Tre Colonne heisst Sie&#8230;<\/p>\n","protected":false},"author":1,"featured_media":0,"parent":12906,"menu_order":3,"comment_status":"closed","ping_status":"closed","template":"","meta":{"footnotes":""},"class_list":["post-12927","page","type-page","status-publish","hentry"],"yoast_head":"<!-- This site is optimized with the Yoast SEO plugin v24.4 - https:\/\/yoast.com\/wordpress\/plugins\/seo\/ -->\n<title>Insel Elba - Hotel Tre Colonne, Marina di Campo<\/title>\n<meta name=\"description\" content=\"Die Legende besagt, dass das Toskanische Archipel durch die Perlen der verlorenen Halskette von der G\u00f6ttin Venus entstand.\" \/>\n<meta name=\"robots\" content=\"index, follow, max-snippet:-1, max-image-preview:large, max-video-preview:-1\" \/>\n<link rel=\"canonical\" href=\"https:\/\/www.hoteltrecolonne.it\/de\/wo-wir-sind\/insel-elba\/\" \/>\n<meta property=\"og:locale\" content=\"de_DE\" \/>\n<meta property=\"og:type\" content=\"article\" \/>\n<meta property=\"og:title\" content=\"Insel Elba - Hotel Tre Colonne, Marina di Campo\" \/>\n<meta property=\"og:description\" content=\"Die Legende besagt, dass das Toskanische Archipel durch die Perlen der verlorenen Halskette von der G\u00f6ttin Venus entstand.\" \/>\n<meta property=\"og:url\" content=\"https:\/\/www.hoteltrecolonne.it\/de\/wo-wir-sind\/insel-elba\/\" \/>\n<meta property=\"og:site_name\" content=\"Hotel Tre Colonne\" \/>\n<meta property=\"article:modified_time\" content=\"2017-04-07T09:23:41+00:00\" \/>\n<meta name=\"twitter:card\" content=\"summary_large_image\" \/>\n<meta name=\"twitter:label1\" content=\"Gesch\u00e4tzte Lesezeit\" \/>\n\t<meta name=\"twitter:data1\" content=\"1\u00a0Minute\" \/>\n<script type=\"application\/ld+json\" class=\"yoast-schema-graph\">{\"@context\":\"https:\/\/schema.org\",\"@graph\":[{\"@type\":\"WebPage\",\"@id\":\"https:\/\/www.hoteltrecolonne.it\/de\/wo-wir-sind\/insel-elba\/\",\"url\":\"https:\/\/www.hoteltrecolonne.it\/de\/wo-wir-sind\/insel-elba\/\",\"name\":\"Insel Elba - Hotel Tre Colonne, Marina di Campo\",\"isPartOf\":{\"@id\":\"https:\/\/www.hoteltrecolonne.it\/#website\"},\"datePublished\":\"2017-02-03T15:21:03+00:00\",\"dateModified\":\"2017-04-07T09:23:41+00:00\",\"description\":\"Die Legende besagt, dass das Toskanische Archipel durch die Perlen der verlorenen Halskette von der G\u00f6ttin Venus entstand.\",\"breadcrumb\":{\"@id\":\"https:\/\/www.hoteltrecolonne.it\/de\/wo-wir-sind\/insel-elba\/#breadcrumb\"},\"inLanguage\":\"de\",\"potentialAction\":[{\"@type\":\"ReadAction\",\"target\":[\"https:\/\/www.hoteltrecolonne.it\/de\/wo-wir-sind\/insel-elba\/\"]}]},{\"@type\":\"BreadcrumbList\",\"@id\":\"https:\/\/www.hoteltrecolonne.it\/de\/wo-wir-sind\/insel-elba\/#breadcrumb\",\"itemListElement\":[{\"@type\":\"ListItem\",\"position\":1,\"name\":\"Home\",\"item\":\"https:\/\/www.hoteltrecolonne.it\/de\/\"},{\"@type\":\"ListItem\",\"position\":2,\"name\":\"Wo wir sind\",\"item\":\"https:\/\/www.hoteltrecolonne.it\/de\/wo-wir-sind\/\"},{\"@type\":\"ListItem\",\"position\":3,\"name\":\"Insel Elba\"}]},{\"@type\":\"WebSite\",\"@id\":\"https:\/\/www.hoteltrecolonne.it\/#website\",\"url\":\"https:\/\/www.hoteltrecolonne.it\/\",\"name\":\"Hotel Tre Colonne\",\"description\":\"Hotel 3 stelle a Marina di Campo\",\"potentialAction\":[{\"@type\":\"SearchAction\",\"target\":{\"@type\":\"EntryPoint\",\"urlTemplate\":\"https:\/\/www.hoteltrecolonne.it\/?s={search_term_string}\"},\"query-input\":{\"@type\":\"PropertyValueSpecification\",\"valueRequired\":true,\"valueName\":\"search_term_string\"}}],\"inLanguage\":\"de\"}]}<\/script>\n<!-- \/ Yoast SEO plugin. -->","yoast_head_json":{"title":"Insel Elba - Hotel Tre Colonne, Marina di Campo","description":"Die Legende besagt, dass das Toskanische Archipel durch die Perlen der verlorenen Halskette von der G\u00f6ttin Venus entstand.","robots":{"index":"index","follow":"follow","max-snippet":"max-snippet:-1","max-image-preview":"max-image-preview:large","max-video-preview":"max-video-preview:-1"},"canonical":"https:\/\/www.hoteltrecolonne.it\/de\/wo-wir-sind\/insel-elba\/","og_locale":"de_DE","og_type":"article","og_title":"Insel Elba - Hotel Tre Colonne, Marina di Campo","og_description":"Die Legende besagt, dass das Toskanische Archipel durch die Perlen der verlorenen Halskette von der G\u00f6ttin Venus entstand.","og_url":"https:\/\/www.hoteltrecolonne.it\/de\/wo-wir-sind\/insel-elba\/","og_site_name":"Hotel Tre Colonne","article_modified_time":"2017-04-07T09:23:41+00:00","twitter_card":"summary_large_image","twitter_misc":{"Gesch\u00e4tzte Lesezeit":"1\u00a0Minute"},"schema":{"@context":"https:\/\/schema.org","@graph":[{"@type":"WebPage","@id":"https:\/\/www.hoteltrecolonne.it\/de\/wo-wir-sind\/insel-elba\/","url":"https:\/\/www.hoteltrecolonne.it\/de\/wo-wir-sind\/insel-elba\/","name":"Insel Elba - Hotel Tre Colonne, Marina di Campo","isPartOf":{"@id":"https:\/\/www.hoteltrecolonne.it\/#website"},"datePublished":"2017-02-03T15:21:03+00:00","dateModified":"2017-04-07T09:23:41+00:00","description":"Die Legende besagt, dass das Toskanische Archipel durch die Perlen der verlorenen Halskette von der G\u00f6ttin Venus entstand.","breadcrumb":{"@id":"https:\/\/www.hoteltrecolonne.it\/de\/wo-wir-sind\/insel-elba\/#breadcrumb"},"inLanguage":"de","potentialAction":[{"@type":"ReadAction","target":["https:\/\/www.hoteltrecolonne.it\/de\/wo-wir-sind\/insel-elba\/"]}]},{"@type":"BreadcrumbList","@id":"https:\/\/www.hoteltrecolonne.it\/de\/wo-wir-sind\/insel-elba\/#breadcrumb","itemListElement":[{"@type":"ListItem","position":1,"name":"Home","item":"https:\/\/www.hoteltrecolonne.it\/de\/"},{"@type":"ListItem","position":2,"name":"Wo wir sind","item":"https:\/\/www.hoteltrecolonne.it\/de\/wo-wir-sind\/"},{"@type":"ListItem","position":3,"name":"Insel Elba"}]},{"@type":"WebSite","@id":"https:\/\/www.hoteltrecolonne.it\/#website","url":"https:\/\/www.hoteltrecolonne.it\/","name":"Hotel Tre Colonne","description":"Hotel 3 stelle a Marina di Campo","potentialAction":[{"@type":"SearchAction","target":{"@type":"EntryPoint","urlTemplate":"https:\/\/www.hoteltrecolonne.it\/?s={search_term_string}"},"query-input":{"@type":"PropertyValueSpecification","valueRequired":true,"valueName":"search_term_string"}}],"inLanguage":"de"}]}},"_links":{"self":[{"href":"https:\/\/www.hoteltrecolonne.it\/de\/wp-json\/wp\/v2\/pages\/12927","targetHints":{"allow":["GET"]}}],"collection":[{"href":"https:\/\/www.hoteltrecolonne.it\/de\/wp-json\/wp\/v2\/pages"}],"about":[{"href":"https:\/\/www.hoteltrecolonne.it\/de\/wp-json\/wp\/v2\/types\/page"}],"author":[{"embeddable":true,"href":"https:\/\/www.hoteltrecolonne.it\/de\/wp-json\/wp\/v2\/users\/1"}],"replies":[{"embeddable":true,"href":"https:\/\/www.hoteltrecolonne.it\/de\/wp-json\/wp\/v2\/comments?post=12927"}],"version-history":[{"count":2,"href":"https:\/\/www.hoteltrecolonne.it\/de\/wp-json\/wp\/v2\/pages\/12927\/revisions"}],"predecessor-version":[{"id":12929,"href":"https:\/\/www.hoteltrecolonne.it\/de\/wp-json\/wp\/v2\/pages\/12927\/revisions\/12929"}],"up":[{"embeddable":true,"href":"https:\/\/www.hoteltrecolonne.it\/de\/wp-json\/wp\/v2\/pages\/12906"}],"wp:attachment":[{"href":"https:\/\/www.hoteltrecolonne.it\/de\/wp-json\/wp\/v2\/media?parent=12927"}],"curies":[{"name":"wp","href":"https:\/\/api.w.org\/{rel}","templated":true}]}}