{"id":12943,"date":"2017-02-03T16:23:03","date_gmt":"2017-02-03T15:23:03","guid":{"rendered":"http:\/\/www.hoteltrecolonne.it\/info-und-buchungen\/richieste\/"},"modified":"2017-04-07T14:50:52","modified_gmt":"2017-04-07T12:50:52","slug":"anfragen","status":"publish","type":"page","link":"https:\/\/www.hoteltrecolonne.it\/de\/info-und-buchungen\/anfragen\/","title":{"rendered":"Anfragen"},"content":{"rendered":"<section class=\"wpb-content-wrapper\"><p>[vc_row full_screen_section_height=&#8220;no&#8220;][vc_column offset=&#8220;vc_col-lg-offset-1 vc_col-lg-10&#8243;]\n<div class=\"wpcf7 no-js\" id=\"wpcf7-f12937-o1\" lang=\"it-IT\" dir=\"ltr\" data-wpcf7-id=\"12937\">\n<div class=\"screen-reader-response\"><p role=\"status\" aria-live=\"polite\" aria-atomic=\"true\"><\/p> <ul><\/ul><\/div>\n<form action=\"\/de\/wp-json\/wp\/v2\/pages\/12943#wpcf7-f12937-o1\" method=\"post\" class=\"wpcf7-form init\" aria-label=\"Modulo di contatto\" novalidate=\"novalidate\" data-status=\"init\">\n<div style=\"display: none;\">\n<input type=\"hidden\" name=\"_wpcf7\" value=\"12937\" \/>\n<input type=\"hidden\" name=\"_wpcf7_version\" value=\"6.0.3\" \/>\n<input type=\"hidden\" name=\"_wpcf7_locale\" value=\"it_IT\" \/>\n<input type=\"hidden\" name=\"_wpcf7_unit_tag\" value=\"wpcf7-f12937-o1\" \/>\n<input type=\"hidden\" name=\"_wpcf7_container_post\" value=\"0\" \/>\n<input type=\"hidden\" name=\"_wpcf7_posted_data_hash\" value=\"\" \/>\n<input type=\"hidden\" name=\"_wpcf7_recaptcha_response\" value=\"\" \/>\n<\/div>\n<div class=\"qodef-contact-form\">\n\t<div class=\"qodef-input-holder\">\n\t\t<div class=\"qodef-three-columns\">\n\t\t\t<div class=\"qodef-column\">\n\t\t\t\t<p><span class=\"wpcf7-form-control-wrap\" data-name=\"nome\"><input size=\"40\" maxlength=\"400\" class=\"wpcf7-form-control wpcf7-text wpcf7-validates-as-required\" autocomplete=\"off\" aria-required=\"true\" aria-invalid=\"false\" placeholder=\"Name *\" value=\"\" type=\"text\" name=\"nome\" \/><\/span>\n\t\t\t\t<\/p>\n\t\t\t<\/div>\n\t\t\t<div class=\"qodef-column\">\n\t\t\t\t<div class=\"qodef-column-inner\">\n\t\t\t\t\t<p><span class=\"wpcf7-form-control-wrap\" data-name=\"cognome\"><input size=\"40\" maxlength=\"400\" class=\"wpcf7-form-control wpcf7-text wpcf7-validates-as-required\" autocomplete=\"off\" aria-required=\"true\" aria-invalid=\"false\" placeholder=\"Nachname *\" value=\"\" type=\"text\" name=\"cognome\" \/><\/span>\n\t\t\t\t\t<\/p>\n\t\t\t\t<\/div>\n\t\t\t<\/div>\n\t\t\t<div class=\"qodef-column\">\n\t\t\t\t<p><span class=\"wpcf7-form-control-wrap\" data-name=\"citta\"><input size=\"40\" maxlength=\"400\" class=\"wpcf7-form-control wpcf7-text\" autocomplete=\"off\" aria-invalid=\"false\" placeholder=\"Ort\" value=\"\" type=\"text\" name=\"citta\" \/><\/span>\n\t\t\t\t<\/p>\n\t\t\t<\/div>\n\t\t<\/div>\n\t<\/div>\n\t<div class=\"qodef-input-holder\">\n\t\t<div class=\"qodef-two-columns-50-50\">\n\t\t\t<div class=\"qodef-column-left\">\n\t\t\t\t<p><span class=\"wpcf7-form-control-wrap\" data-name=\"telefono\"><input size=\"40\" maxlength=\"400\" class=\"wpcf7-form-control wpcf7-text wpcf7-validates-as-required\" autocomplete=\"off\" aria-required=\"true\" aria-invalid=\"false\" placeholder=\"Telefon *\" value=\"\" type=\"text\" name=\"telefono\" \/><\/span>\n\t\t\t\t<\/p>\n\t\t\t<\/div>\n\t\t\t<div class=\"qodef-column-right\">\n\t\t\t\t<p><span class=\"wpcf7-form-control-wrap\" data-name=\"email\"><input size=\"40\" maxlength=\"400\" class=\"wpcf7-form-control wpcf7-email wpcf7-validates-as-required wpcf7-text wpcf7-validates-as-email\" autocomplete=\"off\" aria-required=\"true\" aria-invalid=\"false\" placeholder=\"Email *\" value=\"\" type=\"email\" name=\"email\" \/><\/span>\n\t\t\t\t<\/p>\n\t\t\t<\/div>\n\t\t<\/div>\n\t<\/div>\n\t<div>\n\t\t<p>&nbsp;\n\t\t<\/p>\n\t<\/div>\n\t<div class=\"qodef-input-holder\">\n\t\t<div class=\"qodef-two-columns-50-50\">\n\t\t\t<div class=\"qodef-column-left\">\n\t\t\t\t<p><span class=\"wpcf7-form-control-wrap\" data-name=\"interesse\"><select class=\"wpcf7-form-control wpcf7-select\" aria-invalid=\"false\" name=\"interesse\"><option value=\"Interesse\">Interesse<\/option><option value=\"Buchen\">Buchen<\/option><option value=\"Informationen\">Informationen<\/option><\/select><\/span>\n\t\t\t\t<\/p>\n\t\t\t<\/div>\n\t\t\t<div class=\"qodef-column-right\">\n\t\t\t\t<p><span class=\"wpcf7-form-control-wrap\" data-name=\"trattamento\"><select class=\"wpcf7-form-control wpcf7-select\" aria-invalid=\"false\" name=\"trattamento\"><option value=\"Behandlung\">Behandlung<\/option><option value=\"Halbpension\">Halbpension<\/option><option value=\"Vollpension\">Vollpension<\/option><\/select><\/span>\n\t\t\t\t<\/p>\n\t\t\t<\/div>\n\t\t<\/div>\n\t<\/div>\n\t<div class=\"qodef-input-holder\">\n\t\t<div class=\"qodef-two-columns-50-50\">\n\t\t\t<div class=\"qodef-column-left\">\n\t\t\t\t<p><span class=\"wpcf7-form-control-wrap\" data-name=\"arrivo\"><input size=\"40\" maxlength=\"400\" class=\"wpcf7-form-control wpcf7-text wpcf7-validates-as-required\" autocomplete=\"off\" aria-required=\"true\" aria-invalid=\"false\" placeholder=\"Anreisedatum * (tt\/mm\/jjjj)\" value=\"\" type=\"text\" name=\"arrivo\" \/><\/span>\n\t\t\t\t<\/p>\n\t\t\t<\/div>\n\t\t\t<div class=\"qodef-column-right\">\n\t\t\t\t<p><span class=\"wpcf7-form-control-wrap\" data-name=\"partenza\"><input size=\"40\" maxlength=\"400\" class=\"wpcf7-form-control wpcf7-text wpcf7-validates-as-required\" autocomplete=\"off\" aria-required=\"true\" aria-invalid=\"false\" placeholder=\"Abreisedatum * (tt\/mm\/jjjj)\" value=\"\" type=\"text\" name=\"partenza\" \/><\/span>\n\t\t\t\t<\/p>\n\t\t\t<\/div>\n\t\t<\/div>\n\t<\/div>\n\t<div class=\"qodef-input-holder\">\n\t\t<div class=\"qodef-four-columns\">\n\t\t\t<div class=\"qodef-column\">\n\t\t\t\t<p><span class=\"wpcf7-form-control-wrap\" data-name=\"adulti\"><input size=\"40\" maxlength=\"400\" class=\"wpcf7-form-control wpcf7-text wpcf7-validates-as-required\" autocomplete=\"off\" aria-required=\"true\" aria-invalid=\"false\" placeholder=\"Erwachsene *\" value=\"\" type=\"text\" name=\"adulti\" \/><\/span>\n\t\t\t\t<\/p>\n\t\t\t<\/div>\n\t\t\t<div class=\"qodef-column\">\n\t\t\t\t<div class=\"qodef-column-inner\">\n\t\t\t\t\t<p><span class=\"wpcf7-form-control-wrap\" data-name=\"bambini\"><input size=\"40\" maxlength=\"400\" class=\"wpcf7-form-control wpcf7-text\" autocomplete=\"off\" aria-invalid=\"false\" placeholder=\"Kinder\" value=\"\" type=\"text\" name=\"bambini\" \/><\/span>\n\t\t\t\t\t<\/p>\n\t\t\t\t<\/div>\n\t\t\t<\/div>\n\t\t\t<div class=\"qodef-column\">\n\t\t\t\t<div class=\"qodef-column-inner\">\n\t\t\t\t\t<p><span class=\"wpcf7-form-control-wrap\" data-name=\"etabambini\"><input size=\"40\" maxlength=\"400\" class=\"wpcf7-form-control wpcf7-text\" autocomplete=\"off\" aria-invalid=\"false\" placeholder=\"Alte Kinder\" value=\"\" type=\"text\" name=\"etabambini\" \/><\/span>\n\t\t\t\t\t<\/p>\n\t\t\t\t<\/div>\n\t\t\t<\/div>\n\t\t\t<div class=\"qodef-column\">\n\t\t\t\t<div style=\"padding: 12px 10px 9px 20px; border: 2px solid #dadada; margin-bottom:14px; font-size: 13px;\">\n\t\t\t\t\t<p>Haustiere: <span class=\"wpcf7-form-control-wrap\" data-name=\"animali\"><span class=\"wpcf7-form-control wpcf7-radio\"><span class=\"wpcf7-list-item first\"><input type=\"radio\" name=\"animali\" value=\"Ja\" \/><span class=\"wpcf7-list-item-label\">Ja<\/span><\/span><span class=\"wpcf7-list-item last\"><input type=\"radio\" name=\"animali\" value=\"Nein\" \/><span class=\"wpcf7-list-item-label\">Nein<\/span><\/span><\/span><\/span>\n\t\t\t\t\t<\/p>\n\t\t\t\t<\/div>\n\t\t\t<\/div>\n\t\t<\/div>\n\t<\/div>\n\t<div>\n\t\t<p>&nbsp;\n\t\t<\/p>\n\t<\/div>\n\t<p style=\"font-size: 13px;\"><span class=\"wpcf7-form-control-wrap\" data-name=\"note\"><textarea cols=\"40\" rows=\"10\" maxlength=\"2000\" class=\"wpcf7-form-control wpcf7-textarea\" aria-invalid=\"false\" placeholder=\"Nachricht\" name=\"note\"><\/textarea><\/span><br \/>\nWir informieren Sie, dass die Daten, die Sie zur Verf\u00fcgung stellen, auf computergest\u00fctzte Weise in \u00dcbereinstimmung mit den in der geltenden Datenschutzgesetzgebung (EU-Verordnung Nr. 679 von 2016) festgelegten Grunds\u00e4tzen verarbeitet werden, um die angeforderten Informationen zu liefern und schlie\u00dflich Best\u00e4tigen Sie die Buchung von Zimmern und anderen Dienstleistungen. Die vollst\u00e4ndigen Informationen \u00fcber die Methoden und Zwecke der durchgef\u00fchrten Handlungen sind in den <a href=\"\/de\/privacy-policy\/\">Datenschutzrichtlinien<\/a> enthalten.<br \/>\nMan kann jedoch jederzeit die L\u00f6schung seiner Daten verlangen. Bitte beachten Sie auch, dass Sie, um mit der Verarbeitung personenbezogener Daten einverstanden zu sein, mindestens 16 Jahre alt sein m\u00fcssen.<br \/>\n<span class=\"wpcf7-form-control-wrap\" data-name=\"privacy\"><span class=\"wpcf7-form-control wpcf7-acceptance\"><span class=\"wpcf7-list-item\"><input type=\"checkbox\" name=\"privacy\" value=\"1\" aria-invalid=\"false\" \/><\/span><\/span><\/span> Ich best\u00e4tige die oben genannten Informationen.\n\t<\/p>\n\t<p><input class=\"wpcf7-form-control wpcf7-submit has-spinner\" type=\"submit\" value=\"Anfrage senden\" \/>\n\t<\/p>\n<\/div><div class=\"wpcf7-response-output\" aria-hidden=\"true\"><\/div>\n<\/form>\n<\/div>\n[\/vc_column][\/vc_row]<\/p>\n<\/section>","protected":false},"excerpt":{"rendered":"<p>[vc_row full_screen_section_height=&#8220;no&#8220;][vc_column offset=&#8220;vc_col-lg-offset-1 vc_col-lg-10&#8243;][\/vc_column][\/vc_row]<\/p>\n","protected":false},"author":1,"featured_media":0,"parent":12934,"menu_order":1,"comment_status":"closed","ping_status":"closed","template":"","meta":{"footnotes":""},"class_list":["post-12943","page","type-page","status-publish","hentry"],"yoast_head":"<!-- This site is optimized with the Yoast SEO plugin v24.4 - https:\/\/yoast.com\/wordpress\/plugins\/seo\/ -->\n<title>Anfrage Informationen Hotel Tre Colonne, Marina di Campo, Insel Elba<\/title>\n<meta name=\"robots\" content=\"index, follow, max-snippet:-1, max-image-preview:large, max-video-preview:-1\" \/>\n<link rel=\"canonical\" href=\"https:\/\/www.hoteltrecolonne.it\/de\/info-und-buchungen\/anfragen\/\" \/>\n<meta property=\"og:locale\" content=\"de_DE\" \/>\n<meta property=\"og:type\" content=\"article\" \/>\n<meta property=\"og:title\" content=\"Anfrage Informationen Hotel Tre Colonne, Marina di Campo, Insel Elba\" \/>\n<meta property=\"og:description\" content=\"[vc_row full_screen_section_height=&#8220;no&#8220;][vc_column offset=&#8220;vc_col-lg-offset-1 vc_col-lg-10&#8243;][\/vc_column][\/vc_row]\" \/>\n<meta property=\"og:url\" content=\"https:\/\/www.hoteltrecolonne.it\/de\/info-und-buchungen\/anfragen\/\" \/>\n<meta property=\"og:site_name\" content=\"Hotel Tre Colonne\" \/>\n<meta property=\"article:modified_time\" content=\"2017-04-07T12:50:52+00:00\" \/>\n<meta name=\"twitter:card\" content=\"summary_large_image\" \/>\n<script type=\"application\/ld+json\" class=\"yoast-schema-graph\">{\"@context\":\"https:\/\/schema.org\",\"@graph\":[{\"@type\":\"WebPage\",\"@id\":\"https:\/\/www.hoteltrecolonne.it\/de\/info-und-buchungen\/anfragen\/\",\"url\":\"https:\/\/www.hoteltrecolonne.it\/de\/info-und-buchungen\/anfragen\/\",\"name\":\"Anfrage Informationen Hotel Tre Colonne, Marina di Campo, Insel Elba\",\"isPartOf\":{\"@id\":\"https:\/\/www.hoteltrecolonne.it\/#website\"},\"datePublished\":\"2017-02-03T15:23:03+00:00\",\"dateModified\":\"2017-04-07T12:50:52+00:00\",\"breadcrumb\":{\"@id\":\"https:\/\/www.hoteltrecolonne.it\/de\/info-und-buchungen\/anfragen\/#breadcrumb\"},\"inLanguage\":\"de\",\"potentialAction\":[{\"@type\":\"ReadAction\",\"target\":[\"https:\/\/www.hoteltrecolonne.it\/de\/info-und-buchungen\/anfragen\/\"]}]},{\"@type\":\"BreadcrumbList\",\"@id\":\"https:\/\/www.hoteltrecolonne.it\/de\/info-und-buchungen\/anfragen\/#breadcrumb\",\"itemListElement\":[{\"@type\":\"ListItem\",\"position\":1,\"name\":\"Home\",\"item\":\"https:\/\/www.hoteltrecolonne.it\/de\/\"},{\"@type\":\"ListItem\",\"position\":2,\"name\":\"Info und Buchungen\",\"item\":\"https:\/\/www.hoteltrecolonne.it\/de\/info-und-buchungen\/\"},{\"@type\":\"ListItem\",\"position\":3,\"name\":\"Anfragen\"}]},{\"@type\":\"WebSite\",\"@id\":\"https:\/\/www.hoteltrecolonne.it\/#website\",\"url\":\"https:\/\/www.hoteltrecolonne.it\/\",\"name\":\"Hotel Tre Colonne\",\"description\":\"Hotel 3 stelle a Marina di Campo\",\"potentialAction\":[{\"@type\":\"SearchAction\",\"target\":{\"@type\":\"EntryPoint\",\"urlTemplate\":\"https:\/\/www.hoteltrecolonne.it\/?s={search_term_string}\"},\"query-input\":{\"@type\":\"PropertyValueSpecification\",\"valueRequired\":true,\"valueName\":\"search_term_string\"}}],\"inLanguage\":\"de\"}]}<\/script>\n<!-- \/ Yoast SEO plugin. -->","yoast_head_json":{"title":"Anfrage Informationen Hotel Tre Colonne, Marina di Campo, Insel Elba","robots":{"index":"index","follow":"follow","max-snippet":"max-snippet:-1","max-image-preview":"max-image-preview:large","max-video-preview":"max-video-preview:-1"},"canonical":"https:\/\/www.hoteltrecolonne.it\/de\/info-und-buchungen\/anfragen\/","og_locale":"de_DE","og_type":"article","og_title":"Anfrage Informationen Hotel Tre Colonne, Marina di Campo, Insel Elba","og_description":"[vc_row full_screen_section_height=&#8220;no&#8220;][vc_column offset=&#8220;vc_col-lg-offset-1 vc_col-lg-10&#8243;][\/vc_column][\/vc_row]","og_url":"https:\/\/www.hoteltrecolonne.it\/de\/info-und-buchungen\/anfragen\/","og_site_name":"Hotel Tre Colonne","article_modified_time":"2017-04-07T12:50:52+00:00","twitter_card":"summary_large_image","schema":{"@context":"https:\/\/schema.org","@graph":[{"@type":"WebPage","@id":"https:\/\/www.hoteltrecolonne.it\/de\/info-und-buchungen\/anfragen\/","url":"https:\/\/www.hoteltrecolonne.it\/de\/info-und-buchungen\/anfragen\/","name":"Anfrage Informationen Hotel Tre Colonne, Marina di Campo, Insel Elba","isPartOf":{"@id":"https:\/\/www.hoteltrecolonne.it\/#website"},"datePublished":"2017-02-03T15:23:03+00:00","dateModified":"2017-04-07T12:50:52+00:00","breadcrumb":{"@id":"https:\/\/www.hoteltrecolonne.it\/de\/info-und-buchungen\/anfragen\/#breadcrumb"},"inLanguage":"de","potentialAction":[{"@type":"ReadAction","target":["https:\/\/www.hoteltrecolonne.it\/de\/info-und-buchungen\/anfragen\/"]}]},{"@type":"BreadcrumbList","@id":"https:\/\/www.hoteltrecolonne.it\/de\/info-und-buchungen\/anfragen\/#breadcrumb","itemListElement":[{"@type":"ListItem","position":1,"name":"Home","item":"https:\/\/www.hoteltrecolonne.it\/de\/"},{"@type":"ListItem","position":2,"name":"Info und Buchungen","item":"https:\/\/www.hoteltrecolonne.it\/de\/info-und-buchungen\/"},{"@type":"ListItem","position":3,"name":"Anfragen"}]},{"@type":"WebSite","@id":"https:\/\/www.hoteltrecolonne.it\/#website","url":"https:\/\/www.hoteltrecolonne.it\/","name":"Hotel Tre Colonne","description":"Hotel 3 stelle a Marina di Campo","potentialAction":[{"@type":"SearchAction","target":{"@type":"EntryPoint","urlTemplate":"https:\/\/www.hoteltrecolonne.it\/?s={search_term_string}"},"query-input":{"@type":"PropertyValueSpecification","valueRequired":true,"valueName":"search_term_string"}}],"inLanguage":"de"}]}},"_links":{"self":[{"href":"https:\/\/www.hoteltrecolonne.it\/de\/wp-json\/wp\/v2\/pages\/12943","targetHints":{"allow":["GET"]}}],"collection":[{"href":"https:\/\/www.hoteltrecolonne.it\/de\/wp-json\/wp\/v2\/pages"}],"about":[{"href":"https:\/\/www.hoteltrecolonne.it\/de\/wp-json\/wp\/v2\/types\/page"}],"author":[{"embeddable":true,"href":"https:\/\/www.hoteltrecolonne.it\/de\/wp-json\/wp\/v2\/users\/1"}],"replies":[{"embeddable":true,"href":"https:\/\/www.hoteltrecolonne.it\/de\/wp-json\/wp\/v2\/comments?post=12943"}],"version-history":[{"count":1,"href":"https:\/\/www.hoteltrecolonne.it\/de\/wp-json\/wp\/v2\/pages\/12943\/revisions"}],"predecessor-version":[{"id":12944,"href":"https:\/\/www.hoteltrecolonne.it\/de\/wp-json\/wp\/v2\/pages\/12943\/revisions\/12944"}],"up":[{"embeddable":true,"href":"https:\/\/www.hoteltrecolonne.it\/de\/wp-json\/wp\/v2\/pages\/12934"}],"wp:attachment":[{"href":"https:\/\/www.hoteltrecolonne.it\/de\/wp-json\/wp\/v2\/media?parent=12943"}],"curies":[{"name":"wp","href":"https:\/\/api.w.org\/{rel}","templated":true}]}}