{"id":12982,"date":"2017-02-03T16:26:18","date_gmt":"2017-02-03T15:26:18","guid":{"rendered":"http:\/\/www.hoteltrecolonne.it\/news-e-offerte\/"},"modified":"2017-04-10T14:12:58","modified_gmt":"2017-04-10T12:12:58","slug":"news-und-angebote","status":"publish","type":"page","link":"https:\/\/www.hoteltrecolonne.it\/de\/news-und-angebote\/","title":{"rendered":"News und Angebote"},"content":{"rendered":"<section class=\"wpb-content-wrapper\"><p>[vc_row full_screen_section_height=&#8220;no&#8220;][vc_column width=&#8220;1\/3&#8243; css=&#8220;.vc_custom_1490182238673{padding-right: 1rem !important;padding-left: 1rem !important;}&#8220;][vc_column_text css=&#8220;.vc_custom_1491826422615{padding-top: 2rem !important;padding-right: 2rem !important;padding-bottom: 2rem !important;padding-left: 2rem !important;background-color: rgba(244,138,49,0.1) !important;*background-color: rgb(244,138,49) !important;border-radius: 5px !important;}&#8220;]<\/p>\n<h5>Angebote f\u00fcr Fr\u00fchbucher<\/h5>\n<p>Sie buchen 60 Tage im Voraus, einen Mindestaufenthalt von 7 N\u00e4chten, dann haben Sie ein Recht auf folgende K\u00fcrzungen:<\/p>\n<ul>\n<li>vom 28\/5 bis 24\/6: Rabatt 2 \u20ac pro Pers.\/Tag<\/li>\n<li>vom 25\/6 bis 01\/8: Rabatt 3 \u20ac pro Pers.\/Tag<\/li>\n<li>vom 20\/8 bis 26\/8: Rabatt 3 \u20ac pro Pers.\/Tag<\/li>\n<li>vom 27\/8 bis 30\/9: Rabatt 2 \u20ac pro Pers.\/Tag<\/li>\n<\/ul>\n<p>[\/vc_column_text][\/vc_column][vc_column width=&#8220;1\/3&#8243; css=&#8220;.vc_custom_1490182220618{padding-right: 1rem !important;padding-left: 1rem !important;}&#8220;][vc_column_text css=&#8220;.vc_custom_1491826508899{padding-top: 2rem !important;padding-right: 2rem !important;padding-bottom: 2rem !important;padding-left: 2rem !important;background-color: rgba(244,138,49,0.1) !important;*background-color: rgb(244,138,49) !important;border-radius: 5px !important;}&#8220;]<\/p>\n<h5>Erm\u00e4ssigung f\u00fcr 3. Bett<\/h5>\n<p>Kinder\/Jugendliche:<\/p>\n<ul>\n<li>von 2 bis 4 Jahre -30%<\/li>\n<li>von 4 bis 8 Jahre -25%<\/li>\n<li>von 8 bis 14 Jahre -20%<\/li>\n<\/ul>\n<p>[\/vc_column_text][\/vc_column][vc_column width=&#8220;1\/3&#8243;][\/vc_column][\/vc_row]<\/p>\n<\/section>","protected":false},"excerpt":{"rendered":"<p>[vc_row full_screen_section_height=&#8220;no&#8220;][vc_column width=&#8220;1\/3&#8243; css=&#8220;.vc_custom_1490182238673{padding-right: 1rem !important;padding-left: 1rem !important;}&#8220;][vc_column_text css=&#8220;.vc_custom_1491826422615{padding-top: 2rem !important;padding-right: 2rem !important;padding-bottom: 2rem !important;padding-left: 2rem !important;background-color: rgba(244,138,49,0.1) !important;*background-color: rgb(244,138,49) !important;border-radius: 5px !important;}&#8220;] Angebote f\u00fcr Fr\u00fchbucher Sie buchen 60 Tage im Voraus, einen Mindestaufenthalt von 7 N\u00e4chten, dann haben Sie ein Recht auf folgende K\u00fcrzungen:&#8230;<\/p>\n","protected":false},"author":1,"featured_media":0,"parent":0,"menu_order":8,"comment_status":"closed","ping_status":"closed","template":"","meta":{"footnotes":""},"class_list":["post-12982","page","type-page","status-publish","hentry"],"yoast_head":"<!-- This site is optimized with the Yoast SEO plugin v24.4 - https:\/\/yoast.com\/wordpress\/plugins\/seo\/ -->\n<title>News und angebote Hotel Tre Colonne, Marina di Campo, Insel Elba<\/title>\n<meta name=\"robots\" content=\"index, follow, max-snippet:-1, max-image-preview:large, max-video-preview:-1\" \/>\n<link rel=\"canonical\" href=\"https:\/\/www.hoteltrecolonne.it\/de\/news-und-angebote\/\" \/>\n<meta property=\"og:locale\" content=\"de_DE\" \/>\n<meta property=\"og:type\" content=\"article\" \/>\n<meta property=\"og:title\" content=\"News und angebote Hotel Tre Colonne, Marina di Campo, Insel Elba\" \/>\n<meta property=\"og:description\" content=\"[vc_row full_screen_section_height=&#8220;no&#8220;][vc_column width=&#8220;1\/3&#8243; css=&#8220;.vc_custom_1490182238673{padding-right: 1rem !important;padding-left: 1rem !important;}&#8220;][vc_column_text css=&#8220;.vc_custom_1491826422615{padding-top: 2rem !important;padding-right: 2rem !important;padding-bottom: 2rem !important;padding-left: 2rem !important;background-color: rgba(244,138,49,0.1) !important;*background-color: rgb(244,138,49) !important;border-radius: 5px !important;}&#8220;] Angebote f\u00fcr Fr\u00fchbucher Sie buchen 60 Tage im Voraus, einen Mindestaufenthalt von 7 N\u00e4chten, dann haben Sie ein Recht auf folgende K\u00fcrzungen:...\" \/>\n<meta property=\"og:url\" content=\"https:\/\/www.hoteltrecolonne.it\/de\/news-und-angebote\/\" \/>\n<meta property=\"og:site_name\" content=\"Hotel Tre Colonne\" \/>\n<meta property=\"article:modified_time\" content=\"2017-04-10T12:12:58+00:00\" \/>\n<meta name=\"twitter:card\" content=\"summary_large_image\" \/>\n<meta name=\"twitter:label1\" content=\"Gesch\u00e4tzte Lesezeit\" \/>\n\t<meta name=\"twitter:data1\" content=\"1\u00a0Minute\" \/>\n<script type=\"application\/ld+json\" class=\"yoast-schema-graph\">{\"@context\":\"https:\/\/schema.org\",\"@graph\":[{\"@type\":\"WebPage\",\"@id\":\"https:\/\/www.hoteltrecolonne.it\/de\/news-und-angebote\/\",\"url\":\"https:\/\/www.hoteltrecolonne.it\/de\/news-und-angebote\/\",\"name\":\"News und angebote Hotel Tre Colonne, Marina di Campo, Insel Elba\",\"isPartOf\":{\"@id\":\"https:\/\/www.hoteltrecolonne.it\/#website\"},\"datePublished\":\"2017-02-03T15:26:18+00:00\",\"dateModified\":\"2017-04-10T12:12:58+00:00\",\"breadcrumb\":{\"@id\":\"https:\/\/www.hoteltrecolonne.it\/de\/news-und-angebote\/#breadcrumb\"},\"inLanguage\":\"de\",\"potentialAction\":[{\"@type\":\"ReadAction\",\"target\":[\"https:\/\/www.hoteltrecolonne.it\/de\/news-und-angebote\/\"]}]},{\"@type\":\"BreadcrumbList\",\"@id\":\"https:\/\/www.hoteltrecolonne.it\/de\/news-und-angebote\/#breadcrumb\",\"itemListElement\":[{\"@type\":\"ListItem\",\"position\":1,\"name\":\"Home\",\"item\":\"https:\/\/www.hoteltrecolonne.it\/de\/\"},{\"@type\":\"ListItem\",\"position\":2,\"name\":\"News und Angebote\"}]},{\"@type\":\"WebSite\",\"@id\":\"https:\/\/www.hoteltrecolonne.it\/#website\",\"url\":\"https:\/\/www.hoteltrecolonne.it\/\",\"name\":\"Hotel Tre Colonne\",\"description\":\"Hotel 3 stelle a Marina di Campo\",\"potentialAction\":[{\"@type\":\"SearchAction\",\"target\":{\"@type\":\"EntryPoint\",\"urlTemplate\":\"https:\/\/www.hoteltrecolonne.it\/?s={search_term_string}\"},\"query-input\":{\"@type\":\"PropertyValueSpecification\",\"valueRequired\":true,\"valueName\":\"search_term_string\"}}],\"inLanguage\":\"de\"}]}<\/script>\n<!-- \/ Yoast SEO plugin. -->","yoast_head_json":{"title":"News und angebote Hotel Tre Colonne, Marina di Campo, Insel Elba","robots":{"index":"index","follow":"follow","max-snippet":"max-snippet:-1","max-image-preview":"max-image-preview:large","max-video-preview":"max-video-preview:-1"},"canonical":"https:\/\/www.hoteltrecolonne.it\/de\/news-und-angebote\/","og_locale":"de_DE","og_type":"article","og_title":"News und angebote Hotel Tre Colonne, Marina di Campo, Insel Elba","og_description":"[vc_row full_screen_section_height=&#8220;no&#8220;][vc_column width=&#8220;1\/3&#8243; css=&#8220;.vc_custom_1490182238673{padding-right: 1rem !important;padding-left: 1rem !important;}&#8220;][vc_column_text css=&#8220;.vc_custom_1491826422615{padding-top: 2rem !important;padding-right: 2rem !important;padding-bottom: 2rem !important;padding-left: 2rem !important;background-color: rgba(244,138,49,0.1) !important;*background-color: rgb(244,138,49) !important;border-radius: 5px !important;}&#8220;] Angebote f\u00fcr Fr\u00fchbucher Sie buchen 60 Tage im Voraus, einen Mindestaufenthalt von 7 N\u00e4chten, dann haben Sie ein Recht auf folgende K\u00fcrzungen:...","og_url":"https:\/\/www.hoteltrecolonne.it\/de\/news-und-angebote\/","og_site_name":"Hotel Tre Colonne","article_modified_time":"2017-04-10T12:12:58+00:00","twitter_card":"summary_large_image","twitter_misc":{"Gesch\u00e4tzte Lesezeit":"1\u00a0Minute"},"schema":{"@context":"https:\/\/schema.org","@graph":[{"@type":"WebPage","@id":"https:\/\/www.hoteltrecolonne.it\/de\/news-und-angebote\/","url":"https:\/\/www.hoteltrecolonne.it\/de\/news-und-angebote\/","name":"News und angebote Hotel Tre Colonne, Marina di Campo, Insel Elba","isPartOf":{"@id":"https:\/\/www.hoteltrecolonne.it\/#website"},"datePublished":"2017-02-03T15:26:18+00:00","dateModified":"2017-04-10T12:12:58+00:00","breadcrumb":{"@id":"https:\/\/www.hoteltrecolonne.it\/de\/news-und-angebote\/#breadcrumb"},"inLanguage":"de","potentialAction":[{"@type":"ReadAction","target":["https:\/\/www.hoteltrecolonne.it\/de\/news-und-angebote\/"]}]},{"@type":"BreadcrumbList","@id":"https:\/\/www.hoteltrecolonne.it\/de\/news-und-angebote\/#breadcrumb","itemListElement":[{"@type":"ListItem","position":1,"name":"Home","item":"https:\/\/www.hoteltrecolonne.it\/de\/"},{"@type":"ListItem","position":2,"name":"News und Angebote"}]},{"@type":"WebSite","@id":"https:\/\/www.hoteltrecolonne.it\/#website","url":"https:\/\/www.hoteltrecolonne.it\/","name":"Hotel Tre Colonne","description":"Hotel 3 stelle a Marina di Campo","potentialAction":[{"@type":"SearchAction","target":{"@type":"EntryPoint","urlTemplate":"https:\/\/www.hoteltrecolonne.it\/?s={search_term_string}"},"query-input":{"@type":"PropertyValueSpecification","valueRequired":true,"valueName":"search_term_string"}}],"inLanguage":"de"}]}},"_links":{"self":[{"href":"https:\/\/www.hoteltrecolonne.it\/de\/wp-json\/wp\/v2\/pages\/12982","targetHints":{"allow":["GET"]}}],"collection":[{"href":"https:\/\/www.hoteltrecolonne.it\/de\/wp-json\/wp\/v2\/pages"}],"about":[{"href":"https:\/\/www.hoteltrecolonne.it\/de\/wp-json\/wp\/v2\/types\/page"}],"author":[{"embeddable":true,"href":"https:\/\/www.hoteltrecolonne.it\/de\/wp-json\/wp\/v2\/users\/1"}],"replies":[{"embeddable":true,"href":"https:\/\/www.hoteltrecolonne.it\/de\/wp-json\/wp\/v2\/comments?post=12982"}],"version-history":[{"count":2,"href":"https:\/\/www.hoteltrecolonne.it\/de\/wp-json\/wp\/v2\/pages\/12982\/revisions"}],"predecessor-version":[{"id":12984,"href":"https:\/\/www.hoteltrecolonne.it\/de\/wp-json\/wp\/v2\/pages\/12982\/revisions\/12984"}],"wp:attachment":[{"href":"https:\/\/www.hoteltrecolonne.it\/de\/wp-json\/wp\/v2\/media?parent=12982"}],"curies":[{"name":"wp","href":"https:\/\/api.w.org\/{rel}","templated":true}]}}